{"id":55810,"date":"2019-05-01T16:11:39","date_gmt":"2019-05-01T14:11:39","guid":{"rendered":"https:\/\/jagdverband.it\/hundeclubs-copy\/"},"modified":"2025-05-27T10:59:24","modified_gmt":"2025-05-27T08:59:24","slug":"cani-da-caccia","status":"publish","type":"page","link":"https:\/\/jagdverband.it\/it\/cani-da-caccia\/","title":{"rendered":"Cani da caccia"},"content":{"rendered":"<p>[et_pb_section fb_built=&#8221;1&#8243; fullwidth=&#8221;on&#8221; _builder_version=&#8221;4.16&#8243; global_colors_info=&#8221;{}&#8221;][et_pb_fullwidth_header title=&#8221;Cani da caccia&#8221; _builder_version=&#8221;4.16&#8243; title_level=&#8221;h2&#8243; title_font=&#8221;||||||||&#8221; title_text_align=&#8221;left&#8221; title_font_size=&#8221;40px&#8221; content_font=&#8221;||||||||&#8221; content_font_size=&#8221;20px&#8221; content_line_height=&#8221;1.8em&#8221; subhead_font=&#8221;||||||||&#8221; background_color=&#8221;rgba(255,255,255,0)&#8221; background_color_gradient_direction=&#8221;90deg&#8221; background_image=&#8221;https:\/\/jagdverband.it\/wp-content\/uploads\/2019\/05\/h3-min-1.jpg&#8221; custom_button_one=&#8221;on&#8221; button_one_text_size=&#8221;18px&#8221; button_one_bg_color=&#8221;#02d002&#8243; button_one_border_width=&#8221;8px&#8221; button_one_border_color=&#8221;#02d002&#8243; button_one_border_radius=&#8221;0px&#8221; button_one_letter_spacing=&#8221;1px&#8221; button_one_font=&#8221;Lato|700|||||||&#8221; button_one_use_icon=&#8221;off&#8221; custom_button_two=&#8221;on&#8221; button_two_text_size=&#8221;18px&#8221; button_two_text_color=&#8221;#353740&#8243; button_two_bg_color=&#8221;#ffffff&#8221; button_two_border_width=&#8221;8px&#8221; button_two_border_color=&#8221;#ffffff&#8221; button_two_border_radius=&#8221;0px&#8221; button_two_letter_spacing=&#8221;1px&#8221; button_two_font=&#8221;Lato|700|||||||&#8221; button_two_use_icon=&#8221;off&#8221; custom_margin=&#8221;|||&#8221; custom_padding=&#8221;5%||5%|&#8221; hover_transition_duration=&#8221;0ms&#8221; hover_transition_speed_curve=&#8221;linear&#8221; title_font_size_tablet=&#8221;35px&#8221; title_font_size_phone=&#8221;30px&#8221; title_font_size_last_edited=&#8221;on|phone&#8221; button_one_letter_spacing_hover=&#8221;1px&#8221; button_two_letter_spacing_hover=&#8221;1px&#8221; global_colors_info=&#8221;{}&#8221; button_one_text_size__hover_enabled=&#8221;off&#8221; button_two_text_size__hover_enabled=&#8221;off&#8221; button_one_text_color__hover_enabled=&#8221;off&#8221; button_two_text_color__hover_enabled=&#8221;off&#8221; button_one_border_width__hover_enabled=&#8221;off&#8221; button_two_border_width__hover_enabled=&#8221;off&#8221; button_one_border_color__hover_enabled=&#8221;off&#8221; button_two_border_color__hover_enabled=&#8221;off&#8221; button_one_border_radius__hover_enabled=&#8221;off&#8221; button_two_border_radius__hover_enabled=&#8221;off&#8221; button_one_letter_spacing__hover_enabled=&#8221;on&#8221; button_one_letter_spacing__hover=&#8221;1px&#8221; button_two_letter_spacing__hover_enabled=&#8221;on&#8221; button_two_letter_spacing__hover=&#8221;1px&#8221; button_one_bg_color__hover_enabled=&#8221;off&#8221; button_two_bg_color__hover_enabled=&#8221;off&#8221;][\/et_pb_fullwidth_header][\/et_pb_section][et_pb_section fb_built=&#8221;1&#8243; specialty=&#8221;on&#8221; _builder_version=&#8221;4.16&#8243; global_colors_info=&#8221;{}&#8221;][et_pb_column type=&#8221;3_4&#8243; specialty_columns=&#8221;3&#8243; _builder_version=&#8221;4.16&#8243; custom_padding=&#8221;|||&#8221; global_colors_info=&#8221;{}&#8221; parallax__hover=&#8221;off&#8221; parallax_method__hover=&#8221;on&#8221; custom_padding__hover=&#8221;|||&#8221;][et_pb_row_inner _builder_version=&#8221;4.16&#8243; custom_padding=&#8221;0|0px|13.5px|0px|false|false&#8221; global_colors_info=&#8221;{}&#8221;][et_pb_column_inner saved_specialty_column_type=&#8221;3_4&#8243; _builder_version=&#8221;4.16&#8243; custom_padding=&#8221;|||&#8221; global_colors_info=&#8221;{}&#8221; parallax__hover=&#8221;off&#8221; parallax_method__hover=&#8221;on&#8221; custom_padding__hover=&#8221;|||&#8221;][et_pb_text _builder_version=&#8221;4.16&#8243; min_height=&#8221;153px&#8221; global_colors_info=&#8221;{}&#8221;]<\/p>\n<h1><strong>Cani da caccia\u00a0<\/strong><\/h1>\n<p>Per secoli i cani da caccia sono stati allevati per varie attivit\u00e0 venatorie. Ci sono cani da ferma, cani da riporto, cani da traccia, cani da seguita, cani da cerca, cani da tana \u2026 ma alcuni cani possono essere utilizzati anche in modo versatile durante la caccia. Per addestrare un buon cane da caccia ci vuole molto tempo, pazienza e competenza e non tutti i cacciatori hanno la possibilit\u00e0 di condurre un cane. Ma chi ha la fortuna di andare a caccia insieme al proprio fedele compagno, vivr\u00e0 esperienze indimenticabili.\u00a0<\/p>\n<p>[\/et_pb_text][et_pb_text _builder_version=&#8221;4.18.0&#8243; global_colors_info=&#8221;{}&#8221;]<\/p>\n<h1>Cani da traccia e da lavoro e i loro conduttori<\/h1>\n<div>\n<p>In Alto Adige ci sono pi\u00f9 di 250 affiatati team formati da cani da traccia e dai loro conduttori,\u00a0 tutti specialisti esperti nel loro settore,\u00a0 che possono essere chiamati in operazioni di controllo e di ricerca.<\/p>\n<p>L&#8217;Associazione conduttori cani da traccia e da lavoro altoatesini (Accta) promuove l&#8217;addestramento dei cani da traccia e la formazione dei loro conduttori.<\/p>\n<p>Coordinate bancarie dell&#8217;Associazione cani da traccia e da lavoro altoatesini:<br \/>Cassa Raiffeisen di Terlano<br \/>IBAN: IT 33 I 08269 58960 000300216364\u00a0 BIC: RZSBIT21042<\/p>\n<p>Informazioni e contatti su richiesta tramite l&#8217;Associazione Cacciatori Alto Adige:<br \/>Alessandra Beneduce,\u00a0 \u00a0tel. 0471 061 703,<br \/>e-mail:<strong>\u00a0<a href=\"mailto:alessandra.beneduce@jagdverband.it\">alessandra.beneduce@caccia.bz.it<\/a><\/strong><\/p>\n<\/div>\n<p>[\/et_pb_text][et_pb_divider color=&#8221;#e6e6e6&#8243; _builder_version=&#8221;4.16&#8243; global_colors_info=&#8221;{}&#8221;][\/et_pb_divider][et_pb_text _builder_version=&#8221;4.18.0&#8243; global_colors_info=&#8221;{}&#8221;]<\/p>\n<h3>Membri del direttivo<\/h3>\n<p>Presidente Paul Gassebner<br \/>Vicepresidente Helmuth Piccolruaz<\/p>\n<p>Distretto di Bolzano: Johann Rungaldier, Tel. 348 9896981, <a href=\"mailto:rungaldier.h@gmail.com\">rungaldier.h@gmail.com<\/a><br \/>Distretto di Bressanone: Hubert Kerschbaumer, Tel. 333 4713967, <a href=\"mailto:kerschbaumerh@yahoo.de\">kerschbaumerh@yahoo.de<\/a><br \/>Distretto di Brunico: Friedrich Notdurfter, Tel. 348 4447481, <a href=\"mailto:friedl.notdurfter@bracken.at\">friedl.notdurfter@bracken.at<\/a><br \/>Distretto di Merano: Paul Gassebner, Tel. 335 1860965, <a href=\"mailto:paul.gassebner@rolmail.net\">paul.gassebner@rolmail.net<\/a><br \/>Distretto dell&#8217;Alta Pusteria: Norbert Franzelin, Tel. 388 0995039, <a href=\"mailto:norbertfranzelin57@gmail.com\">norbertfranzelin57@gmail.com<\/a><br \/>Distretto di Vipiteno: Hartmann Wurzer, Tel. 333 4569022, <a href=\"mailto:hartmann.wurzer@live.it\">hartmann.wurzer@live.it<\/a><br \/>Distretto della Bassa Atesina: Armin Gschnell, Tel. 331 8345022, <a href=\"mailto:armingschnell@yahoo.de\">armingschnell@yahoo.de<\/a><br \/>Distretto della Val Venosta: Kaspar G\u00f6tsch, Tel. 338 4359485, <a href=\"mailto:kaspar.goetsch@live.de\">kaspar.goetsch@live.de<\/a><br \/>Rappresentante del gruppo linguistico italiano: Franco Gallazzini, Tel. 338 6322237, <a href=\"mailto:gallazzinifranco@gmail.com\">gallazzinifranco@gmail.com<\/a><br \/>Rappresentante del gruppo linguistico ladino: Helmuth Piccolruaz, Tel. 335 6175089, <a href=\"mailto:helmut.piccolruaz@gmail.com\">helmut.piccolruaz@gmail.com<\/a><\/p>\n<p>Revisori dei conti Albert Bernhart e Hubert Leiter<\/p>\n<p>Cassiere Doris Ausserer<br \/>Segretario Kaspar G\u00f6tsch<\/p>\n<p>&nbsp;<\/p>\n<p>[\/et_pb_text][\/et_pb_column_inner][\/et_pb_row_inner][et_pb_row_inner _builder_version=&#8221;4.16&#8243; custom_padding=&#8221;12px||4px|||&#8221; global_colors_info=&#8221;{}&#8221;][et_pb_column_inner saved_specialty_column_type=&#8221;3_4&#8243; _builder_version=&#8221;4.16&#8243; global_colors_info=&#8221;{}&#8221;][et_pb_divider color=&#8221;#e6e6e6&#8243; _builder_version=&#8221;4.16&#8243; global_colors_info=&#8221;{}&#8221;][\/et_pb_divider][\/et_pb_column_inner][\/et_pb_row_inner][et_pb_row_inner column_structure=&#8221;1_2,1_2&#8243; _builder_version=&#8221;4.16&#8243; custom_padding=&#8221;12px||4px|||&#8221; global_colors_info=&#8221;{}&#8221;][et_pb_column_inner type=&#8221;1_2&#8243; saved_specialty_column_type=&#8221;3_4&#8243; _builder_version=&#8221;4.16&#8243; global_colors_info=&#8221;{}&#8221;][et_pb_text _builder_version=&#8221;4.16&#8243; global_colors_info=&#8221;{}&#8221;]<\/p>\n<h2>Download<\/h2>\n<p>[\/et_pb_text][et_pb_blurb title=&#8221;Statuto dell\u2019Associazione conduttori cani da traccia e da lavoro altoatesini&#8221; url=&#8221;https:\/\/jagdverband.it\/wp-content\/uploads\/2023\/07\/Schweisshunde_Statut_NeuApril2023-ITAL_x.pdf&#8221; use_icon=&#8221;on&#8221; font_icon=&#8221;&#xe059;||divi||400&#8243; icon_color=&#8221;rgba(1,68,0,0.74)&#8221; icon_placement=&#8221;left&#8221; image_icon_width=&#8221;25px&#8221; _builder_version=&#8221;4.18.0&#8243; header_level=&#8221;h3&#8243; custom_margin=&#8221;||5px||false|false&#8221; icon_font_size=&#8221;25px&#8221; global_colors_info=&#8221;{}&#8221;][\/et_pb_blurb][et_pb_blurb title=&#8221;Modulo per statistica ricerche selvaggina&#8221; url=&#8221;https:\/\/jagdverband.it\/wp-content\/uploads\/2018\/09\/Nachsuchen-Statistik-Form-2020.pdf&#8221; use_icon=&#8221;on&#8221; font_icon=&#8221;&#xe059;||divi||400&#8243; icon_color=&#8221;rgba(1,68,0,0.74)&#8221; icon_placement=&#8221;left&#8221; image_icon_width=&#8221;25px&#8221; _builder_version=&#8221;4.16&#8243; header_level=&#8221;h3&#8243; custom_margin=&#8221;||5px||false|false&#8221; icon_font_size=&#8221;25px&#8221; global_colors_info=&#8221;{}&#8221;][\/et_pb_blurb][\/et_pb_column_inner][et_pb_column_inner type=&#8221;1_2&#8243; saved_specialty_column_type=&#8221;3_4&#8243; _builder_version=&#8221;4.16&#8243; global_colors_info=&#8221;{}&#8221;][et_pb_text _builder_version=&#8221;4.18.0&#8243; global_colors_info=&#8221;{}&#8221;]<\/p>\n<h2>Conduttori di cani da traccia disponibili per ricerche di selvaggina ferita<\/h2>\n<p>[\/et_pb_text][et_pb_image src=&#8221;https:\/\/jagdverband.it\/wp-content\/uploads\/2024\/04\/Nachsuchen-Hunde2024.jpg&#8221; title_text=&#8221;Nachsuchen-Hunde2024&#8243; url=&#8221;https:\/\/jagdverband.it\/karte-jagdhunde\/&#8221; url_new_window=&#8221;on&#8221; _builder_version=&#8221;4.18.0&#8243; _module_preset=&#8221;default&#8221; global_colors_info=&#8221;{}&#8221;][\/et_pb_image][et_pb_blurb title=&#8221;Conduttori di cani da traccia disponibili per ricerche di selvaggina ferita&#8221; url=&#8221;https:\/\/jagdverband.it\/karte-jagdhunde\/Hunde-fuer-Nachsuche.pdf&#8221; use_icon=&#8221;on&#8221; font_icon=&#8221;&#xe059;||divi||400&#8243; icon_color=&#8221;rgba(1,68,0,0.74)&#8221; icon_placement=&#8221;left&#8221; image_icon_width=&#8221;25px&#8221; _builder_version=&#8221;4.18.0&#8243; header_level=&#8221;h3&#8243; custom_margin=&#8221;||25px||false|false&#8221; icon_font_size=&#8221;25px&#8221; global_colors_info=&#8221;{}&#8221;][\/et_pb_blurb][et_pb_divider color=&#8221;#e6e6e6&#8243; _builder_version=&#8221;4.16&#8243; global_colors_info=&#8221;{}&#8221;][\/et_pb_divider][\/et_pb_column_inner][\/et_pb_row_inner][et_pb_row_inner _builder_version=&#8221;4.16&#8243; custom_padding=&#8221;0|0px|19.5px|0px|false|false&#8221; global_colors_info=&#8221;{}&#8221;][et_pb_column_inner saved_specialty_column_type=&#8221;3_4&#8243; _builder_version=&#8221;4.16&#8243; custom_padding=&#8221;|||&#8221; global_colors_info=&#8221;{}&#8221; parallax__hover=&#8221;off&#8221; parallax_method__hover=&#8221;on&#8221; custom_padding__hover=&#8221;|||&#8221;][et_pb_text _builder_version=&#8221;4.16&#8243; custom_margin=&#8221;||-13px|||&#8221; custom_padding=&#8221;||0px|||&#8221; global_colors_info=&#8221;{}&#8221;]<\/p>\n<h2>Associazioni cinofile e club in Alto Adige<\/h2>\n<p>[\/et_pb_text][\/et_pb_column_inner][\/et_pb_row_inner][et_pb_row_inner _builder_version=&#8221;4.16&#8243; custom_padding=&#8221;2px|0px|37.4531px|0px|false|false&#8221; global_colors_info=&#8221;{}&#8221;][et_pb_column_inner saved_specialty_column_type=&#8221;3_4&#8243; _builder_version=&#8221;4.16&#8243; custom_padding=&#8221;|||&#8221; global_colors_info=&#8221;{}&#8221; parallax__hover=&#8221;off&#8221; parallax_method__hover=&#8221;on&#8221; custom_padding__hover=&#8221;|||&#8221;][et_pb_accordion _builder_version=&#8221;4.18.0&#8243; toggle_level=&#8221;h4&#8243; toggle_font=&#8221;||||||||&#8221; body_font=&#8221;||||||||&#8221; hover_enabled=&#8221;0&#8243; global_colors_info=&#8221;{}&#8221; sticky_enabled=&#8221;0&#8243;][et_pb_accordion_item title=&#8221;Club Tiroler Bracke&#8221; open=&#8221;on&#8221; _builder_version=&#8221;4.18.0&#8243; global_colors_info=&#8221;{}&#8221; toggle_level=&#8221;h3&#8243;]<\/p>\n<p>Il Tiroler Bracke \u00e8 l&#8217;ausiliare ideale per la caccia nel bosco e in montagna. Viene inpiegato nelle braccate alla lepre e alla volpe e come cane da pista su sangue per tutte le specie selvatiche. Il club \u00e8 il riferimento per chi vuole acquisire un cucciolo e organizza le prove su sangue e in braccata e di valutazione dell&#8217;espressione di razza.<\/p>\n<p><strong><a href=\"https:\/\/www.klub-tirolerbracke.at\" target=\"_blank\" rel=\"noopener\">https:\/\/www.klub-tirolerbracke.at<\/a><\/strong><\/p>\n<p><strong>Club Tiroler Bracke Sezione Alto Adige<\/strong><br \/>Andreas Girardini<br \/>Marlengo<br \/>Tel. 335 6975529<br \/>E-Mail: <a href=\"mailto:girardini@karlpichler.it\">girardini@karlpichler.it<\/a><\/p>\n<p>[\/et_pb_accordion_item][et_pb_accordion_item title=&#8221;\u00d6BV &#8211; Associazione austriaca segugi&#8221; _builder_version=&#8221;4.18.0&#8243; global_colors_info=&#8221;{}&#8221; toggle_level=&#8221;h3&#8243; open=&#8221;off&#8221;]<\/p>\n<p>Il Brandlbracke e il Segugio della Stiria non solo sono perfetti per la caccia alla volpe e alla lepre, ma anche per il lavoro sulle piste pi\u00f9 difficili. L&#8217;\u00d6BV \u00e8 stato fondato nel 1950 ed organizza prove attitudinali, di seguita, su sangue, esame completo, oltre a fungere da intermediario per l&#8217;acquisizione di cuccioli.<strong> <a href=\"https:\/\/www.bracken.at\/\" target=\"_blank\" rel=\"noopener\">https:\/\/www.bracken.at\/<\/a><\/strong><\/p>\n<p><strong>\u00d6BV &#8211; Associazioen Austriaca Segugi\u00a0 &#8211; Sezione Alto Adige<\/strong><\/p>\n<p>Friedrich Notdurfter<br \/>San Giovanni &#8211; Valle Aurina<br \/>Tel.: 348 4447481<br \/>E-Mail: friedl.notdurfter@bracken.at<\/p>\n<p><strong><a href=\"https:\/\/www.bracken.at\/verein\/gebietsfuehrung\/suedtirol\/\" target=\"_blank\" rel=\"noopener\">https:\/\/www.bracken.at\/verein\/gebietsfuehrung\/suedtirol\/<\/a><\/strong><\/p>\n<p>[\/et_pb_accordion_item][et_pb_accordion_item title=&#8221;Club Dachsbracke&#8221; _builder_version=&#8221;4.18.0&#8243; hover_enabled=&#8221;0&#8243; global_colors_info=&#8221;{}&#8221; toggle_level=&#8221;h3&#8243; open=&#8221;off&#8221; sticky_enabled=&#8221;0&#8243;]<\/p>\n<p>Il Dachsbracke \u00e8 un cane da lavoro molto utile impiegato soprattutto nelle ricerche su sangue e nelle braccate. Il Club Dachsbracke promuove l&#8217;allevamento e la diffusione di questa razza. <strong><a href=\"https:\/\/www.klub-dachsbracke.com\/\" target=\"_blank\" rel=\"noopener\">https:\/\/www.klub-dachsbracke.com\/<\/a><\/strong><\/p>\n<p><strong>Refernte per l&#8217;Alto Adige<\/strong><br \/>Andreas Delueg aus Villn\u00f6\u00df<br \/>Tel. 329 7462877<br \/>E-Mail: <strong><a href=\"mailto:andreas.delueg@jagdverband.it\">andreas.delueg@jagdverband.it<\/a><\/strong><\/p>\n<p>[\/et_pb_accordion_item][et_pb_accordion_item title=&#8221;BGS-HS-Club Alto Adige&#8221; _builder_version=&#8221;4.18.0&#8243; global_colors_info=&#8221;{}&#8221; toggle_level=&#8221;h3&#8243; open=&#8221;off&#8221;]<\/p>\n<p>Presidente <strong>Josef Gr\u00e4ber<\/strong><\/p>\n<p>Segretaria <strong>Michaela Taibon<\/strong><\/p>\n<p>Contatto: <strong><a href=\"mailto:Bgshs_club@yahoo.com\">Bgshs_club@yahoo.com<\/a><\/strong><\/p>\n<p>[\/et_pb_accordion_item][et_pb_accordion_item title=&#8221;S\u00fcdtiroler Club f\u00fcr Deutsche Jagdterrier&#8221; _builder_version=&#8221;4.18.0&#8243; global_colors_info=&#8221;{}&#8221; toggle_level=&#8221;h3&#8243; open=&#8221;off&#8221;]<\/p>\n<p>Il Deutscher Jagdterrier \u00e8 un cane di piccola taglia , da tana ma anche da cerca,\u00a0 da riporto e da traccia. Il club, fondato nel 2018, si occupa di allevamento e diffusione di questa razza, di formazione dei conduttori e organizza prove su traccia.<strong> <a href=\"http:\/\/www.jagdterrier.bz\" target=\"_blank\" rel=\"noopener\">www.jagdterrier.bz<\/a><\/strong><\/p>\n<p>Presidente Friedrich Fliri<br \/><a href=\"mailto:info@jagdterrier.bz\"><strong>info@jagdterrier.bz<\/strong><br \/><\/a>Tel. 348 041 4226<\/p>\n<p>[\/et_pb_accordion_item][et_pb_accordion_item title=&#8221;Club Bassotti Alto Adige&#8221; _builder_version=&#8221;4.18.0&#8243; global_colors_info=&#8221;{}&#8221; toggle_level=&#8221;h3&#8243; open=&#8221;off&#8221;]<\/p>\n<p>Il bassotto \u00e8 il pi\u00f9 piccolo tra i cani da caccia. \u00c8 particolarmente adatto alla cerca e al riporto, cos\u00ec come al lavoro in tana, in acqua e su traccia. Obiettivo del Club Bassotti Alto Adige \u00e8 quello di promuovere in Alto Adige il bassotto come cane da caccia. Il club aiuta anche gli interessati a trovare il cucciolo giusto e a partecipare alle esposizioni e alle prove canine.<\/p>\n<p><strong><a href=\"https:\/\/www.facebook.com\/S%C3%BCdtiroler-Dackel-Klub-100536488539726\" target=\"_blank\" rel=\"noopener\">Facebook<\/a><\/strong><br \/><strong><a href=\"http:\/\/www.dackelklub.bz.it\" target=\"_blank\" rel=\"noopener\">www.dackelklub.bz.it<\/a><\/strong><\/p>\n<p><strong>Club Bassotti Alto Adige<br \/><\/strong>Margit Matzoll<br \/>Lana\/Foiana<br \/>Tel.: 338 3570194<br \/>E-Mail: <strong><a href=\"mailto:info@dackelklub.bz.it\">info@dackelklub.bz.it<\/a><\/strong><\/p>\n<p><strong>\u00a0<\/strong><\/p>\n<p>[\/et_pb_accordion_item][\/et_pb_accordion][\/et_pb_column_inner][\/et_pb_row_inner][\/et_pb_column][et_pb_column type=&#8221;1_4&#8243; _builder_version=&#8221;4.16&#8243; custom_padding=&#8221;|||&#8221; global_colors_info=&#8221;{}&#8221; parallax__hover=&#8221;off&#8221; parallax_method__hover=&#8221;on&#8221; custom_padding__hover=&#8221;|||&#8221;][et_pb_sidebar orientation=&#8221;right&#8221; disabled_on=&#8221;off|off|off&#8221; _builder_version=&#8221;4.16&#8243; global_colors_info=&#8221;{}&#8221;][\/et_pb_sidebar][\/et_pb_column][\/et_pb_section]<\/p>\n","protected":false},"excerpt":{"rendered":"<p>Cani da caccia\u00a0 Per secoli i cani da caccia sono stati allevati per varie attivit\u00e0 venatorie. Ci sono cani da ferma, cani da riporto, cani da traccia, cani da seguita, [&hellip;]<\/p>\n","protected":false},"author":1,"featured_media":0,"parent":0,"menu_order":0,"comment_status":"closed","ping_status":"closed","template":"","meta":{"_et_pb_use_builder":"on","_et_pb_old_content":"","_et_gb_content_width":""},"ams_acf":[],"yoast_head":"<!-- This site is optimized with the Yoast SEO plugin v19.6 - https:\/\/yoast.com\/wordpress\/plugins\/seo\/ -->\n<title>Cani da caccia - S\u00fcdtiroler Jagdverband<\/title>\n<meta name=\"robots\" content=\"index, follow, max-snippet:-1, max-image-preview:large, max-video-preview:-1\" \/>\n<link rel=\"canonical\" href=\"https:\/\/jagdverband.it\/it\/cani-da-caccia\/\" \/>\n<meta property=\"og:locale\" content=\"it_IT\" \/>\n<meta property=\"og:type\" content=\"article\" \/>\n<meta property=\"og:title\" content=\"Cani da caccia - S\u00fcdtiroler Jagdverband\" \/>\n<meta property=\"og:description\" content=\"Cani da caccia\u00a0 Per secoli i cani da caccia sono stati allevati per varie attivit\u00e0 venatorie. Ci sono cani da ferma, cani da riporto, cani da traccia, cani da seguita, [&hellip;]\" \/>\n<meta property=\"og:url\" content=\"https:\/\/jagdverband.it\/it\/cani-da-caccia\/\" \/>\n<meta property=\"og:site_name\" content=\"S\u00fcdtiroler Jagdverband\" \/>\n<meta property=\"article:modified_time\" content=\"2025-05-27T08:59:24+00:00\" \/>\n<meta name=\"twitter:card\" content=\"summary\" \/>\n<meta name=\"twitter:label1\" content=\"Tempo di lettura stimato\" \/>\n\t<meta name=\"twitter:data1\" content=\"6 minuti\" \/>\n<script type=\"application\/ld+json\" class=\"yoast-schema-graph\">{\"@context\":\"https:\/\/schema.org\",\"@graph\":[{\"@type\":\"WebPage\",\"@id\":\"https:\/\/jagdverband.it\/it\/cani-da-caccia\/\",\"url\":\"https:\/\/jagdverband.it\/it\/cani-da-caccia\/\",\"name\":\"Cani da caccia - S\u00fcdtiroler Jagdverband\",\"isPartOf\":{\"@id\":\"https:\/\/jagdverband.it\/it\/#website\"},\"datePublished\":\"2019-05-01T14:11:39+00:00\",\"dateModified\":\"2025-05-27T08:59:24+00:00\",\"breadcrumb\":{\"@id\":\"https:\/\/jagdverband.it\/it\/cani-da-caccia\/#breadcrumb\"},\"inLanguage\":\"it-IT\",\"potentialAction\":[{\"@type\":\"ReadAction\",\"target\":[\"https:\/\/jagdverband.it\/it\/cani-da-caccia\/\"]}]},{\"@type\":\"BreadcrumbList\",\"@id\":\"https:\/\/jagdverband.it\/it\/cani-da-caccia\/#breadcrumb\",\"itemListElement\":[{\"@type\":\"ListItem\",\"position\":1,\"name\":\"Home\",\"item\":\"https:\/\/jagdverband.it\/it\/\"},{\"@type\":\"ListItem\",\"position\":2,\"name\":\"Cani da caccia\"}]},{\"@type\":\"WebSite\",\"@id\":\"https:\/\/jagdverband.it\/it\/#website\",\"url\":\"https:\/\/jagdverband.it\/it\/\",\"name\":\"S\u00fcdtiroler Jagdverband\",\"description\":\"S\u00fcdtiroler Jagdverband\",\"publisher\":{\"@id\":\"https:\/\/jagdverband.it\/it\/#organization\"},\"potentialAction\":[{\"@type\":\"SearchAction\",\"target\":{\"@type\":\"EntryPoint\",\"urlTemplate\":\"https:\/\/jagdverband.it\/it\/?s={search_term_string}\"},\"query-input\":\"required name=search_term_string\"}],\"inLanguage\":\"it-IT\"},{\"@type\":\"Organization\",\"@id\":\"https:\/\/jagdverband.it\/it\/#organization\",\"name\":\"S\u00fcdtiroler Jagdverband\",\"url\":\"https:\/\/jagdverband.it\/it\/\",\"sameAs\":[],\"logo\":{\"@type\":\"ImageObject\",\"inLanguage\":\"it-IT\",\"@id\":\"https:\/\/jagdverband.it\/it\/#\/schema\/logo\/image\/\",\"url\":\"\",\"contentUrl\":\"\",\"caption\":\"S\u00fcdtiroler Jagdverband\"},\"image\":{\"@id\":\"https:\/\/jagdverband.it\/it\/#\/schema\/logo\/image\/\"}}]}<\/script>\n<!-- \/ Yoast SEO plugin. -->","yoast_head_json":{"title":"Cani da caccia - S\u00fcdtiroler Jagdverband","robots":{"index":"index","follow":"follow","max-snippet":"max-snippet:-1","max-image-preview":"max-image-preview:large","max-video-preview":"max-video-preview:-1"},"canonical":"https:\/\/jagdverband.it\/it\/cani-da-caccia\/","og_locale":"it_IT","og_type":"article","og_title":"Cani da caccia - S\u00fcdtiroler Jagdverband","og_description":"Cani da caccia\u00a0 Per secoli i cani da caccia sono stati allevati per varie attivit\u00e0 venatorie. Ci sono cani da ferma, cani da riporto, cani da traccia, cani da seguita, [&hellip;]","og_url":"https:\/\/jagdverband.it\/it\/cani-da-caccia\/","og_site_name":"S\u00fcdtiroler Jagdverband","article_modified_time":"2025-05-27T08:59:24+00:00","twitter_card":"summary","twitter_misc":{"Tempo di lettura stimato":"6 minuti"},"schema":{"@context":"https:\/\/schema.org","@graph":[{"@type":"WebPage","@id":"https:\/\/jagdverband.it\/it\/cani-da-caccia\/","url":"https:\/\/jagdverband.it\/it\/cani-da-caccia\/","name":"Cani da caccia - S\u00fcdtiroler Jagdverband","isPartOf":{"@id":"https:\/\/jagdverband.it\/it\/#website"},"datePublished":"2019-05-01T14:11:39+00:00","dateModified":"2025-05-27T08:59:24+00:00","breadcrumb":{"@id":"https:\/\/jagdverband.it\/it\/cani-da-caccia\/#breadcrumb"},"inLanguage":"it-IT","potentialAction":[{"@type":"ReadAction","target":["https:\/\/jagdverband.it\/it\/cani-da-caccia\/"]}]},{"@type":"BreadcrumbList","@id":"https:\/\/jagdverband.it\/it\/cani-da-caccia\/#breadcrumb","itemListElement":[{"@type":"ListItem","position":1,"name":"Home","item":"https:\/\/jagdverband.it\/it\/"},{"@type":"ListItem","position":2,"name":"Cani da caccia"}]},{"@type":"WebSite","@id":"https:\/\/jagdverband.it\/it\/#website","url":"https:\/\/jagdverband.it\/it\/","name":"S\u00fcdtiroler Jagdverband","description":"S\u00fcdtiroler Jagdverband","publisher":{"@id":"https:\/\/jagdverband.it\/it\/#organization"},"potentialAction":[{"@type":"SearchAction","target":{"@type":"EntryPoint","urlTemplate":"https:\/\/jagdverband.it\/it\/?s={search_term_string}"},"query-input":"required name=search_term_string"}],"inLanguage":"it-IT"},{"@type":"Organization","@id":"https:\/\/jagdverband.it\/it\/#organization","name":"S\u00fcdtiroler Jagdverband","url":"https:\/\/jagdverband.it\/it\/","sameAs":[],"logo":{"@type":"ImageObject","inLanguage":"it-IT","@id":"https:\/\/jagdverband.it\/it\/#\/schema\/logo\/image\/","url":"","contentUrl":"","caption":"S\u00fcdtiroler Jagdverband"},"image":{"@id":"https:\/\/jagdverband.it\/it\/#\/schema\/logo\/image\/"}}]}},"_links":{"self":[{"href":"https:\/\/jagdverband.it\/it\/wp-json\/wp\/v2\/pages\/55810"}],"collection":[{"href":"https:\/\/jagdverband.it\/it\/wp-json\/wp\/v2\/pages"}],"about":[{"href":"https:\/\/jagdverband.it\/it\/wp-json\/wp\/v2\/types\/page"}],"author":[{"embeddable":true,"href":"https:\/\/jagdverband.it\/it\/wp-json\/wp\/v2\/users\/1"}],"replies":[{"embeddable":true,"href":"https:\/\/jagdverband.it\/it\/wp-json\/wp\/v2\/comments?post=55810"}],"version-history":[{"count":2,"href":"https:\/\/jagdverband.it\/it\/wp-json\/wp\/v2\/pages\/55810\/revisions"}],"predecessor-version":[{"id":80893,"href":"https:\/\/jagdverband.it\/it\/wp-json\/wp\/v2\/pages\/55810\/revisions\/80893"}],"wp:attachment":[{"href":"https:\/\/jagdverband.it\/it\/wp-json\/wp\/v2\/media?parent=55810"}],"curies":[{"name":"wp","href":"https:\/\/api.w.org\/{rel}","templated":true}]}}