{"id":55804,"date":"2018-08-22T16:21:54","date_gmt":"2018-08-22T14:21:54","guid":{"rendered":"https:\/\/jagdverband.it\/bezirke-copy\/"},"modified":"2019-12-07T12:30:10","modified_gmt":"2019-12-07T11:30:10","slug":"distretti-venatori","status":"publish","type":"page","link":"https:\/\/jagdverband.it\/it\/distretti-venatori\/","title":{"rendered":"Distretti venatori"},"content":{"rendered":"<p>[et_pb_section fb_built=&#8221;1&#8243; fullwidth=&#8221;on&#8221; _builder_version=&#8221;3.27.3&#8243; fb_built=&#8221;1&#8243; _i=&#8221;0&#8243; _address=&#8221;0&#8243;][et_pb_fullwidth_header title=&#8221;Distretti venatori&#8221; _builder_version=&#8221;3.27.3&#8243; title_level=&#8221;h2&#8243; title_font=&#8221;||||||||&#8221; title_text_align=&#8221;left&#8221; title_font_size=&#8221;40px&#8221; content_font=&#8221;||||||||&#8221; content_font_size=&#8221;20px&#8221; content_line_height=&#8221;1.8em&#8221; subhead_font=&#8221;||||||||&#8221; background_color=&#8221;rgba(0,0,0,0)&#8221; background_color_gradient_direction=&#8221;90deg&#8221; background_image=&#8221;https:\/\/jagdverband.it\/wp-content\/uploads\/2019\/08\/Jagd-ist-mehr-steinwildjagd.jpg&#8221; custom_button_one=&#8221;on&#8221; button_one_text_size=&#8221;18px&#8221; button_one_bg_color=&#8221;#02d002&#8243; button_one_border_width=&#8221;8px&#8221; button_one_border_color=&#8221;#02d002&#8243; button_one_border_radius=&#8221;0px&#8221; button_one_letter_spacing=&#8221;1px&#8221; button_one_font=&#8221;Lato|700|||||||&#8221; button_one_use_icon=&#8221;off&#8221; custom_button_two=&#8221;on&#8221; button_two_text_size=&#8221;18px&#8221; button_two_text_color=&#8221;#353740&#8243; button_two_bg_color=&#8221;#ffffff&#8221; button_two_border_width=&#8221;8px&#8221; button_two_border_color=&#8221;#ffffff&#8221; button_two_border_radius=&#8221;0px&#8221; button_two_letter_spacing=&#8221;1px&#8221; button_two_font=&#8221;Lato|700|||||||&#8221; button_two_use_icon=&#8221;off&#8221; custom_margin=&#8221;|||&#8221; custom_padding=&#8221;5%||5%|&#8221; hover_transition_duration=&#8221;0ms&#8221; hover_transition_speed_curve=&#8221;linear&#8221; title_font_size_tablet=&#8221;35px&#8221; title_font_size_phone=&#8221;30px&#8221; title_font_size_last_edited=&#8221;on|phone&#8221; button_one_letter_spacing_hover=&#8221;1px&#8221; button_two_letter_spacing_hover=&#8221;1px&#8221; button_one_text_size__hover_enabled=&#8221;off&#8221; button_two_text_size__hover_enabled=&#8221;off&#8221; button_one_text_color__hover_enabled=&#8221;off&#8221; button_two_text_color__hover_enabled=&#8221;off&#8221; button_one_border_width__hover_enabled=&#8221;off&#8221; button_two_border_width__hover_enabled=&#8221;off&#8221; button_one_border_color__hover_enabled=&#8221;off&#8221; button_two_border_color__hover_enabled=&#8221;off&#8221; button_one_border_radius__hover_enabled=&#8221;off&#8221; button_two_border_radius__hover_enabled=&#8221;off&#8221; button_one_letter_spacing__hover_enabled=&#8221;on&#8221; button_one_letter_spacing__hover=&#8221;1px&#8221; button_two_letter_spacing__hover_enabled=&#8221;on&#8221; button_two_letter_spacing__hover=&#8221;1px&#8221; button_one_bg_color__hover_enabled=&#8221;off&#8221; button_two_bg_color__hover_enabled=&#8221;off&#8221; _i=&#8221;0&#8243; _address=&#8221;0.0&#8243;][\/et_pb_fullwidth_header][\/et_pb_section][et_pb_section fb_built=&#8221;1&#8243; specialty=&#8221;on&#8221; _builder_version=&#8221;3.22.3&#8243; fb_built=&#8221;1&#8243; _i=&#8221;1&#8243; _address=&#8221;1&#8243;][et_pb_column type=&#8221;3_4&#8243; specialty_columns=&#8221;3&#8243; _builder_version=&#8221;3.25&#8243; custom_padding=&#8221;|||&#8221; parallax__hover=&#8221;off&#8221; parallax_method__hover=&#8221;on&#8221; custom_padding__hover=&#8221;|||&#8221; _i=&#8221;0&#8243; _address=&#8221;1.0&#8243;][et_pb_row_inner _builder_version=&#8221;3.25.2&#8243; _i=&#8221;0&#8243; _address=&#8221;1.0.0&#8243;][et_pb_column_inner saved_specialty_column_type=&#8221;3_4&#8243; _builder_version=&#8221;3.25.2&#8243; _i=&#8221;0&#8243; _address=&#8221;1.0.0.0&#8243;][et_pb_text _builder_version=&#8221;3.27.3&#8243; hover_enabled=&#8221;0&#8243; _i=&#8221;0&#8243; _address=&#8221;1.0.0.0.0&#8243;]<\/p>\n<h3>Distribuzione dei distretti venatori in Alto Adige<\/h3>\n<p>[\/et_pb_text][et_pb_image src=&#8221;https:\/\/jagdverband.it\/wp-content\/uploads\/2018\/09\/bezirke_ita-1.jpg&#8221; show_in_lightbox=&#8221;on&#8221; _builder_version=&#8221;3.27.3&#8243; custom_margin=&#8221;||33px|||&#8221; _i=&#8221;1&#8243; _address=&#8221;1.0.0.0.1&#8243;][\/et_pb_image][et_pb_text _builder_version=&#8221;3.27.3&#8243; custom_padding=&#8221;0px||24px|||&#8221; _i=&#8221;2&#8243; _address=&#8221;1.0.0.0.2&#8243;]<\/p>\n<p>Le 145 riserve di diritto sono raggruppate in 8 distretti venatori.\u00a0In questa pagina trovate dati e informazioni sui singoli distretti: chi li guida, le loro dimensioni, quanti cacciatori hanno il permesso di cacciare sui loro territori.<\/p>\n<p>[\/et_pb_text][et_pb_accordion _builder_version=&#8221;3.27.3&#8243; toggle_level=&#8221;h3&#8243; toggle_font=&#8221;||||||||&#8221; hover_enabled=&#8221;0&#8243; _i=&#8221;3&#8243; _address=&#8221;1.0.0.0.3&#8243;][et_pb_accordion_item title=&#8221;Distretto di Bolzano&#8221; open=&#8221;on&#8221; _builder_version=&#8221;3.27.3&#8243; title_font_size=&#8221;14&#8243; hover_enabled=&#8221;0&#8243; toggle_level=&#8221;h5&#8243; toggle_font=&#8221;||||||||&#8221; _i=&#8221;0&#8243; _address=&#8221;1.0.0.0.3.0&#8243;]<\/p>\n[et_pb_section global_module=\"56090\"][\/et_pb_section]\n<p>[\/et_pb_accordion_item][et_pb_accordion_item title=&#8221;Distretto di Bressanone&#8221; _builder_version=&#8221;3.27.3&#8243; title_font_size=&#8221;14&#8243; hover_enabled=&#8221;0&#8243; toggle_level=&#8221;h6&#8243; toggle_font=&#8221;||||||||&#8221; _i=&#8221;1&#8243; _address=&#8221;1.0.0.0.3.1&#8243; open=&#8221;off&#8221;]<\/p>\n[et_pb_section global_module=\"56089\"][\/et_pb_section]\n<p>[\/et_pb_accordion_item][et_pb_accordion_item title=&#8221;Distretto di Brunico&#8221; _builder_version=&#8221;3.27.3&#8243; title_font_size=&#8221;14&#8243; hover_enabled=&#8221;0&#8243; toggle_level=&#8221;h6&#8243; toggle_font=&#8221;||||||||&#8221; _i=&#8221;2&#8243; _address=&#8221;1.0.0.0.3.2&#8243; open=&#8221;off&#8221;]<\/p>\n[et_pb_section global_module=\"56075\"][\/et_pb_section]\n<p>[\/et_pb_accordion_item][et_pb_accordion_item title=&#8221;Distretto di Merano&#8221; _builder_version=&#8221;3.27.3&#8243; title_font_size=&#8221;14&#8243; hover_enabled=&#8221;0&#8243; toggle_level=&#8221;h6&#8243; toggle_font=&#8221;||||||||&#8221; _i=&#8221;3&#8243; _address=&#8221;1.0.0.0.3.3&#8243; open=&#8221;off&#8221;]<\/p>\n[et_pb_section global_module=\"56088\"][\/et_pb_section]\n<p>[\/et_pb_accordion_item][et_pb_accordion_item title=&#8221;Distretto dell&#8217;Alta Pusteria&#8221; _builder_version=&#8221;3.27.3&#8243; title_font_size=&#8221;14&#8243; hover_enabled=&#8221;0&#8243; toggle_level=&#8221;h6&#8243; toggle_font=&#8221;||||||||&#8221; _i=&#8221;4&#8243; _address=&#8221;1.0.0.0.3.4&#8243; open=&#8221;off&#8221;]<\/p>\n[et_pb_section global_module=\"56087\"][\/et_pb_section]\n<p>[\/et_pb_accordion_item][et_pb_accordion_item title=&#8221;Distretto di Vipiteno&#8221; _builder_version=&#8221;3.27.3&#8243; title_font_size=&#8221;14&#8243; hover_enabled=&#8221;0&#8243; toggle_level=&#8221;h6&#8243; toggle_font=&#8221;||||||||&#8221; _i=&#8221;5&#8243; _address=&#8221;1.0.0.0.3.5&#8243; open=&#8221;off&#8221;]<\/p>\n[et_pb_section global_module=\"57617\"][\/et_pb_section]\n<p>[\/et_pb_accordion_item][et_pb_accordion_item title=&#8221;Distretto della Bassa Atesina&#8221; _builder_version=&#8221;3.27.3&#8243; title_font_size=&#8221;14&#8243; hover_enabled=&#8221;0&#8243; toggle_level=&#8221;h6&#8243; toggle_font=&#8221;||||||||&#8221; _i=&#8221;6&#8243; _address=&#8221;1.0.0.0.3.6&#8243; open=&#8221;off&#8221;]<\/p>\n[et_pb_section global_module=\"56085\"][\/et_pb_section]\n<p>[\/et_pb_accordion_item][et_pb_accordion_item title=&#8221;Distretto della Val Venosta&#8221; _builder_version=&#8221;3.27.3&#8243; title_font_size=&#8221;14&#8243; hover_enabled=&#8221;0&#8243; toggle_level=&#8221;h6&#8243; toggle_font=&#8221;||||||||&#8221; _i=&#8221;7&#8243; _address=&#8221;1.0.0.0.3.7&#8243; open=&#8221;off&#8221;]<\/p>\n[et_pb_section global_module=\"56084\"][\/et_pb_section]\n<p>[\/et_pb_accordion_item][\/et_pb_accordion][\/et_pb_column_inner][\/et_pb_row_inner][\/et_pb_column][et_pb_column type=&#8221;1_4&#8243; _builder_version=&#8221;3.25&#8243; custom_padding=&#8221;|||&#8221; parallax__hover=&#8221;off&#8221; parallax_method__hover=&#8221;on&#8221; custom_padding__hover=&#8221;|||&#8221; _i=&#8221;1&#8243; _address=&#8221;1.1&#8243;][et_pb_sidebar disabled_on=&#8221;off|off|off&#8221; _builder_version=&#8221;3.27.1&#8243; _i=&#8221;0&#8243; _address=&#8221;1.1.0&#8243;][\/et_pb_sidebar][\/et_pb_column][\/et_pb_section]<\/p>\n","protected":false},"excerpt":{"rendered":"<p>Distribuzione dei distretti venatori in Alto Adige Le 145 riserve di diritto sono raggruppate in 8 distretti venatori.\u00a0In questa pagina trovate dati e informazioni sui singoli distretti: chi li guida, [&hellip;]<\/p>\n","protected":false},"author":3,"featured_media":0,"parent":0,"menu_order":0,"comment_status":"open","ping_status":"open","template":"","meta":{"_et_pb_use_builder":"on","_et_pb_old_content":"<h3><i>Vinschgau<\/i><\/h3><p>Bezirksj\u00e4germeister G\u00fcnther Hohenegger<\/p><p>\u00a0<\/p><p><b>Der Bezirk in Zahlen:<\/b><\/p><p>Fl\u00e4che: 84.847 ha<\/p><p>Anzahl Reviere: 12<\/p><p>J\u00e4ger: 837<\/p><p>J\u00e4gerinnen: 42<\/p><p>Jagdaufseher: 11<\/p><p>Gr\u00f6\u00dftes Revier: Graun 19.592 ha<\/p><p>Kleinstes Revier: Glurns 440 ha<\/p><p>\u00a0<\/p><h3><i>Meran<\/i><\/h3><p>Bezirksj\u00e4germeister Karl Huber<\/p><p>\u00a0<\/p><p><b>Der Bezirk in Zahlen:<\/b><\/p><p>Fl\u00e4che: 96.383 ha<\/p><p>Anzahl Reviere: 27<\/p><p>J\u00e4ger: 1.114<\/p><p>J\u00e4gerinnen: 69<\/p><p>Jagdaufseher: 14<\/p><p>Gr\u00f6\u00dftes Revier: Moos i. P. 16.213 ha<\/p><p>Kleinstes Revier: Gargazon 490 ha<\/p><p>\u00a0<\/p><h3><i>Bozen<\/i><\/h3><p>Bezirksj\u00e4germeister Eduard Weger<\/p><p>\u00a0<\/p><p><b>Der Bezirk in Zahlen:<\/b><\/p><p>Fl\u00e4che: 108.942 ha<\/p><p>Reviere: 21<\/p><p>J\u00e4ger: 1089<\/p><p>J\u00e4gerinnen: 73<\/p><p>Jagdaufseher: 11<\/p><p>Gr\u00f6\u00dftes Revier: Sarntal 29.016 ha<\/p><p>Kleinstes Revier: Andrian 489 ha<\/p><p>\u00a0<\/p><h3><i>Unterland \u00a0<\/i><\/h3><p>Bezirksj\u00e4germeister Werner Dibiasi<\/p><p>\u00a0<\/p><p><b>Der Bezirk in Zahlen:<\/b><\/p><p>Fl\u00e4che: 24.831 ha<\/p><p>Anzahl Reviere: 12<\/p><p>J\u00e4ger: 304<\/p><p>J\u00e4gerinnen: 14<\/p><p>Jagdaufseher: 4<\/p><p>Gr\u00f6\u00dftes Revier: Aldein 6.094 ha<\/p><p>Kleinstes Revier: Laag 554 ha<\/p><h3><i>Brixen<\/i><\/h3><p>Bezirksj\u00e4germeister Rino Insam<\/p><p>\u00a0<\/p><p><b>Der Bezirk in Zahlen:<\/b><\/p><p>Fl\u00e4che: 74.254 ha<\/p><p>Reviere: 20<\/p><p>J\u00e4ger: 708<\/p><p>J\u00e4gerinnen: 31<\/p><p>Jagdaufseher: 11<\/p><p>Gr\u00f6\u00dftes Revier: M\u00fchlbach 7.446 ha<\/p><p>Kleinstes Revier: Waidbruck 232ha<\/p><p>\u00a0<\/p><h3><i>Sterzing <\/i><\/h3><p>Bezirksj\u00e4germeister G\u00fcnther Bacher<\/p><p>\u00a0<\/p><p><b>Der Bezirk in Zahlen:<\/b><\/p><p>Fl\u00e4che: 54.815 ha<\/p><p>Anzahl Reviere: 14<\/p><p>J\u00e4ger: 415<\/p><p>J\u00e4gerinnen: 19<\/p><p>Jagdaufseher: 8<\/p><p>Gr\u00f6\u00dftes Revier: Brenner 10.630 ha<\/p><p>Kleinstes Revier: Elzenbaum 727 ha<\/p><p>\u00a0<\/p><h3><i>Bruneck <\/i><\/h3><p>Bezirksj\u00e4germeister Paul Steiner<\/p><p>\u00a0<\/p><p><b>Der Bezirk \u00a0in Zahlen:<\/b><\/p><p>Fl\u00e4che: 102.301 ha<\/p><p>Anzahl Reviere: 26<\/p><p>J\u00e4ger: 814<\/p><p>J\u00e4gerinnen: 57<\/p><p>Jagdaufseher: 12<\/p><p>Gr\u00f6\u00dftes Revier: Enneberg 9.993 ha<\/p><p>Kleinstes Revier: Kematen 1.373 ha<\/p><p>\u00a0<\/p><h3><i>Oberpustertal<\/i><\/h3><p>Bezirksj\u00e4germeister G\u00fcnther Rabensteiner<\/p><p>\u00a0<\/p><p><b>Der Bezirk \u00a0in Zahlen:<\/b><\/p><p>Fl\u00e4che: 62.425 ha<\/p><p>Anzahl Reviere: 15<\/p><p>J\u00e4ger: 406<\/p><p>J\u00e4gerinnen: 34<\/p><p>Jagdaufseher: 7<\/p><p>Gr\u00f6\u00dftes Revier: Toblach 9.347 ha<\/p><p>Kleinstes Revier: Wahlen 1.165 ha<\/p>","_et_gb_content_width":""},"ams_acf":[],"yoast_head":"<!-- This site is optimized with the Yoast SEO plugin v19.6 - https:\/\/yoast.com\/wordpress\/plugins\/seo\/ -->\n<title>Distretti venatori - S\u00fcdtiroler Jagdverband<\/title>\n<meta name=\"robots\" content=\"index, follow, max-snippet:-1, max-image-preview:large, max-video-preview:-1\" \/>\n<link rel=\"canonical\" href=\"https:\/\/jagdverband.it\/it\/distretti-venatori\/\" \/>\n<meta property=\"og:locale\" content=\"it_IT\" \/>\n<meta property=\"og:type\" content=\"article\" \/>\n<meta property=\"og:title\" content=\"Distretti venatori - S\u00fcdtiroler Jagdverband\" \/>\n<meta property=\"og:description\" content=\"Distribuzione dei distretti venatori in Alto Adige Le 145 riserve di diritto sono raggruppate in 8 distretti venatori.\u00a0In questa pagina trovate dati e informazioni sui singoli distretti: chi li guida, [&hellip;]\" \/>\n<meta property=\"og:url\" content=\"https:\/\/jagdverband.it\/it\/distretti-venatori\/\" \/>\n<meta property=\"og:site_name\" content=\"S\u00fcdtiroler Jagdverband\" \/>\n<meta property=\"article:modified_time\" content=\"2019-12-07T11:30:10+00:00\" \/>\n<meta name=\"twitter:card\" content=\"summary\" \/>\n<meta name=\"twitter:label1\" content=\"Tempo di lettura stimato\" \/>\n\t<meta name=\"twitter:data1\" content=\"4 minuti\" \/>\n<script type=\"application\/ld+json\" class=\"yoast-schema-graph\">{\"@context\":\"https:\/\/schema.org\",\"@graph\":[{\"@type\":\"WebPage\",\"@id\":\"https:\/\/jagdverband.it\/it\/distretti-venatori\/\",\"url\":\"https:\/\/jagdverband.it\/it\/distretti-venatori\/\",\"name\":\"Distretti venatori - S\u00fcdtiroler Jagdverband\",\"isPartOf\":{\"@id\":\"https:\/\/jagdverband.it\/it\/#website\"},\"datePublished\":\"2018-08-22T14:21:54+00:00\",\"dateModified\":\"2019-12-07T11:30:10+00:00\",\"breadcrumb\":{\"@id\":\"https:\/\/jagdverband.it\/it\/distretti-venatori\/#breadcrumb\"},\"inLanguage\":\"it-IT\",\"potentialAction\":[{\"@type\":\"ReadAction\",\"target\":[\"https:\/\/jagdverband.it\/it\/distretti-venatori\/\"]}]},{\"@type\":\"BreadcrumbList\",\"@id\":\"https:\/\/jagdverband.it\/it\/distretti-venatori\/#breadcrumb\",\"itemListElement\":[{\"@type\":\"ListItem\",\"position\":1,\"name\":\"Home\",\"item\":\"https:\/\/jagdverband.it\/it\/\"},{\"@type\":\"ListItem\",\"position\":2,\"name\":\"Distretti venatori\"}]},{\"@type\":\"WebSite\",\"@id\":\"https:\/\/jagdverband.it\/it\/#website\",\"url\":\"https:\/\/jagdverband.it\/it\/\",\"name\":\"S\u00fcdtiroler Jagdverband\",\"description\":\"S\u00fcdtiroler Jagdverband\",\"publisher\":{\"@id\":\"https:\/\/jagdverband.it\/it\/#organization\"},\"potentialAction\":[{\"@type\":\"SearchAction\",\"target\":{\"@type\":\"EntryPoint\",\"urlTemplate\":\"https:\/\/jagdverband.it\/it\/?s={search_term_string}\"},\"query-input\":\"required name=search_term_string\"}],\"inLanguage\":\"it-IT\"},{\"@type\":\"Organization\",\"@id\":\"https:\/\/jagdverband.it\/it\/#organization\",\"name\":\"S\u00fcdtiroler Jagdverband\",\"url\":\"https:\/\/jagdverband.it\/it\/\",\"sameAs\":[],\"logo\":{\"@type\":\"ImageObject\",\"inLanguage\":\"it-IT\",\"@id\":\"https:\/\/jagdverband.it\/it\/#\/schema\/logo\/image\/\",\"url\":\"\",\"contentUrl\":\"\",\"caption\":\"S\u00fcdtiroler Jagdverband\"},\"image\":{\"@id\":\"https:\/\/jagdverband.it\/it\/#\/schema\/logo\/image\/\"}}]}<\/script>\n<!-- \/ Yoast SEO plugin. -->","yoast_head_json":{"title":"Distretti venatori - S\u00fcdtiroler Jagdverband","robots":{"index":"index","follow":"follow","max-snippet":"max-snippet:-1","max-image-preview":"max-image-preview:large","max-video-preview":"max-video-preview:-1"},"canonical":"https:\/\/jagdverband.it\/it\/distretti-venatori\/","og_locale":"it_IT","og_type":"article","og_title":"Distretti venatori - S\u00fcdtiroler Jagdverband","og_description":"Distribuzione dei distretti venatori in Alto Adige Le 145 riserve di diritto sono raggruppate in 8 distretti venatori.\u00a0In questa pagina trovate dati e informazioni sui singoli distretti: chi li guida, [&hellip;]","og_url":"https:\/\/jagdverband.it\/it\/distretti-venatori\/","og_site_name":"S\u00fcdtiroler Jagdverband","article_modified_time":"2019-12-07T11:30:10+00:00","twitter_card":"summary","twitter_misc":{"Tempo di lettura stimato":"4 minuti"},"schema":{"@context":"https:\/\/schema.org","@graph":[{"@type":"WebPage","@id":"https:\/\/jagdverband.it\/it\/distretti-venatori\/","url":"https:\/\/jagdverband.it\/it\/distretti-venatori\/","name":"Distretti venatori - S\u00fcdtiroler Jagdverband","isPartOf":{"@id":"https:\/\/jagdverband.it\/it\/#website"},"datePublished":"2018-08-22T14:21:54+00:00","dateModified":"2019-12-07T11:30:10+00:00","breadcrumb":{"@id":"https:\/\/jagdverband.it\/it\/distretti-venatori\/#breadcrumb"},"inLanguage":"it-IT","potentialAction":[{"@type":"ReadAction","target":["https:\/\/jagdverband.it\/it\/distretti-venatori\/"]}]},{"@type":"BreadcrumbList","@id":"https:\/\/jagdverband.it\/it\/distretti-venatori\/#breadcrumb","itemListElement":[{"@type":"ListItem","position":1,"name":"Home","item":"https:\/\/jagdverband.it\/it\/"},{"@type":"ListItem","position":2,"name":"Distretti venatori"}]},{"@type":"WebSite","@id":"https:\/\/jagdverband.it\/it\/#website","url":"https:\/\/jagdverband.it\/it\/","name":"S\u00fcdtiroler Jagdverband","description":"S\u00fcdtiroler Jagdverband","publisher":{"@id":"https:\/\/jagdverband.it\/it\/#organization"},"potentialAction":[{"@type":"SearchAction","target":{"@type":"EntryPoint","urlTemplate":"https:\/\/jagdverband.it\/it\/?s={search_term_string}"},"query-input":"required name=search_term_string"}],"inLanguage":"it-IT"},{"@type":"Organization","@id":"https:\/\/jagdverband.it\/it\/#organization","name":"S\u00fcdtiroler Jagdverband","url":"https:\/\/jagdverband.it\/it\/","sameAs":[],"logo":{"@type":"ImageObject","inLanguage":"it-IT","@id":"https:\/\/jagdverband.it\/it\/#\/schema\/logo\/image\/","url":"","contentUrl":"","caption":"S\u00fcdtiroler Jagdverband"},"image":{"@id":"https:\/\/jagdverband.it\/it\/#\/schema\/logo\/image\/"}}]}},"_links":{"self":[{"href":"https:\/\/jagdverband.it\/it\/wp-json\/wp\/v2\/pages\/55804"}],"collection":[{"href":"https:\/\/jagdverband.it\/it\/wp-json\/wp\/v2\/pages"}],"about":[{"href":"https:\/\/jagdverband.it\/it\/wp-json\/wp\/v2\/types\/page"}],"author":[{"embeddable":true,"href":"https:\/\/jagdverband.it\/it\/wp-json\/wp\/v2\/users\/3"}],"replies":[{"embeddable":true,"href":"https:\/\/jagdverband.it\/it\/wp-json\/wp\/v2\/comments?post=55804"}],"version-history":[{"count":0,"href":"https:\/\/jagdverband.it\/it\/wp-json\/wp\/v2\/pages\/55804\/revisions"}],"wp:attachment":[{"href":"https:\/\/jagdverband.it\/it\/wp-json\/wp\/v2\/media?parent=55804"}],"curies":[{"name":"wp","href":"https:\/\/api.w.org\/{rel}","templated":true}]}}