{"id":55802,"date":"2019-09-12T13:03:39","date_gmt":"2019-09-12T11:03:39","guid":{"rendered":"https:\/\/jagdverband.it\/chronik-copy\/"},"modified":"2020-02-20T11:38:51","modified_gmt":"2020-02-20T10:38:51","slug":"cenni-storici","status":"publish","type":"page","link":"https:\/\/jagdverband.it\/it\/cenni-storici\/","title":{"rendered":"Cenni storici"},"content":{"rendered":"<p>[et_pb_section fb_built=&#8221;1&#8243; fullwidth=&#8221;on&#8221; _builder_version=&#8221;3.22.3&#8243; custom_padding=&#8221;0px|0px|40px|0px|false|false&#8221;][et_pb_fullwidth_header title=&#8221;Cenni storici&#8221; _builder_version=&#8221;3.27.3&#8243; title_level=&#8221;h2&#8243; title_font=&#8221;||||||||&#8221; title_text_align=&#8221;left&#8221; title_font_size=&#8221;40px&#8221; content_font=&#8221;||||||||&#8221; content_font_size=&#8221;20px&#8221; content_line_height=&#8221;1.8em&#8221; subhead_font=&#8221;||||||||&#8221; background_color=&#8221;rgba(255,255,255,0)&#8221; background_color_gradient_direction=&#8221;90deg&#8221; background_image=&#8221;https:\/\/jagdverband.it\/wp-content\/uploads\/2019\/08\/Jagd-ist-mehr-steinwildjagd.jpg&#8221; custom_button_one=&#8221;on&#8221; button_one_text_size=&#8221;18px&#8221; button_one_bg_color=&#8221;#02d002&#8243; button_one_border_width=&#8221;8px&#8221; button_one_border_color=&#8221;#02d002&#8243; button_one_border_radius=&#8221;0px&#8221; button_one_letter_spacing=&#8221;1px&#8221; button_one_font=&#8221;Lato|700|||||||&#8221; button_one_use_icon=&#8221;off&#8221; custom_button_two=&#8221;on&#8221; button_two_text_size=&#8221;18px&#8221; button_two_text_color=&#8221;#353740&#8243; button_two_bg_color=&#8221;#ffffff&#8221; button_two_border_width=&#8221;8px&#8221; button_two_border_color=&#8221;#ffffff&#8221; button_two_border_radius=&#8221;0px&#8221; button_two_letter_spacing=&#8221;1px&#8221; button_two_font=&#8221;Lato|700|||||||&#8221; button_two_use_icon=&#8221;off&#8221; custom_margin=&#8221;|||&#8221; custom_padding=&#8221;5%||5%|&#8221; hover_transition_duration=&#8221;0ms&#8221; hover_transition_speed_curve=&#8221;linear&#8221; title_font_size_tablet=&#8221;35px&#8221; title_font_size_phone=&#8221;30px&#8221; title_font_size_last_edited=&#8221;on|phone&#8221; button_one_letter_spacing_hover=&#8221;1px&#8221; button_two_letter_spacing_hover=&#8221;1px&#8221; button_one_text_size__hover_enabled=&#8221;off&#8221; button_two_text_size__hover_enabled=&#8221;off&#8221; button_one_text_color__hover_enabled=&#8221;off&#8221; button_two_text_color__hover_enabled=&#8221;off&#8221; button_one_border_width__hover_enabled=&#8221;off&#8221; button_two_border_width__hover_enabled=&#8221;off&#8221; button_one_border_color__hover_enabled=&#8221;off&#8221; button_two_border_color__hover_enabled=&#8221;off&#8221; button_one_border_radius__hover_enabled=&#8221;off&#8221; button_two_border_radius__hover_enabled=&#8221;off&#8221; button_one_letter_spacing__hover_enabled=&#8221;on&#8221; button_one_letter_spacing__hover=&#8221;1px&#8221; button_two_letter_spacing__hover_enabled=&#8221;on&#8221; button_two_letter_spacing__hover=&#8221;1px&#8221; button_one_bg_color__hover_enabled=&#8221;off&#8221; button_two_bg_color__hover_enabled=&#8221;off&#8221;][\/et_pb_fullwidth_header][\/et_pb_section][et_pb_section fb_built=&#8221;1&#8243; specialty=&#8221;on&#8221; _builder_version=&#8221;3.22.3&#8243; custom_padding=&#8221;1px|0px|3px|0px|false|false&#8221;][et_pb_column type=&#8221;3_4&#8243; specialty_columns=&#8221;3&#8243; _builder_version=&#8221;3.25&#8243; custom_padding=&#8221;|||&#8221; parallax__hover=&#8221;off&#8221; parallax_method__hover=&#8221;on&#8221; custom_padding__hover=&#8221;|||&#8221;][et_pb_row_inner _builder_version=&#8221;3.25&#8243; custom_padding=&#8221;0|0px|0|0px|false|false&#8221;][et_pb_column_inner saved_specialty_column_type=&#8221;3_4&#8243; _builder_version=&#8221;3.25&#8243; custom_padding=&#8221;|||&#8221; parallax__hover=&#8221;off&#8221; parallax_method__hover=&#8221;on&#8221; custom_padding__hover=&#8221;|||&#8221;][et_pb_text _builder_version=&#8221;3.27.4&#8243; custom_margin=&#8221;||-20px&#8221; custom_padding=&#8221;2px||27px|||&#8221;]<\/p>\n<h1>Storia dell&#8217;amministrazione venatoria in Alto Adige<\/h1>\n<p>[\/et_pb_text][et_pb_text _builder_version=&#8221;3.27.4&#8243; text_font=&#8221;||||||||&#8221; ul_font=&#8221;||||||||&#8221; custom_margin=&#8221;19px||&#8221; custom_margin_tablet=&#8221;0px||||false|false&#8221; custom_margin_phone=&#8221;&#8221; custom_margin_last_edited=&#8221;on|tablet&#8221; custom_padding=&#8221;0px||||false|false&#8221; text_line_height_tablet=&#8221;&#8221; text_line_height_phone=&#8221;&#8221; text_line_height_last_edited=&#8221;on|phone&#8221; ul_line_height_tablet=&#8221;&#8221; ul_line_height_phone=&#8221;1.6em&#8221; ul_line_height_last_edited=&#8221;on|phone&#8221;]<\/p>\n<p><span>Troviamo traccia di una forma di \u00abunione\u00bb fra cacciatori del nostro territorio gi\u00e0 nella seconda met\u00e0 del diciannovesimo secolo. Era infatti il 1865 quando nel Tirolo storico, comprendente anche la odierna regione Trentino-Alto Adige, un gruppo di praticanti l\u2019attivit\u00e0 venatoria diede vita a un circolo denominato \u00abHirschtafelrunde\u00bb, che si proponeva di impegnarsi contro la degenerazione della caccia. Nove anni pi\u00f9 tardi il gruppo fu iscritto presso il governatorato di Innsbruck con il nome di <em>Tiroler-Jagd-und Vogelschutz-Verein <\/em>(letteralmente:<em> Circolo tirolese per la protezione della caccia e dell\u2019avifauna)<\/em>, che come tale venne ufficialmente riconosciuto nel gennaio 1875.<\/span><\/p>\n<p>[\/et_pb_text][\/et_pb_column_inner][\/et_pb_row_inner][et_pb_row_inner column_structure=&#8221;1_2,1_2&#8243; _builder_version=&#8221;3.27.3&#8243; custom_padding=&#8221;15px||1px|||&#8221;][et_pb_column_inner type=&#8221;1_2&#8243; saved_specialty_column_type=&#8221;3_4&#8243; _builder_version=&#8221;3.27.3&#8243;][et_pb_text _builder_version=&#8221;3.27.4&#8243;]<\/p>\n<p><strong>I primi obiettivi<\/strong><\/p>\n<p>Il Circolo si era dato degli obiettivi precisi: accrescere le consistenze faunistiche, garantire la disciplina fra i cacciatori, controllare il commercio di carni di selvaggina, limitare la pratica della caccia agli ungulati con il cane, regolamentare i prelievi di starne, galli cedroni e galli forcelli.<br \/>I risultati non mancarono, tanto che, in occasione dell\u2019esposizione venatoria internazionale del 1919, che si svolse a Vienna, il Tirolo fece la sua bella figura.<br \/>Purtroppo le vicissitudini della prima guerra mondiale si tradussero, nel campo della gestione faunistico-venatoria del Tirolo storico, in notevoli passi indietro.<br \/>Quando, nel 1919, il Sudtirolo \/ Alto Adige venne annesso all\u2019Italia, i cacciatori sudtirolesi furono confrontati anche con un cambiamento della normativa di riferimento, ivi incluso il fatto che la facolt\u00e0 di esercizio della caccia non fosse pi\u00f9 legata al possedimento terriero.<br \/>Nel primo dopoguerra la caccia di frodo raggiunse livelli assai elevati, come conseguenza della congiuntura critica che la popolazione stava attraversando. I guardiacaccia, del resto, non potevano fare pi\u00f9 di tanto, non essendo autorizzati a portare armi.<\/p>\n<p>[\/et_pb_text][\/et_pb_column_inner][et_pb_column_inner type=&#8221;1_2&#8243; saved_specialty_column_type=&#8221;3_4&#8243; _builder_version=&#8221;3.27.3&#8243;][et_pb_image src=&#8221;https:\/\/jagdverband.it\/wp-content\/uploads\/2018\/09\/Chronik-jagdkarte1925.jpg&#8221; show_in_lightbox=&#8221;on&#8221; _builder_version=&#8221;3.27.3&#8243; custom_padding=&#8221;16px|||||&#8221;][\/et_pb_image][\/et_pb_column_inner][\/et_pb_row_inner][et_pb_row_inner _builder_version=&#8221;3.27.3&#8243; custom_padding=&#8221;10px||8px|||&#8221;][et_pb_column_inner saved_specialty_column_type=&#8221;3_4&#8243; _builder_version=&#8221;3.27.3&#8243;][et_pb_text _builder_version=&#8221;3.27.4&#8243;]<\/p>\n<p><span>Un gruppo di cacciatori si prese a cuore la situazione, dando vita nel 1920 allo <em>Jagdschutzverein f\u00fcr Deutsch-S\u00fcdtirol<\/em>, associazione che riusc\u00ec a far revocare i divieti di caccia; inoltre, al personale di sorveglianza venne riconosciuta la facolt\u00e0 di portare armi. I cittadini tirolesi erano abituati da secoli a possedere e portare armi, mentre nel nuovo status giuridico le cose stavano ben diversamente. <\/span><\/p>\n<p>L\u2019impulso dato dall\u2019associazione fu notevole, ed essa riusc\u00ec a ottenere dalle autorit\u00e0 delle importanti concessioni. Tra l\u2019altro fu regolamentato il sistema affittuario, vennero inasprite le pene per i reati di bracconaggio e fu disciplinato il rilascio del porto d\u2019armi limitatamente ai titolari di permesso di caccia.<\/p>\n<p>[\/et_pb_text][et_pb_text _builder_version=&#8221;3.27.4&#8243;]<\/p>\n<p><strong><span>Il Testo Unico delle leggi sulla caccia del 1939<br \/> <\/span><\/strong><span>Con la presa del potere da parte del fascismo, lo <em>Jagdschutzverein f\u00fcr Deutsch-S\u00fcdtirol<\/em>, alla pari di tutte le associazioni di marca etnica tedesca, fu forzatamente disciolto.<\/span><\/p>\n<p><span>Nel 1939 venne emanato il Testo Unico delle leggi sulla caccia n. 1016. Nel frattempo erano state aggregate alla Federazione nazionale della caccia fascista le varie associazioni venatorie provinciali, alla cui guida vennero insediati funzionari non democraticamente eletti, bens\u00ec insediati dall\u2019alto. <br \/> Anche in Alto Adige-S\u00fcdtirol i cacciatori dovettero unirsi in associazioni di valenza locale; le comunit\u00e0 di riserva acquisirono le vesti di \u00absottosezioni cacciatori\u00bb.<br \/> Il diritto di caccia doveva essere riconosciuto dai comuni alla Sezione provinciale cacciatori o alla locale sottosezione, dietro corresponsione di una quota.<br \/><\/span><span style=\"font-size: 15px;\">La situazione della caccia inizi\u00f2 comunque a farsi abbastanza accettabile, ma un grosso contraccolpo fu portato dal periodo delle \u00abopzioni\u00bb nel corso del secondo conflitto mondiale (il fenomeno per il quale i cittadini sudtirolesi di lingua tedesca vennero chiamati a scegliere fra il rimanere in questa terra conformandosi alla cultura italiana o trasferirsi nei territori del Terzo Reich e divenire cittadini tedeschi).<br \/><\/span><span style=\"font-size: 15px;\">Nel dopoguerra, nuovamente alcuni cacciatori volenterosi si dettero da fare per prendere in mano le redini del comparto venatorio, operando nell\u2019ambito della Sezione provinciale di Bolzano di Federazione Italiana della Caccia.<\/span><\/p>\n<p><strong>1964: istituzione delle \u00abriserve di diritto\u00bb <\/strong><\/p>\n<p><span>Con l\u2019accordo di Parigi del 1939 fu istituita la Regione Autonoma Trentino-Alto Adige; alle due amministrazioni provinciali di Trento e Bolzano furono conseguentemente trasferite le competenze &#8211; sino ad allora ministeriali &#8211; in materia di caccia e pesca. A Bolzano e Trento furono istituiti i rispettivi Comitati caccia.<br \/><\/span><span style=\"font-size: 15px;\">Il graduale miglioramento della situazione in campo venatorio port\u00f2 con s\u00e9 anche delle insidie per la comunit\u00e0 venatoria altoatesina. Vennero impugnati il sistema riservistico e la norma circa l\u2019iscrizione obbligatoria dei cacciatori alla Sezione provinciale Federcaccia. Nell\u2019insieme si tent\u00f2 di estendere alla Provincia di Bolzano il sistema di \u00abcaccia libera\u00bb vigente a livello nazionale.<br \/><\/span><span style=\"font-size: 15px;\">I dirigenti della Sezione Federcaccia di Bolzano consultarono giuristi di rango. In tutta fretta venne elaborata una legge regionale stante a istituire le \u00abriserve di diritto\u00bb, che fu varata nell\u2019anno 1964. Tramite questo strumento normativo e il successivo regolamento di attuazione, venne affidata alle Sezioni provinciali Federcaccia di Bolzano e Trento la gestione delle riserve di diritto. A seguire, in Alto Adige la regolamentazione venatoria fu rapidamente consolidata. Tra l\u2019altro venne inasprito il trattamento delle violazioni venatorie; inoltre venne introdotto l\u2019obbligo di risarcimenti a beneficio della Sezione provinciale cacciatori nei casi di bracconaggio.<\/span><\/p>\n<p>[\/et_pb_text][\/et_pb_column_inner][\/et_pb_row_inner][et_pb_row_inner column_structure=&#8221;1_2,1_2&#8243; _builder_version=&#8221;3.27.3&#8243; custom_padding=&#8221;14px||2px|||&#8221;][et_pb_column_inner type=&#8221;1_2&#8243; saved_specialty_column_type=&#8221;3_4&#8243; _builder_version=&#8221;3.27.3&#8243;][et_pb_text _builder_version=&#8221;3.27.4&#8243;]<\/p>\n<p><span>Agli effetti della gestione della caccia, la legge regionale apport\u00f2 una suddivisione del territorio altoatesino in quattro categorie: le riserve di caccia di diritto (651.000 ettari complessivi), i beni del demanio forestale provinciale (56.545 ettari), l\u2019area del Parco nazionale dello Stelvio (52.000 ettari) e le riserve di caccia private (14.158 ettari); queste ultime, peraltro, solo in un regime di concessione, cosicch\u00e9 nei casi di mancato di rinnovo della concessione la riserva privata era destinata ad essere riaccorpata alla relativa riserva di diritto.<br \/><\/span>Vennero istituite per l\u2019esattezza 131 riserve di diritto, sostanzialmente coincidenti con il rispettivo territorio comunale.<br \/>Dapprincipio vi fu chi non vide di buon occhio alcune delle novit\u00e0 introdotte dalla legge regionale: ad esempio il fatto che la Sezione Federcaccia non fosse pi\u00f9 autorizzata a limitare il numero massimo di soci delle riserve, dato che l\u2019esercizio della caccia era un diritto riconosciuto a chiunque vantasse un determinato periodo di residenza nel proprio comune.<br \/>Sul piano dell\u2019organigramma, i tempi dei dirigenti imposti dall\u2019alto divennero fortunatamente un ricordo.<\/p>\n<p><span>L\u2019organizzazione della Sezione provinciale prevedeva l\u2019elezione dei rettori da parte dei soci delle singole riserve, l\u2019elezione degli otto presidenti distrettuali da parte dei rettori degli otto distretti, l\u2019elezione del consiglio direttivo provinciale da parte dell\u2019assemblea generale dei rettori e l\u2019elezione del presidente da parte dei membri del consiglio direttivo provinciale. All\u2019interno del direttivo vennero previsti tre consiglieri in rappresentanza della minoranza etnica italiana, per un totale di undici membri.<br \/><\/span>Sin dal principio la Sezione provinciale si fece carico di una serie di importanti mansioni: emissione dei permessi di caccia, fissazione dei piani di prelievo, elaborazione delle direttive di prelievo per gli ungulati e del regolamento provinciale sulla caccia, trattazione delle vertenze disciplinari, messa in atto della sorveglianza.<span><br \/><\/span><\/p>\n<p>[\/et_pb_text][\/et_pb_column_inner][et_pb_column_inner type=&#8221;1_2&#8243; saved_specialty_column_type=&#8221;3_4&#8243; _builder_version=&#8221;3.27.3&#8243;][et_pb_image src=&#8221;https:\/\/jagdverband.it\/wp-content\/uploads\/2018\/09\/Legge-regionale-30-1964.jpg&#8221; show_in_lightbox=&#8221;on&#8221; _builder_version=&#8221;3.27.3&#8243;][\/et_pb_image][\/et_pb_column_inner][\/et_pb_row_inner][et_pb_row_inner _builder_version=&#8221;3.27.3&#8243; custom_padding=&#8221;8px|||||&#8221;][et_pb_column_inner saved_specialty_column_type=&#8221;3_4&#8243; _builder_version=&#8221;3.27.3&#8243;][et_pb_text _builder_version=&#8221;4.0.9&#8243; hover_enabled=&#8221;0&#8243;]<\/p>\n<p><strong><span>1988: nasce l\u2019Associazione Cacciatori Alto Adige<\/span><\/strong><\/p>\n<p><span>Gi\u00e0 nel 1972, con la chiusura del \u00abPacchetto di autonomia\u00bb, le competenze sulla caccia e la pesca, ivi incluso il potere di legiferare in materia, erano passate dalla Regione Trentino-Alto Adige alle Province Autonome di Bolzano e Trento.<\/span><\/p>\n<p><span>In Alto Adige le competenze in campo normativo culminarono nell\u2019anno 1987 nell\u2019emanazione, da parte della Giunta provinciale di Bolzano, della legge provinciale sulla caccia n. 14\/1987. Tale legge prevedeva l\u2019operativit\u00e0 sul territorio di un\u2019associazione che rappresentasse i cacciatori della provincia. Nell\u2019anno 1988 si giunse cos\u00ec &#8211; stante l\u2019elaborazione di un apposito statuto &#8211; alla costituzione dell\u2019Associazione Cacciatori Alto Adige (Acaa), gi\u00e0 Sezione provinciale Federcaccia e che tale continu\u00f2 ad essere anche nel nuovo, pi\u00f9 autonomo regime. Membri costituenti furono i dirigenti in carica della stessa Sezione provinciale di Bolzano della Federazione Italiana della Caccia, e la costituzione fu ratifica dall\u2019assemblea generale dei rettori di quell\u2019anno.<\/span><\/p>\n<p>Nel prosieguo, la Giunta provinciale di Bolzano riconobbe l\u2019Associazione Cacciatori Alto Adige come associazione venatoria di valenza provinciale, ne ratific\u00f2 lo statuto e confer\u00ec all\u2019associazione lo status di persona giuridica. Con decreto PGP del 20.12.1988 venne infine delegata all\u2019Acaa la gestione delle riserve di caccia di diritto altoatesine, che nel frattempo erano salite a 144, in virt\u00f9 di alcune divisioni territoriali.<\/p>\n<p><strong>I presidenti della Sezione Federcaccia di Bolzano \/ Associazione Cacciatori Alto Adige nel corso degli anni:<\/strong><\/p>\n<p>1941 &#8211; 1943\u00a0 \u00a0Francesco Dordi<\/p>\n<p>1943 &#8211; 1945\u00a0 \u00a0Toni Welponer<\/p>\n<p>1945 &#8211; 1947\u00a0 \u00a0Francesco Dordi<\/p>\n<p>1947 &#8211; 1952\u00a0 \u00a0August Pichler<\/p>\n<p>1952 &#8211; 1960\u00a0 \u00a0Wilhelm R. von Lachm\u00fcller<\/p>\n<p>1960 &#8211; 1964\u00a0 \u00a0Leo von Pretz<\/p>\n<p>1964 &#8211; 1980\u00a0 \u00a0Ludwig von Lutterotti<\/p>\n<p>1980 &#8211; 1981\u00a0 \u00a0Oswald Galler<\/p>\n<p>1981 &#8211; 1985\u00a0 \u00a0Erwin Kiem<\/p>\n<p>1985 &#8211; 1989\u00a0 \u00a0Oswald Galler<\/p>\n<p>1989 &#8211; 1993\u00a0 \u00a0Eduard Mahlknecht<\/p>\n<p>1993 &#8211; 2013\u00a0 \u00a0Klaus Stocker<\/p>\n<p>2013 &#8211; 2020\u00a0 \u00a0Berthold Marx<\/p>\n<p>2020\u00a0 \u00a0fino a tutt\u2019oggi G\u00fcnther Rabensteiner<\/p>\n<p>[\/et_pb_text][\/et_pb_column_inner][\/et_pb_row_inner][et_pb_row_inner column_structure=&#8221;1_3,1_3,1_3&#8243; _builder_version=&#8221;3.27.3&#8243;][et_pb_column_inner type=&#8221;1_3&#8243; saved_specialty_column_type=&#8221;3_4&#8243; _builder_version=&#8221;3.27.3&#8243;][et_pb_image src=&#8221;https:\/\/jagdverband.it\/wp-content\/uploads\/2018\/09\/Chronik-versammlung_klein.jpg&#8221; show_in_lightbox=&#8221;on&#8221; _builder_version=&#8221;3.27.3&#8243;][\/et_pb_image][\/et_pb_column_inner][et_pb_column_inner type=&#8221;1_3&#8243; saved_specialty_column_type=&#8221;3_4&#8243; _builder_version=&#8221;3.27.3&#8243;][et_pb_image src=&#8221;https:\/\/jagdverband.it\/wp-content\/uploads\/2018\/09\/Chronik-landesluisinjungenjahren.jpg&#8221; show_in_lightbox=&#8221;on&#8221; _builder_version=&#8221;3.27.3&#8243;][\/et_pb_image][\/et_pb_column_inner][et_pb_column_inner type=&#8221;1_3&#8243; saved_specialty_column_type=&#8221;3_4&#8243; _builder_version=&#8221;3.27.3&#8243;][et_pb_image src=&#8221;https:\/\/jagdverband.it\/wp-content\/uploads\/2018\/09\/Chronik-landesjagdausschuss_70er_klein.jpg&#8221; show_in_lightbox=&#8221;on&#8221; _builder_version=&#8221;3.27.3&#8243;][\/et_pb_image][\/et_pb_column_inner][\/et_pb_row_inner][et_pb_row_inner _builder_version=&#8221;3.25&#8243; custom_padding=&#8221;21px|0px|0|0px|false|false&#8221;][et_pb_column_inner saved_specialty_column_type=&#8221;3_4&#8243; _builder_version=&#8221;3.25&#8243; custom_padding=&#8221;|||&#8221; parallax__hover=&#8221;off&#8221; parallax_method__hover=&#8221;on&#8221; custom_padding__hover=&#8221;|||&#8221;][et_pb_divider color=&#8221;rgba(0,0,0,0.1)&#8221; _builder_version=&#8221;3.19&#8243;][\/et_pb_divider][\/et_pb_column_inner][\/et_pb_row_inner][\/et_pb_column][et_pb_column type=&#8221;1_4&#8243; _builder_version=&#8221;3.25&#8243; custom_padding=&#8221;|||&#8221; parallax__hover=&#8221;off&#8221; parallax_method__hover=&#8221;on&#8221; custom_padding__hover=&#8221;|||&#8221;][et_pb_sidebar orientation=&#8221;right&#8221; disabled_on=&#8221;off|off|off&#8221; _builder_version=&#8221;3.27.1&#8243;][\/et_pb_sidebar][\/et_pb_column][\/et_pb_section]<\/p>\n","protected":false},"excerpt":{"rendered":"<p>Storia dell&#8217;amministrazione venatoria in Alto AdigeTroviamo traccia di una forma di \u00abunione\u00bb fra cacciatori del nostro territorio gi\u00e0 nella seconda met\u00e0 del diciannovesimo secolo. Era infatti il 1865 quando nel [&hellip;]<\/p>\n","protected":false},"author":3,"featured_media":0,"parent":0,"menu_order":0,"comment_status":"closed","ping_status":"closed","template":"","meta":{"_et_pb_use_builder":"on","_et_pb_old_content":"","_et_gb_content_width":""},"ams_acf":[],"yoast_head":"<!-- This site is optimized with the Yoast SEO plugin v19.6 - https:\/\/yoast.com\/wordpress\/plugins\/seo\/ -->\n<title>Cenni storici - S\u00fcdtiroler Jagdverband<\/title>\n<meta name=\"robots\" content=\"index, follow, max-snippet:-1, max-image-preview:large, max-video-preview:-1\" \/>\n<link rel=\"canonical\" href=\"https:\/\/jagdverband.it\/it\/cenni-storici\/\" \/>\n<meta property=\"og:locale\" content=\"it_IT\" \/>\n<meta property=\"og:type\" content=\"article\" \/>\n<meta property=\"og:title\" content=\"Cenni storici - S\u00fcdtiroler Jagdverband\" \/>\n<meta property=\"og:description\" content=\"Storia dell&#039;amministrazione venatoria in Alto AdigeTroviamo traccia di una forma di \u00abunione\u00bb fra cacciatori del nostro territorio gi\u00e0 nella seconda met\u00e0 del diciannovesimo secolo. Era infatti il 1865 quando nel [&hellip;]\" \/>\n<meta property=\"og:url\" content=\"https:\/\/jagdverband.it\/it\/cenni-storici\/\" \/>\n<meta property=\"og:site_name\" content=\"S\u00fcdtiroler Jagdverband\" \/>\n<meta property=\"article:modified_time\" content=\"2020-02-20T10:38:51+00:00\" \/>\n<meta name=\"twitter:card\" content=\"summary\" \/>\n<meta name=\"twitter:label1\" content=\"Tempo di lettura stimato\" \/>\n\t<meta name=\"twitter:data1\" content=\"12 minuti\" \/>\n<script type=\"application\/ld+json\" class=\"yoast-schema-graph\">{\"@context\":\"https:\/\/schema.org\",\"@graph\":[{\"@type\":\"WebPage\",\"@id\":\"https:\/\/jagdverband.it\/it\/cenni-storici\/\",\"url\":\"https:\/\/jagdverband.it\/it\/cenni-storici\/\",\"name\":\"Cenni storici - S\u00fcdtiroler Jagdverband\",\"isPartOf\":{\"@id\":\"https:\/\/jagdverband.it\/it\/#website\"},\"datePublished\":\"2019-09-12T11:03:39+00:00\",\"dateModified\":\"2020-02-20T10:38:51+00:00\",\"breadcrumb\":{\"@id\":\"https:\/\/jagdverband.it\/it\/cenni-storici\/#breadcrumb\"},\"inLanguage\":\"it-IT\",\"potentialAction\":[{\"@type\":\"ReadAction\",\"target\":[\"https:\/\/jagdverband.it\/it\/cenni-storici\/\"]}]},{\"@type\":\"BreadcrumbList\",\"@id\":\"https:\/\/jagdverband.it\/it\/cenni-storici\/#breadcrumb\",\"itemListElement\":[{\"@type\":\"ListItem\",\"position\":1,\"name\":\"Home\",\"item\":\"https:\/\/jagdverband.it\/it\/\"},{\"@type\":\"ListItem\",\"position\":2,\"name\":\"Cenni storici\"}]},{\"@type\":\"WebSite\",\"@id\":\"https:\/\/jagdverband.it\/it\/#website\",\"url\":\"https:\/\/jagdverband.it\/it\/\",\"name\":\"S\u00fcdtiroler Jagdverband\",\"description\":\"S\u00fcdtiroler Jagdverband\",\"publisher\":{\"@id\":\"https:\/\/jagdverband.it\/it\/#organization\"},\"potentialAction\":[{\"@type\":\"SearchAction\",\"target\":{\"@type\":\"EntryPoint\",\"urlTemplate\":\"https:\/\/jagdverband.it\/it\/?s={search_term_string}\"},\"query-input\":\"required name=search_term_string\"}],\"inLanguage\":\"it-IT\"},{\"@type\":\"Organization\",\"@id\":\"https:\/\/jagdverband.it\/it\/#organization\",\"name\":\"S\u00fcdtiroler Jagdverband\",\"url\":\"https:\/\/jagdverband.it\/it\/\",\"sameAs\":[],\"logo\":{\"@type\":\"ImageObject\",\"inLanguage\":\"it-IT\",\"@id\":\"https:\/\/jagdverband.it\/it\/#\/schema\/logo\/image\/\",\"url\":\"\",\"contentUrl\":\"\",\"caption\":\"S\u00fcdtiroler Jagdverband\"},\"image\":{\"@id\":\"https:\/\/jagdverband.it\/it\/#\/schema\/logo\/image\/\"}}]}<\/script>\n<!-- \/ Yoast SEO plugin. -->","yoast_head_json":{"title":"Cenni storici - S\u00fcdtiroler Jagdverband","robots":{"index":"index","follow":"follow","max-snippet":"max-snippet:-1","max-image-preview":"max-image-preview:large","max-video-preview":"max-video-preview:-1"},"canonical":"https:\/\/jagdverband.it\/it\/cenni-storici\/","og_locale":"it_IT","og_type":"article","og_title":"Cenni storici - S\u00fcdtiroler Jagdverband","og_description":"Storia dell'amministrazione venatoria in Alto AdigeTroviamo traccia di una forma di \u00abunione\u00bb fra cacciatori del nostro territorio gi\u00e0 nella seconda met\u00e0 del diciannovesimo secolo. Era infatti il 1865 quando nel [&hellip;]","og_url":"https:\/\/jagdverband.it\/it\/cenni-storici\/","og_site_name":"S\u00fcdtiroler Jagdverband","article_modified_time":"2020-02-20T10:38:51+00:00","twitter_card":"summary","twitter_misc":{"Tempo di lettura stimato":"12 minuti"},"schema":{"@context":"https:\/\/schema.org","@graph":[{"@type":"WebPage","@id":"https:\/\/jagdverband.it\/it\/cenni-storici\/","url":"https:\/\/jagdverband.it\/it\/cenni-storici\/","name":"Cenni storici - S\u00fcdtiroler Jagdverband","isPartOf":{"@id":"https:\/\/jagdverband.it\/it\/#website"},"datePublished":"2019-09-12T11:03:39+00:00","dateModified":"2020-02-20T10:38:51+00:00","breadcrumb":{"@id":"https:\/\/jagdverband.it\/it\/cenni-storici\/#breadcrumb"},"inLanguage":"it-IT","potentialAction":[{"@type":"ReadAction","target":["https:\/\/jagdverband.it\/it\/cenni-storici\/"]}]},{"@type":"BreadcrumbList","@id":"https:\/\/jagdverband.it\/it\/cenni-storici\/#breadcrumb","itemListElement":[{"@type":"ListItem","position":1,"name":"Home","item":"https:\/\/jagdverband.it\/it\/"},{"@type":"ListItem","position":2,"name":"Cenni storici"}]},{"@type":"WebSite","@id":"https:\/\/jagdverband.it\/it\/#website","url":"https:\/\/jagdverband.it\/it\/","name":"S\u00fcdtiroler Jagdverband","description":"S\u00fcdtiroler Jagdverband","publisher":{"@id":"https:\/\/jagdverband.it\/it\/#organization"},"potentialAction":[{"@type":"SearchAction","target":{"@type":"EntryPoint","urlTemplate":"https:\/\/jagdverband.it\/it\/?s={search_term_string}"},"query-input":"required name=search_term_string"}],"inLanguage":"it-IT"},{"@type":"Organization","@id":"https:\/\/jagdverband.it\/it\/#organization","name":"S\u00fcdtiroler Jagdverband","url":"https:\/\/jagdverband.it\/it\/","sameAs":[],"logo":{"@type":"ImageObject","inLanguage":"it-IT","@id":"https:\/\/jagdverband.it\/it\/#\/schema\/logo\/image\/","url":"","contentUrl":"","caption":"S\u00fcdtiroler Jagdverband"},"image":{"@id":"https:\/\/jagdverband.it\/it\/#\/schema\/logo\/image\/"}}]}},"_links":{"self":[{"href":"https:\/\/jagdverband.it\/it\/wp-json\/wp\/v2\/pages\/55802"}],"collection":[{"href":"https:\/\/jagdverband.it\/it\/wp-json\/wp\/v2\/pages"}],"about":[{"href":"https:\/\/jagdverband.it\/it\/wp-json\/wp\/v2\/types\/page"}],"author":[{"embeddable":true,"href":"https:\/\/jagdverband.it\/it\/wp-json\/wp\/v2\/users\/3"}],"replies":[{"embeddable":true,"href":"https:\/\/jagdverband.it\/it\/wp-json\/wp\/v2\/comments?post=55802"}],"version-history":[{"count":0,"href":"https:\/\/jagdverband.it\/it\/wp-json\/wp\/v2\/pages\/55802\/revisions"}],"wp:attachment":[{"href":"https:\/\/jagdverband.it\/it\/wp-json\/wp\/v2\/media?parent=55802"}],"curies":[{"name":"wp","href":"https:\/\/api.w.org\/{rel}","templated":true}]}}