{"id":55772,"date":"2019-11-14T11:18:03","date_gmt":"2019-11-14T10:18:03","guid":{"rendered":"https:\/\/jagdverband.it\/jagdreviere-copy\/"},"modified":"2019-11-21T15:00:18","modified_gmt":"2019-11-21T14:00:18","slug":"riserve-di-caccia","status":"publish","type":"page","link":"https:\/\/jagdverband.it\/it\/riserve-di-caccia\/","title":{"rendered":"Riserve di caccia"},"content":{"rendered":"<p>[et_pb_section fb_built=&#8221;1&#8243; fullwidth=&#8221;on&#8221; admin_label=&#8221;Call to Action&#8221; _builder_version=&#8221;3.22.3&#8243; animation_direction=&#8221;bottom&#8221; locked=&#8221;off&#8221; fb_built=&#8221;1&#8243; _i=&#8221;0&#8243; _address=&#8221;0&#8243;][et_pb_fullwidth_header title=&#8221;Riserve di caccia&#8221; _builder_version=&#8221;3.27.3&#8243; title_level=&#8221;h2&#8243; title_font=&#8221;||||||||&#8221; title_text_align=&#8221;left&#8221; title_font_size=&#8221;40px&#8221; content_font=&#8221;||||||||&#8221; content_font_size=&#8221;20px&#8221; content_line_height=&#8221;1.8em&#8221; subhead_font=&#8221;||||||||&#8221; background_color=&#8221;rgba(255,255,255,0)&#8221; background_color_gradient_direction=&#8221;90deg&#8221; background_image=&#8221;https:\/\/jagdverband.it\/wp-content\/uploads\/2019\/08\/aufderjagd_gottfriedmair.jpg&#8221; custom_button_one=&#8221;on&#8221; button_one_text_size=&#8221;18px&#8221; button_one_bg_color=&#8221;#02d002&#8243; button_one_border_width=&#8221;8px&#8221; button_one_border_color=&#8221;#02d002&#8243; button_one_border_radius=&#8221;0px&#8221; button_one_letter_spacing=&#8221;1px&#8221; button_one_font=&#8221;Lato|700|||||||&#8221; button_one_use_icon=&#8221;off&#8221; custom_button_two=&#8221;on&#8221; button_two_text_size=&#8221;18px&#8221; button_two_text_color=&#8221;#353740&#8243; button_two_bg_color=&#8221;#ffffff&#8221; button_two_border_width=&#8221;8px&#8221; button_two_border_color=&#8221;#ffffff&#8221; button_two_border_radius=&#8221;0px&#8221; button_two_letter_spacing=&#8221;1px&#8221; button_two_font=&#8221;Lato|700|||||||&#8221; button_two_use_icon=&#8221;off&#8221; custom_margin=&#8221;|||&#8221; custom_padding=&#8221;5%||5%|&#8221; hover_transition_duration=&#8221;0ms&#8221; hover_transition_speed_curve=&#8221;linear&#8221; title_font_size_tablet=&#8221;35px&#8221; title_font_size_phone=&#8221;30px&#8221; title_font_size_last_edited=&#8221;on|phone&#8221; button_one_letter_spacing_hover=&#8221;1px&#8221; button_two_letter_spacing_hover=&#8221;1px&#8221; button_one_text_size__hover_enabled=&#8221;off&#8221; button_two_text_size__hover_enabled=&#8221;off&#8221; button_one_text_color__hover_enabled=&#8221;off&#8221; button_two_text_color__hover_enabled=&#8221;off&#8221; button_one_border_width__hover_enabled=&#8221;off&#8221; button_two_border_width__hover_enabled=&#8221;off&#8221; button_one_border_color__hover_enabled=&#8221;off&#8221; button_two_border_color__hover_enabled=&#8221;off&#8221; button_one_border_radius__hover_enabled=&#8221;off&#8221; button_two_border_radius__hover_enabled=&#8221;off&#8221; button_one_letter_spacing__hover_enabled=&#8221;on&#8221; button_one_letter_spacing__hover=&#8221;1px&#8221; button_two_letter_spacing__hover_enabled=&#8221;on&#8221; button_two_letter_spacing__hover=&#8221;1px&#8221; button_one_bg_color__hover_enabled=&#8221;off&#8221; button_two_bg_color__hover_enabled=&#8221;off&#8221; _i=&#8221;0&#8243; _address=&#8221;0.0&#8243;][\/et_pb_fullwidth_header][\/et_pb_section][et_pb_section fb_built=&#8221;1&#8243; specialty=&#8221;on&#8221; _builder_version=&#8221;3.22.3&#8243; custom_padding=&#8221;16px|0px|0|0px|false|false&#8221; fb_built=&#8221;1&#8243; _i=&#8221;1&#8243; _address=&#8221;1&#8243;][et_pb_column type=&#8221;3_4&#8243; specialty_columns=&#8221;3&#8243; _builder_version=&#8221;3.25&#8243; custom_padding=&#8221;|||&#8221; parallax__hover=&#8221;off&#8221; parallax_method__hover=&#8221;on&#8221; custom_padding__hover=&#8221;|||&#8221; _i=&#8221;0&#8243; _address=&#8221;1.0&#8243;][et_pb_row_inner _builder_version=&#8221;3.25&#8243; custom_padding=&#8221;7px|0px|0|0px|false|false&#8221; _i=&#8221;0&#8243; _address=&#8221;1.0.0&#8243;][et_pb_column_inner saved_specialty_column_type=&#8221;3_4&#8243; _builder_version=&#8221;3.25&#8243; custom_padding=&#8221;|||&#8221; parallax__hover=&#8221;off&#8221; parallax_method__hover=&#8221;on&#8221; custom_padding__hover=&#8221;|||&#8221; _i=&#8221;0&#8243; _address=&#8221;1.0.0.0&#8243;][et_pb_text _builder_version=&#8221;3.27.3&#8243; min_height=&#8221;25px&#8221; custom_margin=&#8221;19px|||||&#8221; custom_padding=&#8221;0px|||||&#8221; _i=&#8221;0&#8243; _address=&#8221;1.0.0.0.0&#8243;]<\/p>\n<h1>Le riserve di caccia in Alto Adige<\/h1>\n<p>[\/et_pb_text][\/et_pb_column_inner][\/et_pb_row_inner][et_pb_row_inner column_structure=&#8221;1_2,1_2&#8243; _builder_version=&#8221;3.25&#8243; custom_padding=&#8221;2px|0px|44px|0px|false|false&#8221; _i=&#8221;1&#8243; _address=&#8221;1.0.1&#8243;][et_pb_column_inner type=&#8221;1_2&#8243; saved_specialty_column_type=&#8221;3_4&#8243; _builder_version=&#8221;3.25&#8243; custom_padding=&#8221;|||&#8221; parallax__hover=&#8221;off&#8221; parallax_method__hover=&#8221;on&#8221; custom_padding__hover=&#8221;|||&#8221; _i=&#8221;0&#8243; _address=&#8221;1.0.1.0&#8243;][et_pb_text _builder_version=&#8221;3.27.3&#8243; _i=&#8221;0&#8243; _address=&#8221;1.0.1.0.0&#8243;]<\/p>\n<p>In Alto Adige ci sono 145 riserve di diritto. Sono raggruppate in 8 distretti venatori. Le dimensioni delle singole riserve variano notevolmente.<\/p>\n<p>[\/et_pb_text][et_pb_text _builder_version=&#8221;3.27.3&#8243; _i=&#8221;1&#8243; _address=&#8221;1.0.1.0.1&#8243;]<\/p>\n<p><span>Circa 6.000 cacciatori altoatesini sono soci di una riserva di diritto. Ogni socio dispone in media di una superficie di caccia di 100 ettari.<\/span><\/p>\n<p>[\/et_pb_text][et_pb_text _builder_version=&#8221;3.27.3&#8243; hover_enabled=&#8221;0&#8243; _i=&#8221;2&#8243; _address=&#8221;1.0.1.0.2&#8243;]<\/p>\n<p>La riserva pi\u00f9 grande \u00e8 quella di Sarentino, che con circa 30.000 ettari di superficie \u00e8 oltre 100 volte pi\u00f9 estesa di quella di Ponte Gardena, di soli 230 ettari. L\u2019estensione media di una riserva \u00e8 compresa tra i 4000 e i 5000 ettari, quindi sufficientemente estesa da potere permettere una razionale gestione venatoria.<\/p>\n<p>[\/et_pb_text][\/et_pb_column_inner][et_pb_column_inner type=&#8221;1_2&#8243; saved_specialty_column_type=&#8221;3_4&#8243; _builder_version=&#8221;3.25&#8243; custom_padding=&#8221;|||&#8221; parallax__hover=&#8221;off&#8221; parallax_method__hover=&#8221;on&#8221; custom_padding__hover=&#8221;|||&#8221; _i=&#8221;1&#8243; _address=&#8221;1.0.1.1&#8243;][et_pb_image src=&#8221;https:\/\/jagdverband.it\/wp-content\/uploads\/2018\/09\/bezirke_ita-1.jpg&#8221; show_in_lightbox=&#8221;on&#8221; _builder_version=&#8221;3.27.3&#8243; _i=&#8221;0&#8243; _address=&#8221;1.0.1.1.0&#8243;][\/et_pb_image][et_pb_number_counter title=&#8221;Distretti venatori&#8221; number=&#8221;8&#8243; percent_sign=&#8221;off&#8221; _builder_version=&#8221;3.27.3&#8243; _i=&#8221;1&#8243; _address=&#8221;1.0.1.1.1&#8243;][\/et_pb_number_counter][et_pb_number_counter title=&#8221;Riserve di diritto&#8221; number=&#8221;145&#8243; percent_sign=&#8221;off&#8221; _builder_version=&#8221;3.27.3&#8243; _i=&#8221;2&#8243; _address=&#8221;1.0.1.1.2&#8243;][\/et_pb_number_counter][\/et_pb_column_inner][\/et_pb_row_inner][\/et_pb_column][et_pb_column type=&#8221;1_4&#8243; _builder_version=&#8221;3.25&#8243; custom_padding=&#8221;|||&#8221; parallax__hover=&#8221;off&#8221; parallax_method__hover=&#8221;on&#8221; custom_padding__hover=&#8221;|||&#8221; _i=&#8221;1&#8243; _address=&#8221;1.1&#8243;][et_pb_sidebar orientation=&#8221;right&#8221; disabled_on=&#8221;off|off|off&#8221; _builder_version=&#8221;3.27.3&#8243; _i=&#8221;0&#8243; _address=&#8221;1.1.0&#8243;][\/et_pb_sidebar][\/et_pb_column][\/et_pb_section]<\/p>\n","protected":false},"excerpt":{"rendered":"<p>Le riserve di caccia in Alto AdigeIn Alto Adige ci sono 145 riserve di diritto. Sono raggruppate in 8 distretti venatori. Le dimensioni delle singole riserve variano notevolmente.Circa 6.000 cacciatori [&hellip;]<\/p>\n","protected":false},"author":3,"featured_media":0,"parent":0,"menu_order":0,"comment_status":"open","ping_status":"open","template":"","meta":{"_et_pb_use_builder":"on","_et_pb_old_content":"<p>Die 145 Jagdreviere kraft Gesetzes sind in 8 Jagdbezirken zusammengeschlossen. Die Gr\u00f6\u00dfe der einzelnen Reviere ist sehr unterschiedlich: Mit 30.000 ha ist das Revier Sarntal das gr\u00f6\u00dfte des Landes und mehr als 100 mal so gro\u00df wie das kleinste, n\u00e4mlich Waidbruck mit nur 230 ha. Die durchschnittliche Reviergr\u00f6\u00dfe betr\u00e4gt zwischen 4000 und 5000 ha und erm\u00f6glicht eine sinnvolle jagdliche Planung.<\/p><p>Rund 6.000 S\u00fcdtiroler J\u00e4ger sind Mitglied in einem Revier kraft Gesetzes. Jedem Einzelnen steht im Durchschnitt eine Jagdfl\u00e4che von 100 ha zur Verf\u00fcgung.<\/p>","_et_gb_content_width":""},"ams_acf":[],"yoast_head":"<!-- This site is optimized with the Yoast SEO plugin v19.6 - https:\/\/yoast.com\/wordpress\/plugins\/seo\/ -->\n<title>Riserve di caccia - S\u00fcdtiroler Jagdverband<\/title>\n<meta name=\"robots\" content=\"index, follow, max-snippet:-1, max-image-preview:large, max-video-preview:-1\" \/>\n<link rel=\"canonical\" href=\"https:\/\/jagdverband.it\/it\/riserve-di-caccia\/\" \/>\n<meta property=\"og:locale\" content=\"it_IT\" \/>\n<meta property=\"og:type\" content=\"article\" \/>\n<meta property=\"og:title\" content=\"Riserve di caccia - S\u00fcdtiroler Jagdverband\" \/>\n<meta property=\"og:description\" content=\"Le riserve di caccia in Alto AdigeIn Alto Adige ci sono 145 riserve di diritto. Sono raggruppate in 8 distretti venatori. Le dimensioni delle singole riserve variano notevolmente.Circa 6.000 cacciatori [&hellip;]\" \/>\n<meta property=\"og:url\" content=\"https:\/\/jagdverband.it\/it\/riserve-di-caccia\/\" \/>\n<meta property=\"og:site_name\" content=\"S\u00fcdtiroler Jagdverband\" \/>\n<meta property=\"article:modified_time\" content=\"2019-11-21T14:00:18+00:00\" \/>\n<meta name=\"twitter:card\" content=\"summary\" \/>\n<meta name=\"twitter:label1\" content=\"Tempo di lettura stimato\" \/>\n\t<meta name=\"twitter:data1\" content=\"4 minuti\" \/>\n<script type=\"application\/ld+json\" class=\"yoast-schema-graph\">{\"@context\":\"https:\/\/schema.org\",\"@graph\":[{\"@type\":\"WebPage\",\"@id\":\"https:\/\/jagdverband.it\/it\/riserve-di-caccia\/\",\"url\":\"https:\/\/jagdverband.it\/it\/riserve-di-caccia\/\",\"name\":\"Riserve di caccia - S\u00fcdtiroler Jagdverband\",\"isPartOf\":{\"@id\":\"https:\/\/jagdverband.it\/it\/#website\"},\"datePublished\":\"2019-11-14T10:18:03+00:00\",\"dateModified\":\"2019-11-21T14:00:18+00:00\",\"breadcrumb\":{\"@id\":\"https:\/\/jagdverband.it\/it\/riserve-di-caccia\/#breadcrumb\"},\"inLanguage\":\"it-IT\",\"potentialAction\":[{\"@type\":\"ReadAction\",\"target\":[\"https:\/\/jagdverband.it\/it\/riserve-di-caccia\/\"]}]},{\"@type\":\"BreadcrumbList\",\"@id\":\"https:\/\/jagdverband.it\/it\/riserve-di-caccia\/#breadcrumb\",\"itemListElement\":[{\"@type\":\"ListItem\",\"position\":1,\"name\":\"Home\",\"item\":\"https:\/\/jagdverband.it\/it\/\"},{\"@type\":\"ListItem\",\"position\":2,\"name\":\"Riserve di caccia\"}]},{\"@type\":\"WebSite\",\"@id\":\"https:\/\/jagdverband.it\/it\/#website\",\"url\":\"https:\/\/jagdverband.it\/it\/\",\"name\":\"S\u00fcdtiroler Jagdverband\",\"description\":\"S\u00fcdtiroler Jagdverband\",\"publisher\":{\"@id\":\"https:\/\/jagdverband.it\/it\/#organization\"},\"potentialAction\":[{\"@type\":\"SearchAction\",\"target\":{\"@type\":\"EntryPoint\",\"urlTemplate\":\"https:\/\/jagdverband.it\/it\/?s={search_term_string}\"},\"query-input\":\"required name=search_term_string\"}],\"inLanguage\":\"it-IT\"},{\"@type\":\"Organization\",\"@id\":\"https:\/\/jagdverband.it\/it\/#organization\",\"name\":\"S\u00fcdtiroler Jagdverband\",\"url\":\"https:\/\/jagdverband.it\/it\/\",\"sameAs\":[],\"logo\":{\"@type\":\"ImageObject\",\"inLanguage\":\"it-IT\",\"@id\":\"https:\/\/jagdverband.it\/it\/#\/schema\/logo\/image\/\",\"url\":\"\",\"contentUrl\":\"\",\"caption\":\"S\u00fcdtiroler Jagdverband\"},\"image\":{\"@id\":\"https:\/\/jagdverband.it\/it\/#\/schema\/logo\/image\/\"}}]}<\/script>\n<!-- \/ Yoast SEO plugin. -->","yoast_head_json":{"title":"Riserve di caccia - S\u00fcdtiroler Jagdverband","robots":{"index":"index","follow":"follow","max-snippet":"max-snippet:-1","max-image-preview":"max-image-preview:large","max-video-preview":"max-video-preview:-1"},"canonical":"https:\/\/jagdverband.it\/it\/riserve-di-caccia\/","og_locale":"it_IT","og_type":"article","og_title":"Riserve di caccia - S\u00fcdtiroler Jagdverband","og_description":"Le riserve di caccia in Alto AdigeIn Alto Adige ci sono 145 riserve di diritto. Sono raggruppate in 8 distretti venatori. Le dimensioni delle singole riserve variano notevolmente.Circa 6.000 cacciatori [&hellip;]","og_url":"https:\/\/jagdverband.it\/it\/riserve-di-caccia\/","og_site_name":"S\u00fcdtiroler Jagdverband","article_modified_time":"2019-11-21T14:00:18+00:00","twitter_card":"summary","twitter_misc":{"Tempo di lettura stimato":"4 minuti"},"schema":{"@context":"https:\/\/schema.org","@graph":[{"@type":"WebPage","@id":"https:\/\/jagdverband.it\/it\/riserve-di-caccia\/","url":"https:\/\/jagdverband.it\/it\/riserve-di-caccia\/","name":"Riserve di caccia - S\u00fcdtiroler Jagdverband","isPartOf":{"@id":"https:\/\/jagdverband.it\/it\/#website"},"datePublished":"2019-11-14T10:18:03+00:00","dateModified":"2019-11-21T14:00:18+00:00","breadcrumb":{"@id":"https:\/\/jagdverband.it\/it\/riserve-di-caccia\/#breadcrumb"},"inLanguage":"it-IT","potentialAction":[{"@type":"ReadAction","target":["https:\/\/jagdverband.it\/it\/riserve-di-caccia\/"]}]},{"@type":"BreadcrumbList","@id":"https:\/\/jagdverband.it\/it\/riserve-di-caccia\/#breadcrumb","itemListElement":[{"@type":"ListItem","position":1,"name":"Home","item":"https:\/\/jagdverband.it\/it\/"},{"@type":"ListItem","position":2,"name":"Riserve di caccia"}]},{"@type":"WebSite","@id":"https:\/\/jagdverband.it\/it\/#website","url":"https:\/\/jagdverband.it\/it\/","name":"S\u00fcdtiroler Jagdverband","description":"S\u00fcdtiroler Jagdverband","publisher":{"@id":"https:\/\/jagdverband.it\/it\/#organization"},"potentialAction":[{"@type":"SearchAction","target":{"@type":"EntryPoint","urlTemplate":"https:\/\/jagdverband.it\/it\/?s={search_term_string}"},"query-input":"required name=search_term_string"}],"inLanguage":"it-IT"},{"@type":"Organization","@id":"https:\/\/jagdverband.it\/it\/#organization","name":"S\u00fcdtiroler Jagdverband","url":"https:\/\/jagdverband.it\/it\/","sameAs":[],"logo":{"@type":"ImageObject","inLanguage":"it-IT","@id":"https:\/\/jagdverband.it\/it\/#\/schema\/logo\/image\/","url":"","contentUrl":"","caption":"S\u00fcdtiroler Jagdverband"},"image":{"@id":"https:\/\/jagdverband.it\/it\/#\/schema\/logo\/image\/"}}]}},"_links":{"self":[{"href":"https:\/\/jagdverband.it\/it\/wp-json\/wp\/v2\/pages\/55772"}],"collection":[{"href":"https:\/\/jagdverband.it\/it\/wp-json\/wp\/v2\/pages"}],"about":[{"href":"https:\/\/jagdverband.it\/it\/wp-json\/wp\/v2\/types\/page"}],"author":[{"embeddable":true,"href":"https:\/\/jagdverband.it\/it\/wp-json\/wp\/v2\/users\/3"}],"replies":[{"embeddable":true,"href":"https:\/\/jagdverband.it\/it\/wp-json\/wp\/v2\/comments?post=55772"}],"version-history":[{"count":0,"href":"https:\/\/jagdverband.it\/it\/wp-json\/wp\/v2\/pages\/55772\/revisions"}],"wp:attachment":[{"href":"https:\/\/jagdverband.it\/it\/wp-json\/wp\/v2\/media?parent=55772"}],"curies":[{"name":"wp","href":"https:\/\/api.w.org\/{rel}","templated":true}]}}