{"id":55768,"date":"2018-08-22T16:20:49","date_gmt":"2018-08-22T14:20:49","guid":{"rendered":"https:\/\/jagdverband.it\/geschaeftsstelle-copy\/"},"modified":"2024-01-12T08:19:41","modified_gmt":"2024-01-12T07:19:41","slug":"sede-segreteria","status":"publish","type":"page","link":"https:\/\/jagdverband.it\/it\/sede-segreteria\/","title":{"rendered":"Segreteria"},"content":{"rendered":"<p>[et_pb_section fb_built=&#8221;1&#8243; fullwidth=&#8221;on&#8221; _builder_version=&#8221;4.16&#8243; global_colors_info=&#8221;{}&#8221;][et_pb_fullwidth_header title=&#8221;Sede e segreteria&#8221; _builder_version=&#8221;4.16&#8243; title_level=&#8221;h2&#8243; title_font=&#8221;||||||||&#8221; title_text_align=&#8221;left&#8221; title_font_size=&#8221;40px&#8221; content_font=&#8221;||||||||&#8221; content_font_size=&#8221;20px&#8221; content_line_height=&#8221;1.8em&#8221; subhead_font=&#8221;||||||||&#8221; background_color=&#8221;rgba(0,0,0,0)&#8221; background_color_gradient_direction=&#8221;90deg&#8221; background_image=&#8221;https:\/\/jagdverband.it\/wp-content\/uploads\/2019\/08\/Jagd-ist-mehr-steinwildjagd.jpg&#8221; custom_button_one=&#8221;on&#8221; button_one_text_size=&#8221;18px&#8221; button_one_bg_color=&#8221;#02d002&#8243; button_one_border_width=&#8221;8px&#8221; button_one_border_color=&#8221;#02d002&#8243; button_one_border_radius=&#8221;0px&#8221; button_one_letter_spacing=&#8221;1px&#8221; button_one_font=&#8221;Lato|700|||||||&#8221; button_one_use_icon=&#8221;off&#8221; custom_button_two=&#8221;on&#8221; button_two_text_size=&#8221;18px&#8221; button_two_text_color=&#8221;#353740&#8243; button_two_bg_color=&#8221;#ffffff&#8221; button_two_border_width=&#8221;8px&#8221; button_two_border_color=&#8221;#ffffff&#8221; button_two_border_radius=&#8221;0px&#8221; button_two_letter_spacing=&#8221;1px&#8221; button_two_font=&#8221;Lato|700|||||||&#8221; button_two_use_icon=&#8221;off&#8221; custom_margin=&#8221;|||&#8221; custom_padding=&#8221;5%||5%|&#8221; hover_transition_duration=&#8221;0ms&#8221; hover_transition_speed_curve=&#8221;linear&#8221; title_font_size_tablet=&#8221;35px&#8221; title_font_size_phone=&#8221;30px&#8221; title_font_size_last_edited=&#8221;on|phone&#8221; button_one_letter_spacing_hover=&#8221;1px&#8221; button_two_letter_spacing_hover=&#8221;1px&#8221; global_colors_info=&#8221;{}&#8221; button_one_text_size__hover_enabled=&#8221;off&#8221; button_two_text_size__hover_enabled=&#8221;off&#8221; button_one_text_color__hover_enabled=&#8221;off&#8221; button_two_text_color__hover_enabled=&#8221;off&#8221; button_one_border_width__hover_enabled=&#8221;off&#8221; button_two_border_width__hover_enabled=&#8221;off&#8221; button_one_border_color__hover_enabled=&#8221;off&#8221; button_two_border_color__hover_enabled=&#8221;off&#8221; button_one_border_radius__hover_enabled=&#8221;off&#8221; button_two_border_radius__hover_enabled=&#8221;off&#8221; button_one_letter_spacing__hover_enabled=&#8221;on&#8221; button_one_letter_spacing__hover=&#8221;1px&#8221; button_two_letter_spacing__hover_enabled=&#8221;on&#8221; button_two_letter_spacing__hover=&#8221;1px&#8221; button_one_bg_color__hover_enabled=&#8221;off&#8221; button_two_bg_color__hover_enabled=&#8221;off&#8221;][\/et_pb_fullwidth_header][\/et_pb_section][et_pb_section fb_built=&#8221;1&#8243; specialty=&#8221;on&#8221; _builder_version=&#8221;4.16&#8243; global_colors_info=&#8221;{}&#8221;][et_pb_column type=&#8221;3_4&#8243; specialty_columns=&#8221;3&#8243; _builder_version=&#8221;4.16&#8243; custom_padding=&#8221;|||&#8221; global_colors_info=&#8221;{}&#8221; parallax__hover=&#8221;off&#8221; parallax_method__hover=&#8221;on&#8221; custom_padding__hover=&#8221;|||&#8221;][et_pb_row_inner column_structure=&#8221;1_2,1_2&#8243; _builder_version=&#8221;4.16&#8243; custom_padding=&#8221;37.4531px|0px|0|0px|false|false&#8221; global_colors_info=&#8221;{}&#8221;][et_pb_column_inner type=&#8221;1_2&#8243; saved_specialty_column_type=&#8221;3_4&#8243; _builder_version=&#8221;4.16&#8243; custom_padding=&#8221;|||&#8221; global_colors_info=&#8221;{}&#8221; parallax__hover=&#8221;off&#8221; parallax_method__hover=&#8221;on&#8221; custom_padding__hover=&#8221;|||&#8221;][et_pb_text _builder_version=&#8221;4.16&#8243; text_font=&#8221;||||||||&#8221; global_colors_info=&#8221;{}&#8221;]<\/p>\n<p><strong>Associazione Cacciatori Alto Adige<\/strong><\/p>\n<p>Via Macello 57 C, 39100 Bolzano<br \/> Tel. <a href=\"tel.+390471061700\">0471 061 700<\/a>, \u00a0Fax 0471 973 786<\/p>\n<p>E-Mail:<a href=\"mailto:info@caccia.bz.it\"> info@caccia.bz.it<\/a><\/p>\n<p>&nbsp;<\/p>\n<p><b>Orari di apertura al pubblico<\/b><br \/> da luned\u00ec a venerd\u00ec: ore 8:30 &#8211; 12<br \/> gioved\u00ec anche dalle 14 &#8211; 17<\/p>\n<p>[\/et_pb_text][\/et_pb_column_inner][et_pb_column_inner type=&#8221;1_2&#8243; saved_specialty_column_type=&#8221;3_4&#8243; _builder_version=&#8221;4.16&#8243; custom_padding=&#8221;|||&#8221; global_colors_info=&#8221;{}&#8221; parallax__hover=&#8221;off&#8221; parallax_method__hover=&#8221;on&#8221; custom_padding__hover=&#8221;|||&#8221;][et_pb_code _builder_version=&#8221;4.16&#8243; text_orientation=&#8221;center&#8221; global_colors_info=&#8221;{}&#8221;]<iframe loading=\"lazy\" src=\"https:\/\/www.google.com\/maps\/embed?pb=!1m18!1m12!1m3!1d15991.899104426677!2d11.3587138033002!3d46.49789481178208!2m3!1f0!2f0!3f0!3m2!1i1024!2i768!4f13.1!3m3!1m2!1s0x47829e73600e4331%3A0xc894e8ef9b8e450d!2sAssociazione+Cacciatori+Alto+Adige!5e0!3m2!1sde!2sit!4v1537635432233\" width=\"600\" height=\"450\" frameborder=\"0\" style=\"border:0\" allowfullscreen><\/iframe>[\/et_pb_code][\/et_pb_column_inner][\/et_pb_row_inner][et_pb_row_inner _builder_version=&#8221;4.18.0&#8243; custom_padding=&#8221;32px|0px|33px|0px|false|false&#8221; hover_enabled=&#8221;0&#8243; global_colors_info=&#8221;{}&#8221; sticky_enabled=&#8221;0&#8243;][et_pb_column_inner saved_specialty_column_type=&#8221;3_4&#8243; _builder_version=&#8221;4.18.0&#8243; hover_enabled=&#8221;0&#8243; global_colors_info=&#8221;{}&#8221; parallax__hover=&#8221;off&#8221; parallax_method__hover=&#8221;on&#8221; custom_padding__hover=&#8221;|||&#8221; custom_padding=&#8221;|||0px|false|false&#8221; sticky_enabled=&#8221;0&#8243;][et_pb_accordion _builder_version=&#8221;4.18.0&#8243; _module_preset=&#8221;default&#8221; hover_enabled=&#8221;0&#8243; global_colors_info=&#8221;{}&#8221; sticky_enabled=&#8221;0&#8243;][et_pb_accordion_item title=&#8221;Il nostro team&#8221; open=&#8221;on&#8221; _builder_version=&#8221;4.18.0&#8243; _module_preset=&#8221;default&#8221; hover_enabled=&#8221;0&#8243; global_colors_info=&#8221;{}&#8221; toggle_level=&#8221;h3&#8243; toggle_font_size=&#8221;16px&#8221; sticky_enabled=&#8221;0&#8243;]<\/p>\n[et_pb_section global_module=\"57559\"][\/et_pb_section]\n<p>[\/et_pb_accordion_item][\/et_pb_accordion][\/et_pb_column_inner][\/et_pb_row_inner][\/et_pb_column][et_pb_column type=&#8221;1_4&#8243; _builder_version=&#8221;4.16&#8243; custom_padding=&#8221;|||&#8221; global_colors_info=&#8221;{}&#8221; parallax__hover=&#8221;off&#8221; parallax_method__hover=&#8221;on&#8221; custom_padding__hover=&#8221;|||&#8221;][et_pb_sidebar orientation=&#8221;right&#8221; disabled_on=&#8221;off|off|off&#8221; _builder_version=&#8221;4.16&#8243; global_colors_info=&#8221;{}&#8221;][\/et_pb_sidebar][\/et_pb_column][\/et_pb_section]<\/p>\n","protected":false},"excerpt":{"rendered":"<p>Associazione Cacciatori Alto Adige Via Macello 57 C, 39100 Bolzano Tel. 0471 061 700, \u00a0Fax 0471 973 786 E-Mail: info@caccia.bz.it &nbsp; Orari di apertura al pubblico da luned\u00ec a venerd\u00ec: [&hellip;]<\/p>\n","protected":false},"author":3,"featured_media":0,"parent":0,"menu_order":0,"comment_status":"closed","ping_status":"closed","template":"","meta":{"_et_pb_use_builder":"on","_et_pb_old_content":"S\u00fcdtiroler Jagdverband\r\n\r\nSchlachthofstra\u00dfe 57, 39100 Bozen\r\n\r\nTel. 0471 061 700, \u00a0Fax 0471 973 786\r\n\r\nE-Mail: info@jagdverband.it\r\n\r\n\u00a0\r\n\r\n\u00d6ffnungszeiten der Gesch\u00e4ftsstelle\r\n\r\nMontag bis Freitag \u00a08.30 bis 12.00 Uhr\r\n\r\nDonnerstag 8.30 bis 12.00 Uhr und \u00a014.00 bis 17.00 Uhr\r\n\r\n\u00a0\r\n\r\n<b>Heinrich Aukenthaler<\/b>\r\n\r\nGesch\u00e4ftsf\u00fchrung\r\n\r\nEr leitet seit 1982 die Geschicke des S\u00fcdtiroler Jagdverbandes als Gesch\u00e4ftsf\u00fchrer, ist Mitglied der Wildbeobachtungsstelle der Autonomen Provinz Bozen, der J\u00e4gerpr\u00fcfungskommission und der Jagdaufseherpr\u00fcfungskommission.\r\n\r\nheinrich.aukenthaler@jagdverband.it\r\n\r\nTel. 0471 061702\r\n\r\n\u00a0\r\n\r\n<b>Benedikt Terzer<\/b>\r\n\r\nRecht und Verwaltung\r\n\r\nDer Jurist unterst\u00fctzt die Gesch\u00e4ftsf\u00fchrung des Verbandes seit 2015 vor allem in Rechts- und Verwaltungsfragen. Er ist Experte in jagdlichen Autonomiefragen und Autor einschl\u00e4giger Publikationen zum Jagd- und Autonomierecht.\r\n\r\nbenedikt.terzer@jagdverband.it\r\n\r\nTel. 0471 061706\r\n\r\n\u00a0\r\n\r\n<b>Lothar Gerstgrasser<\/b>\r\n\r\nWildbiologie und Monitoring\r\n\r\nAls Forstwirt und Wildbiologe betreut und ber\u00e4t er seit 2007 die Jagdaufseher und Reviere in Wildbewirtschaftungsfragen. Er ist Schriftf\u00fchrer der Abschussplankommission, f\u00fchrt Wildbestandserhebungen durch, besch\u00e4ftigt sich mit \u00d6ffentlichkeitsarbeit und Schulen.\r\n\r\nlothar.gerstgrasser@jagdverband.it\r\n\r\nTel. 0471 061707\r\n\r\n\u00a0\r\n\r\n<b>Ewald Sinner<\/b>\r\n\r\nEDV und Organisation\r\n\r\nEr ist der EDV-Fachmann im S\u00fcdtiroler Jagdverbandsb\u00fcro, betreut Datenbank, Website, den Umbruch und Druck der J\u00e4gerzeitung und anderer Publikationen, die Ausgabe der Versicherungen und Jagdkarten und besch\u00e4ftigt sich mit der Statistik und Organisation.\r\n\r\newald.sinner@jagdverband.it\r\n\r\nTel. 0471 061701\r\n\r\n\u00a0\r\n\r\n<b>Ulrike Raffl<\/b>\r\n\r\n\u00d6ffentlichkeitsarbeit\r\n\r\nDie Forstwirtin verst\u00e4rkt seit 2018 das Team des Jagdverbandes im Bereich \u00d6ffentlichkeitsarbeit, Website und J\u00e4gerzeitung. Sie ist Mitglied der J\u00e4gerpr\u00fcfungskommission.\r\n\r\nulrike.raffl@jagdverband.it\r\n\r\nTel. 0471 061709\r\n\r\n\u00a0\r\n\r\n<b>Monika Rohregger<\/b>\r\n\r\nBuchhaltung und Sekretariat\r\n\r\nSie ist seit 1988 zust\u00e4ndig f\u00fcr die Buchhaltung, betreut den Parteienverkehr und steht dem Gesch\u00e4ftsf\u00fchrer als Sekret\u00e4rin zur Seite.\r\n\r\nmonika.rohregger@jagdverband.it\r\n\r\nTel. 0471 061702\r\n\r\n\u00a0\r\n\r\n<b>Alessandra Beneduce<\/b>\r\n\r\nOrganisation und Service\r\n\r\nIhre Aufgabenbereiche sind seit 1988 die Jagdversicherung, Kurse, Jagdaufseher, Jagdhornbl\u00e4ser und da Jagdhundewesen. Sie betreut den Parteienverkehr und ist Sekret\u00e4rin verschiedener Kommissionen.\r\n\r\nalessandra.beneduce@jagdverband.it\r\n\r\nTel. 0471 061703\r\n\r\n\u00a0\r\n\r\n<b>Mara Da Roit<\/b>\r\n\r\nItalienische Medien und Kontakte\r\n\r\nDie Publizistin betreut die italienische J\u00e4gerzeitung \u201eGiornale del Cacciatore\u201c, unterh\u00e4lt Kontakte mit anderen jagdlichen Organisationen Italiens und bedient die italienischsprachige \u00d6ffentlichkeitsarbeit.\r\n\r\nmara.daroit@jagdverband.it\r\n\r\nTel. 0471 061714","_et_gb_content_width":""},"ams_acf":[],"yoast_head":"<!-- This site is optimized with the Yoast SEO plugin v19.6 - https:\/\/yoast.com\/wordpress\/plugins\/seo\/ -->\n<title>Segreteria - S\u00fcdtiroler Jagdverband<\/title>\n<meta name=\"robots\" content=\"index, follow, max-snippet:-1, max-image-preview:large, max-video-preview:-1\" \/>\n<link rel=\"canonical\" href=\"https:\/\/jagdverband.it\/it\/sede-segreteria\/\" \/>\n<meta property=\"og:locale\" content=\"it_IT\" \/>\n<meta property=\"og:type\" content=\"article\" \/>\n<meta property=\"og:title\" content=\"Segreteria - S\u00fcdtiroler Jagdverband\" \/>\n<meta property=\"og:description\" content=\"Associazione Cacciatori Alto Adige Via Macello 57 C, 39100 Bolzano Tel. 0471 061 700, \u00a0Fax 0471 973 786 E-Mail: info@caccia.bz.it &nbsp; Orari di apertura al pubblico da luned\u00ec a venerd\u00ec: [&hellip;]\" \/>\n<meta property=\"og:url\" content=\"https:\/\/jagdverband.it\/it\/sede-segreteria\/\" \/>\n<meta property=\"og:site_name\" content=\"S\u00fcdtiroler Jagdverband\" \/>\n<meta property=\"article:modified_time\" content=\"2024-01-12T07:19:41+00:00\" \/>\n<meta name=\"twitter:card\" content=\"summary\" \/>\n<meta name=\"twitter:label1\" content=\"Tempo di lettura stimato\" \/>\n\t<meta name=\"twitter:data1\" content=\"2 minuti\" \/>\n<script type=\"application\/ld+json\" class=\"yoast-schema-graph\">{\"@context\":\"https:\/\/schema.org\",\"@graph\":[{\"@type\":\"WebPage\",\"@id\":\"https:\/\/jagdverband.it\/it\/sede-segreteria\/\",\"url\":\"https:\/\/jagdverband.it\/it\/sede-segreteria\/\",\"name\":\"Segreteria - S\u00fcdtiroler Jagdverband\",\"isPartOf\":{\"@id\":\"https:\/\/jagdverband.it\/it\/#website\"},\"datePublished\":\"2018-08-22T14:20:49+00:00\",\"dateModified\":\"2024-01-12T07:19:41+00:00\",\"breadcrumb\":{\"@id\":\"https:\/\/jagdverband.it\/it\/sede-segreteria\/#breadcrumb\"},\"inLanguage\":\"it-IT\",\"potentialAction\":[{\"@type\":\"ReadAction\",\"target\":[\"https:\/\/jagdverband.it\/it\/sede-segreteria\/\"]}]},{\"@type\":\"BreadcrumbList\",\"@id\":\"https:\/\/jagdverband.it\/it\/sede-segreteria\/#breadcrumb\",\"itemListElement\":[{\"@type\":\"ListItem\",\"position\":1,\"name\":\"Home\",\"item\":\"https:\/\/jagdverband.it\/it\/\"},{\"@type\":\"ListItem\",\"position\":2,\"name\":\"Segreteria\"}]},{\"@type\":\"WebSite\",\"@id\":\"https:\/\/jagdverband.it\/it\/#website\",\"url\":\"https:\/\/jagdverband.it\/it\/\",\"name\":\"S\u00fcdtiroler Jagdverband\",\"description\":\"S\u00fcdtiroler Jagdverband\",\"publisher\":{\"@id\":\"https:\/\/jagdverband.it\/it\/#organization\"},\"potentialAction\":[{\"@type\":\"SearchAction\",\"target\":{\"@type\":\"EntryPoint\",\"urlTemplate\":\"https:\/\/jagdverband.it\/it\/?s={search_term_string}\"},\"query-input\":\"required name=search_term_string\"}],\"inLanguage\":\"it-IT\"},{\"@type\":\"Organization\",\"@id\":\"https:\/\/jagdverband.it\/it\/#organization\",\"name\":\"S\u00fcdtiroler Jagdverband\",\"url\":\"https:\/\/jagdverband.it\/it\/\",\"sameAs\":[],\"logo\":{\"@type\":\"ImageObject\",\"inLanguage\":\"it-IT\",\"@id\":\"https:\/\/jagdverband.it\/it\/#\/schema\/logo\/image\/\",\"url\":\"\",\"contentUrl\":\"\",\"caption\":\"S\u00fcdtiroler Jagdverband\"},\"image\":{\"@id\":\"https:\/\/jagdverband.it\/it\/#\/schema\/logo\/image\/\"}}]}<\/script>\n<!-- \/ Yoast SEO plugin. -->","yoast_head_json":{"title":"Segreteria - S\u00fcdtiroler Jagdverband","robots":{"index":"index","follow":"follow","max-snippet":"max-snippet:-1","max-image-preview":"max-image-preview:large","max-video-preview":"max-video-preview:-1"},"canonical":"https:\/\/jagdverband.it\/it\/sede-segreteria\/","og_locale":"it_IT","og_type":"article","og_title":"Segreteria - S\u00fcdtiroler Jagdverband","og_description":"Associazione Cacciatori Alto Adige Via Macello 57 C, 39100 Bolzano Tel. 0471 061 700, \u00a0Fax 0471 973 786 E-Mail: info@caccia.bz.it &nbsp; Orari di apertura al pubblico da luned\u00ec a venerd\u00ec: [&hellip;]","og_url":"https:\/\/jagdverband.it\/it\/sede-segreteria\/","og_site_name":"S\u00fcdtiroler Jagdverband","article_modified_time":"2024-01-12T07:19:41+00:00","twitter_card":"summary","twitter_misc":{"Tempo di lettura stimato":"2 minuti"},"schema":{"@context":"https:\/\/schema.org","@graph":[{"@type":"WebPage","@id":"https:\/\/jagdverband.it\/it\/sede-segreteria\/","url":"https:\/\/jagdverband.it\/it\/sede-segreteria\/","name":"Segreteria - S\u00fcdtiroler Jagdverband","isPartOf":{"@id":"https:\/\/jagdverband.it\/it\/#website"},"datePublished":"2018-08-22T14:20:49+00:00","dateModified":"2024-01-12T07:19:41+00:00","breadcrumb":{"@id":"https:\/\/jagdverband.it\/it\/sede-segreteria\/#breadcrumb"},"inLanguage":"it-IT","potentialAction":[{"@type":"ReadAction","target":["https:\/\/jagdverband.it\/it\/sede-segreteria\/"]}]},{"@type":"BreadcrumbList","@id":"https:\/\/jagdverband.it\/it\/sede-segreteria\/#breadcrumb","itemListElement":[{"@type":"ListItem","position":1,"name":"Home","item":"https:\/\/jagdverband.it\/it\/"},{"@type":"ListItem","position":2,"name":"Segreteria"}]},{"@type":"WebSite","@id":"https:\/\/jagdverband.it\/it\/#website","url":"https:\/\/jagdverband.it\/it\/","name":"S\u00fcdtiroler Jagdverband","description":"S\u00fcdtiroler Jagdverband","publisher":{"@id":"https:\/\/jagdverband.it\/it\/#organization"},"potentialAction":[{"@type":"SearchAction","target":{"@type":"EntryPoint","urlTemplate":"https:\/\/jagdverband.it\/it\/?s={search_term_string}"},"query-input":"required name=search_term_string"}],"inLanguage":"it-IT"},{"@type":"Organization","@id":"https:\/\/jagdverband.it\/it\/#organization","name":"S\u00fcdtiroler Jagdverband","url":"https:\/\/jagdverband.it\/it\/","sameAs":[],"logo":{"@type":"ImageObject","inLanguage":"it-IT","@id":"https:\/\/jagdverband.it\/it\/#\/schema\/logo\/image\/","url":"","contentUrl":"","caption":"S\u00fcdtiroler Jagdverband"},"image":{"@id":"https:\/\/jagdverband.it\/it\/#\/schema\/logo\/image\/"}}]}},"_links":{"self":[{"href":"https:\/\/jagdverband.it\/it\/wp-json\/wp\/v2\/pages\/55768"}],"collection":[{"href":"https:\/\/jagdverband.it\/it\/wp-json\/wp\/v2\/pages"}],"about":[{"href":"https:\/\/jagdverband.it\/it\/wp-json\/wp\/v2\/types\/page"}],"author":[{"embeddable":true,"href":"https:\/\/jagdverband.it\/it\/wp-json\/wp\/v2\/users\/3"}],"replies":[{"embeddable":true,"href":"https:\/\/jagdverband.it\/it\/wp-json\/wp\/v2\/comments?post=55768"}],"version-history":[{"count":0,"href":"https:\/\/jagdverband.it\/it\/wp-json\/wp\/v2\/pages\/55768\/revisions"}],"wp:attachment":[{"href":"https:\/\/jagdverband.it\/it\/wp-json\/wp\/v2\/media?parent=55768"}],"curies":[{"name":"wp","href":"https:\/\/api.w.org\/{rel}","templated":true}]}}