{"id":55764,"date":"2018-08-22T16:18:38","date_gmt":"2018-08-22T14:18:38","guid":{"rendered":"https:\/\/jagdverband.it\/organe-copy\/"},"modified":"2024-10-03T08:53:10","modified_gmt":"2024-10-03T06:53:10","slug":"organi","status":"publish","type":"page","link":"https:\/\/jagdverband.it\/it\/organi\/","title":{"rendered":"Organi"},"content":{"rendered":"<p>[et_pb_section fb_built=&#8221;1&#8243; fullwidth=&#8221;on&#8221; _builder_version=&#8221;4.16&#8243; global_colors_info=&#8221;{}&#8221;][et_pb_fullwidth_header title=&#8221;Organi&#8221; _builder_version=&#8221;4.16&#8243; title_level=&#8221;h2&#8243; title_font=&#8221;||||||||&#8221; title_text_align=&#8221;left&#8221; title_font_size=&#8221;40px&#8221; content_font=&#8221;||||||||&#8221; content_font_size=&#8221;20px&#8221; content_line_height=&#8221;1.8em&#8221; subhead_font=&#8221;||||||||&#8221; background_color=&#8221;rgba(255,255,255,0)&#8221; background_color_gradient_direction=&#8221;90deg&#8221; background_image=&#8221;https:\/\/jagdverband.it\/wp-content\/uploads\/2019\/08\/Jagd-ist-mehr-steinwildjagd.jpg&#8221; custom_button_one=&#8221;on&#8221; button_one_text_size=&#8221;18px&#8221; button_one_bg_color=&#8221;#02d002&#8243; button_one_border_width=&#8221;8px&#8221; button_one_border_color=&#8221;#02d002&#8243; button_one_border_radius=&#8221;0px&#8221; button_one_letter_spacing=&#8221;1px&#8221; button_one_font=&#8221;Lato|700|||||||&#8221; button_one_use_icon=&#8221;off&#8221; custom_button_two=&#8221;on&#8221; button_two_text_size=&#8221;18px&#8221; button_two_text_color=&#8221;#353740&#8243; button_two_bg_color=&#8221;#ffffff&#8221; button_two_border_width=&#8221;8px&#8221; button_two_border_color=&#8221;#ffffff&#8221; button_two_border_radius=&#8221;0px&#8221; button_two_letter_spacing=&#8221;1px&#8221; button_two_font=&#8221;Lato|700|||||||&#8221; button_two_use_icon=&#8221;off&#8221; custom_margin=&#8221;|||&#8221; custom_padding=&#8221;5%||5%|&#8221; hover_transition_duration=&#8221;0ms&#8221; hover_transition_speed_curve=&#8221;linear&#8221; title_font_size_tablet=&#8221;35px&#8221; title_font_size_phone=&#8221;30px&#8221; title_font_size_last_edited=&#8221;on|phone&#8221; button_one_letter_spacing_hover=&#8221;1px&#8221; button_two_letter_spacing_hover=&#8221;1px&#8221; global_colors_info=&#8221;{}&#8221; button_one_text_size__hover_enabled=&#8221;off&#8221; button_two_text_size__hover_enabled=&#8221;off&#8221; button_one_text_color__hover_enabled=&#8221;off&#8221; button_two_text_color__hover_enabled=&#8221;off&#8221; button_one_border_width__hover_enabled=&#8221;off&#8221; button_two_border_width__hover_enabled=&#8221;off&#8221; button_one_border_color__hover_enabled=&#8221;off&#8221; button_two_border_color__hover_enabled=&#8221;off&#8221; button_one_border_radius__hover_enabled=&#8221;off&#8221; button_two_border_radius__hover_enabled=&#8221;off&#8221; button_one_letter_spacing__hover_enabled=&#8221;on&#8221; button_one_letter_spacing__hover=&#8221;1px&#8221; button_two_letter_spacing__hover_enabled=&#8221;on&#8221; button_two_letter_spacing__hover=&#8221;1px&#8221; button_one_bg_color__hover_enabled=&#8221;off&#8221; button_two_bg_color__hover_enabled=&#8221;off&#8221;][\/et_pb_fullwidth_header][\/et_pb_section][et_pb_section fb_built=&#8221;1&#8243; specialty=&#8221;on&#8221; _builder_version=&#8221;4.16&#8243; custom_padding=&#8221;35px|0px|0|0px|false|false&#8221; global_colors_info=&#8221;{}&#8221;][et_pb_column type=&#8221;3_4&#8243; specialty_columns=&#8221;3&#8243; _builder_version=&#8221;4.16&#8243; custom_padding=&#8221;|||&#8221; global_colors_info=&#8221;{}&#8221; parallax__hover=&#8221;off&#8221; parallax_method__hover=&#8221;on&#8221; custom_padding__hover=&#8221;|||&#8221;][et_pb_row_inner _builder_version=&#8221;4.16&#8243; custom_padding=&#8221;0|0px|18px|0px|false|false&#8221; global_colors_info=&#8221;{}&#8221;][et_pb_column_inner saved_specialty_column_type=&#8221;3_4&#8243; _builder_version=&#8221;4.16&#8243; custom_padding=&#8221;|||&#8221; global_colors_info=&#8221;{}&#8221; parallax__hover=&#8221;off&#8221; parallax_method__hover=&#8221;on&#8221; custom_padding__hover=&#8221;|||&#8221;][et_pb_text _builder_version=&#8221;4.16&#8243; global_colors_info=&#8221;{}&#8221;]<\/p>\n<h1>Organi di riserva, distrettuali e provinciali<\/h1>\n<p>&nbsp;<\/p>\n<p>[\/et_pb_text][\/et_pb_column_inner][\/et_pb_row_inner][et_pb_row_inner column_structure=&#8221;1_2,1_2&#8243; _builder_version=&#8221;4.16&#8243; custom_padding=&#8221;0|0px|0|0px|false|false&#8221; global_colors_info=&#8221;{}&#8221;][et_pb_column_inner type=&#8221;1_2&#8243; saved_specialty_column_type=&#8221;3_4&#8243; _builder_version=&#8221;4.16&#8243; custom_padding=&#8221;|||&#8221; global_colors_info=&#8221;{}&#8221; parallax__hover=&#8221;off&#8221; parallax_method__hover=&#8221;on&#8221; custom_padding__hover=&#8221;|||&#8221;][et_pb_text admin_label=&#8221;Title&#8221; _builder_version=&#8221;4.16&#8243; text_font=&#8221;||||||||&#8221; header_font=&#8221;||||||||&#8221; header_2_font=&#8221;Lato||||||||&#8221; header_2_font_size=&#8221;36px&#8221; header_2_line_height=&#8221;1.5em&#8221; module_alignment=&#8221;center&#8221; custom_margin=&#8221;||15px|&#8221; custom_padding=&#8221;|||&#8221; animation_direction=&#8221;left&#8221; global_colors_info=&#8221;{}&#8221;]<\/p>\n<p><strong>Riserve<\/strong><\/p>\n<p><span>In Alto Adige ci sono 145 riserve di diritto. Ciascuna \u00e8 governata da una Consulta di riserva presieduta da un Rettore. Ogni cinque anni l&#8217;assemblea plenaria dei soci della riserva elegge il suo Rettore.<\/span><\/p>\n<p>[\/et_pb_text][\/et_pb_column_inner][et_pb_column_inner type=&#8221;1_2&#8243; saved_specialty_column_type=&#8221;3_4&#8243; _builder_version=&#8221;4.16&#8243; custom_padding=&#8221;|||&#8221; global_colors_info=&#8221;{}&#8221; parallax__hover=&#8221;off&#8221; parallax_method__hover=&#8221;on&#8221; custom_padding__hover=&#8221;|||&#8221;][et_pb_number_counter title=&#8221;Riserve di diritto&#8221; number=&#8221;145&#8243; percent_sign=&#8221;off&#8221; _builder_version=&#8221;4.16&#8243; title_level=&#8221;h2&#8243; title_font=&#8221;||||||||&#8221; number_font=&#8221;||||||||&#8221; number_font_size=&#8221;50px&#8221; number_line_height=&#8221;100px&#8221; global_colors_info=&#8221;{}&#8221;][\/et_pb_number_counter][\/et_pb_column_inner][\/et_pb_row_inner][et_pb_row_inner column_structure=&#8221;1_2,1_2&#8243; _builder_version=&#8221;4.16&#8243; custom_padding=&#8221;0|0px|0|0px|false|false&#8221; global_colors_info=&#8221;{}&#8221;][et_pb_column_inner type=&#8221;1_2&#8243; saved_specialty_column_type=&#8221;3_4&#8243; _builder_version=&#8221;4.16&#8243; custom_padding=&#8221;|||&#8221; global_colors_info=&#8221;{}&#8221; parallax__hover=&#8221;off&#8221; parallax_method__hover=&#8221;on&#8221; custom_padding__hover=&#8221;|||&#8221;][et_pb_text admin_label=&#8221;Title&#8221; _builder_version=&#8221;4.16&#8243; text_font=&#8221;||||||||&#8221; header_font=&#8221;||||||||&#8221; header_2_font=&#8221;Lato||||||||&#8221; header_2_font_size=&#8221;36px&#8221; header_2_line_height=&#8221;1.5em&#8221; module_alignment=&#8221;center&#8221; custom_margin=&#8221;||15px|&#8221; custom_padding=&#8221;|||&#8221; animation_direction=&#8221;left&#8221; global_colors_info=&#8221;{}&#8221;]<\/p>\n<p><strong>Distretti venatori<\/strong><\/p>\n<p><span>Tutte le riserve di caccia provinciali sono raggruppate in 8 distretti, ai cui vertici vi sono una Consulta distrettuale e un Presidente distrettuale.<\/span><\/p>\n<p>&nbsp;<\/p>\n<p>[\/et_pb_text][\/et_pb_column_inner][et_pb_column_inner type=&#8221;1_2&#8243; saved_specialty_column_type=&#8221;3_4&#8243; _builder_version=&#8221;4.16&#8243; custom_padding=&#8221;|||&#8221; global_colors_info=&#8221;{}&#8221; parallax__hover=&#8221;off&#8221; parallax_method__hover=&#8221;on&#8221; custom_padding__hover=&#8221;|||&#8221;][et_pb_number_counter title=&#8221;Distretti venatori&#8221; number=&#8221;8&#8243; percent_sign=&#8221;off&#8221; _builder_version=&#8221;4.16&#8243; title_level=&#8221;h2&#8243; title_font=&#8221;||||||||&#8221; number_font=&#8221;||||||||&#8221; number_font_size=&#8221;50px&#8221; number_line_height=&#8221;100px&#8221; global_colors_info=&#8221;{}&#8221;][\/et_pb_number_counter][\/et_pb_column_inner][\/et_pb_row_inner][et_pb_row_inner column_structure=&#8221;1_2,1_2&#8243; _builder_version=&#8221;4.16&#8243; custom_padding=&#8221;0|0px|0|0px|false|false&#8221; global_colors_info=&#8221;{}&#8221;][et_pb_column_inner type=&#8221;1_2&#8243; saved_specialty_column_type=&#8221;3_4&#8243; _builder_version=&#8221;4.16&#8243; custom_padding=&#8221;|||&#8221; global_colors_info=&#8221;{}&#8221; parallax__hover=&#8221;off&#8221; parallax_method__hover=&#8221;on&#8221; custom_padding__hover=&#8221;|||&#8221;][et_pb_text admin_label=&#8221;Title&#8221; _builder_version=&#8221;4.16&#8243; text_font=&#8221;||||||||&#8221; header_font=&#8221;||||||||&#8221; header_2_font=&#8221;Lato||||||||&#8221; header_2_font_size=&#8221;36px&#8221; header_2_line_height=&#8221;1.5em&#8221; module_alignment=&#8221;center&#8221; custom_margin=&#8221;||15px|&#8221; custom_padding=&#8221;|||&#8221; animation_direction=&#8221;left&#8221; global_colors_info=&#8221;{}&#8221;]<\/p>\n<p><strong>Provincia<\/strong><\/p>\n<p><span>L&#8217;Associazione Cacciatori Alto Adige \u00e8 guidata dal Presidente provinciale e dal Consiglio direttivo provinciale composto dagli otto Presidenti distrettuali, da due rappresentanti del gruppo linguistico italiano e da un rappresentante del gruppo linguistico ladino.<\/span><\/p>\n<p><span><\/span><\/p>\n<p>[\/et_pb_text][\/et_pb_column_inner][et_pb_column_inner type=&#8221;1_2&#8243; saved_specialty_column_type=&#8221;3_4&#8243; _builder_version=&#8221;4.16&#8243; custom_padding=&#8221;|||&#8221; global_colors_info=&#8221;{}&#8221; parallax__hover=&#8221;off&#8221; parallax_method__hover=&#8221;on&#8221; custom_padding__hover=&#8221;|||&#8221;][et_pb_number_counter title=&#8221;Cacciatrici e cacciatori&#8221; number=&#8221;6012&#8243; percent_sign=&#8221;off&#8221; _builder_version=&#8221;4.16&#8243; title_level=&#8221;h2&#8243; title_font=&#8221;||||||||&#8221; number_font=&#8221;||||||||&#8221; number_font_size=&#8221;50px&#8221; number_line_height=&#8221;100px&#8221; global_colors_info=&#8221;{}&#8221;][\/et_pb_number_counter][\/et_pb_column_inner][\/et_pb_row_inner][et_pb_row_inner _builder_version=&#8221;4.16&#8243; global_colors_info=&#8221;{}&#8221;][et_pb_column_inner saved_specialty_column_type=&#8221;3_4&#8243; _builder_version=&#8221;4.16&#8243; custom_padding=&#8221;|||&#8221; global_colors_info=&#8221;{}&#8221; parallax__hover=&#8221;off&#8221; parallax_method__hover=&#8221;on&#8221; custom_padding__hover=&#8221;|||&#8221;][et_pb_accordion _builder_version=&#8221;4.18.0&#8243; _module_preset=&#8221;default&#8221; hover_enabled=&#8221;0&#8243; global_colors_info=&#8221;{}&#8221; sticky_enabled=&#8221;0&#8243;][et_pb_accordion_item title=&#8221;Presidente dell&#8217;ACAA&#8221; open=&#8221;on&#8221; _builder_version=&#8221;4.18.0&#8243; _module_preset=&#8221;default&#8221; hover_enabled=&#8221;0&#8243; global_colors_info=&#8221;{}&#8221; toggle_level=&#8221;h3&#8243; toggle_font_size=&#8221;16px&#8221; sticky_enabled=&#8221;0&#8243;]<\/p>\n[et_pb_section global_module=\"57477\"][\/et_pb_section]\n<p>[\/et_pb_accordion_item][et_pb_accordion_item title=&#8221;Vicepresidenti dell&#8217;ACAA&#8221; _builder_version=&#8221;4.18.0&#8243; _module_preset=&#8221;default&#8221; global_colors_info=&#8221;{}&#8221; toggle_level=&#8221;h3&#8243; toggle_font_size=&#8221;16px&#8221; open=&#8221;off&#8221;]<\/p>\n<p>[et_pb_section global_module=\"57445\"][\/et_pb_section]<br \/>[et_pb_section global_module=\"57439\"][\/et_pb_section]<\/p>\n<p>[\/et_pb_accordion_item][et_pb_accordion_item title=&#8221;Presidenti distrettuali&#8221; _builder_version=&#8221;4.18.0&#8243; _module_preset=&#8221;default&#8221; global_colors_info=&#8221;{}&#8221; toggle_level=&#8221;h3&#8243; toggle_font_size=&#8221;16px&#8221; open=&#8221;off&#8221;]<\/p>\n[et_pb_section global_module=\"57486\"][\/et_pb_section]\n[et_pb_section global_module=\"57474\"][\/et_pb_section]\n[et_pb_section global_module=\"57467\"][\/et_pb_section]\n[et_pb_section global_module=\"78280\"][\/et_pb_section]\n[et_pb_section global_module=\"57441\"][\/et_pb_section]\n[et_pb_section global_module=\"57452\"][\/et_pb_section]\n[et_pb_section global_module=\"57457\"][\/et_pb_section]\n[et_pb_section global_module=\"57449\"][\/et_pb_section]\n<p>[\/et_pb_accordion_item][et_pb_accordion_item title=&#8221;Rappresentanti dei gruppi linguistici italiano e ladino&#8221; _builder_version=&#8221;4.18.0&#8243; _module_preset=&#8221;default&#8221; hover_enabled=&#8221;0&#8243; global_colors_info=&#8221;{}&#8221; toggle_level=&#8221;h3&#8243; toggle_font_size=&#8221;16px&#8221; open=&#8221;off&#8221; sticky_enabled=&#8221;0&#8243;]<\/p>\n<p>[et_pb_section global_module=\"57445\"][\/et_pb_section]<br \/>[et_pb_section global_module=\"57436\"][\/et_pb_section]<br \/>[et_pb_section global_module=\"57494\"][\/et_pb_section]<\/p>\n<p>[\/et_pb_accordion_item][\/et_pb_accordion][\/et_pb_column_inner][\/et_pb_row_inner][\/et_pb_column][et_pb_column type=&#8221;1_4&#8243; _builder_version=&#8221;4.16&#8243; custom_padding=&#8221;|||&#8221; global_colors_info=&#8221;{}&#8221; parallax__hover=&#8221;off&#8221; parallax_method__hover=&#8221;on&#8221; custom_padding__hover=&#8221;|||&#8221;][et_pb_sidebar orientation=&#8221;right&#8221; disabled_on=&#8221;off|off|off&#8221; _builder_version=&#8221;4.16&#8243; hover_transition_duration=&#8221;0ms&#8221; global_colors_info=&#8221;{}&#8221;][\/et_pb_sidebar][\/et_pb_column][\/et_pb_section]<\/p>\n","protected":false},"excerpt":{"rendered":"<p>Organi di riserva, distrettuali e provinciali &nbsp;Riserve In Alto Adige ci sono 145 riserve di diritto. Ciascuna \u00e8 governata da una Consulta di riserva presieduta da un Rettore. Ogni cinque [&hellip;]<\/p>\n","protected":false},"author":3,"featured_media":0,"parent":0,"menu_order":0,"comment_status":"closed","ping_status":"closed","template":"","meta":{"_et_pb_use_builder":"on","_et_pb_old_content":"Der SJV gliedert sich in Organe auf Revier-, Bezirks- und Landesebene.\r\n\r\n\u00a0\r\n\r\nReviere\r\n\r\nIn S\u00fcdtirol gibt es 145 Reviere kraft Gesetz. Jedem davon steht ein Revierausschuss mit einem Revierleiter vor. Alle vier Jahre w\u00e4hlt die Vollversammlung aller Jahreskarteninhaber des Reviers ihre Revierleitung.\r\n\r\n\u00a0\r\n\r\nBezirke\r\n\r\nS\u00e4mtliche Reviere kraft Gesetzes sind in 8 Bezirken zusammengefasst. Diesen steht jeweils ein Bezirksausschuss mit einem Bezirksj\u00e4germeister vor.\r\n\r\n\u00a0\r\n\r\nLand\r\n\r\nAn der Spitze des SJV stehen der Landesj\u00e4germeister und der Landesjagdausschuss. Dieser setzt sich aus den acht Bezirksj\u00e4germeistern, zwei Vertretern der italienischen Sprachgruppe und einem Vertreter der ladinischen Sprachgruppe zusammen.\r\n\r\n\u00a0\r\n\r\nBerthold Marx\r\n\r\n<b>Landesj\u00e4germeister <\/b>\r\n\r\nBerthold Marx wurde 2005 zum Revierleiter seiner Heimatgemeinde Schlanders. Von 2006 bis 2017 war er au\u00dferdem Vinschger Bezirksj\u00e4germeister. Seit M\u00e4rz 2013 steht Berthold Marx dem S\u00fcdtiroler Jagdverband als Landesj\u00e4germeister vor.\r\n\r\n\u00a0\r\n\r\nSandro Covi\r\n\r\n<b>Vertreter der italienischen Sprachgruppe<\/b>\r\n\r\nSandro Covi wurde 2001 zum Revierleiter des Jagdreviers Sterzing und in den Bezirksvorstand gew\u00e4hlt. Seit 2017 ist er Mitglied des Landesvorstandes und vertritt die italienischsprachigen J\u00e4ger der Bezirke von Brixen, Sterzing, Bruneck und vom Oberpustertal.\r\n\r\n\u00a0\r\n\r\nGuido Marangoni\r\n\r\n<b>Vertreter der italienischen Sprachgruppe<\/b>\r\n\r\nEr ist seit 2009 Vorstandsmitglied im Heimatrevier Untermais und seit 2017 Vertreter der italienischen Sprachgruppe f\u00fcr die Bezirke Vinschgau, Meran, Bozen und Unterland. Der Rechtsanwalt leitet das Rechtsreferat des Verbandes.\r\n\r\n\u00a0\r\n\r\nEduard Winkler\r\n\r\n<b>Vertreter der ladinischen Sprachgruppe<\/b>\r\n\r\nSeit 2013 arbeitet Eduard Winkler im Reviervorstand von St. Martin in Thurn mit und wurde 2017 zum Vertreter der ladinischen Sprachgruppe im Landesvorstand gew\u00e4hlt.\r\n\r\n\u00a0\r\n\r\nG\u00fcnther Rabensteiner\r\n\r\n<b>Bezirksj\u00e4germeister Bezirk Oberpustertal und Landesj\u00e4germeister-Stellvertreter<\/b>\r\n\r\nG\u00fcnther Rabensteiner leitet sein Heimatrevier Welsberg seit 2013. Seit 2017 ist er Bezirksj\u00e4germeister des oberen Pustertales.\r\n\r\n\u00a0\r\n\r\nEduard Weger\r\n\r\n<b>Bezirksj\u00e4germeister Bezirk Bozen<\/b>\r\n\r\nEduard Weger war von 2001 bis 2013 Revierleiter von Sarntal. Seit 2005 steht er dem Bezirk Bozen als Bezirksj\u00e4germeister vor.\r\n\r\n\u00a0\r\n\r\nRino Insam\r\n\r\n<b>Bezirksj\u00e4germeister Bezirk Brixen<\/b>\r\n\r\nRino Insam leitet seit 2005 das Revier St. Christina in Gr\u00f6den und \u00fcbernahm im Jahr 2009 das Bezirksj\u00e4germeisteramt.\r\n\r\n\u00a0\r\n\r\nPaul Steiner\r\n\r\n<b>Bezirksj\u00e4germeister Bezirk Bruneck<\/b>\r\n\r\nPaul Steiner wurde 2018 zum Bezirksj\u00e4germeister und steht seit 2017 seinem Heimatrevier Percha als Revierleiter vor.\r\n\r\n\u00a0\r\n\r\nKarl Huber\r\n\r\n<b>Bezirksj\u00e4germeister Bezirk Meran<\/b>\r\n\r\nIm Jahr 2013 wurde Karl Huber zum Revierleiter von Tscherms und in den Vorstand des Bezirkes Meran gew\u00e4hlt. Seit 2017 ist er Bezirksj\u00e4germeister.\r\n\r\n\u00a0\r\n\r\nG\u00fcnther Bacher\r\n\r\n<b>Bezirksj\u00e4germeister Bezirk Sterzing<\/b>\r\n\r\nG\u00fcnther Bacher ist seit 2009 Revierleiter von Telfes und seit 2017 Bezirksj\u00e4germeister.\r\n\r\n\u00a0\r\n\r\nWerner Dibiasi\r\n\r\n<b>Bezirksj\u00e4germeister Bezirk Unterland<\/b>\r\n\r\nEr ist seit 1991 Revierleiter seiner Heimatgemeinde Tramin und seit 2013 Unterlandler Bezirksj\u00e4germeister.\r\n\r\n\u00a0\r\n\r\nG\u00fcnther Hohenegger\r\n\r\n<b>Bezirksj\u00e4germeister Bezirk Vinschgau<\/b>\r\n\r\nG\u00fcnther Hohenegger leitet seit 2009 das Revier Graun im Vinschgau. Seit 2005 ist er Vorstandsmitglied des Bezirkes Vinschgau \u00a0und seit 2017 Bezirksj\u00e4germeister.","_et_gb_content_width":""},"ams_acf":[],"yoast_head":"<!-- This site is optimized with the Yoast SEO plugin v19.6 - https:\/\/yoast.com\/wordpress\/plugins\/seo\/ -->\n<title>Organi - S\u00fcdtiroler Jagdverband<\/title>\n<meta name=\"robots\" content=\"index, follow, max-snippet:-1, max-image-preview:large, max-video-preview:-1\" \/>\n<link rel=\"canonical\" href=\"https:\/\/jagdverband.it\/it\/organi\/\" \/>\n<meta property=\"og:locale\" content=\"it_IT\" \/>\n<meta property=\"og:type\" content=\"article\" \/>\n<meta property=\"og:title\" content=\"Organi - S\u00fcdtiroler Jagdverband\" \/>\n<meta property=\"og:description\" content=\"Organi di riserva, distrettuali e provinciali &nbsp;Riserve In Alto Adige ci sono 145 riserve di diritto. Ciascuna \u00e8 governata da una Consulta di riserva presieduta da un Rettore. Ogni cinque [&hellip;]\" \/>\n<meta property=\"og:url\" content=\"https:\/\/jagdverband.it\/it\/organi\/\" \/>\n<meta property=\"og:site_name\" content=\"S\u00fcdtiroler Jagdverband\" \/>\n<meta property=\"article:modified_time\" content=\"2024-10-03T06:53:10+00:00\" \/>\n<meta name=\"twitter:card\" content=\"summary\" \/>\n<meta name=\"twitter:label1\" content=\"Tempo di lettura stimato\" \/>\n\t<meta name=\"twitter:data1\" content=\"3 minuti\" \/>\n<script type=\"application\/ld+json\" class=\"yoast-schema-graph\">{\"@context\":\"https:\/\/schema.org\",\"@graph\":[{\"@type\":\"WebPage\",\"@id\":\"https:\/\/jagdverband.it\/it\/organi\/\",\"url\":\"https:\/\/jagdverband.it\/it\/organi\/\",\"name\":\"Organi - S\u00fcdtiroler Jagdverband\",\"isPartOf\":{\"@id\":\"https:\/\/jagdverband.it\/it\/#website\"},\"datePublished\":\"2018-08-22T14:18:38+00:00\",\"dateModified\":\"2024-10-03T06:53:10+00:00\",\"breadcrumb\":{\"@id\":\"https:\/\/jagdverband.it\/it\/organi\/#breadcrumb\"},\"inLanguage\":\"it-IT\",\"potentialAction\":[{\"@type\":\"ReadAction\",\"target\":[\"https:\/\/jagdverband.it\/it\/organi\/\"]}]},{\"@type\":\"BreadcrumbList\",\"@id\":\"https:\/\/jagdverband.it\/it\/organi\/#breadcrumb\",\"itemListElement\":[{\"@type\":\"ListItem\",\"position\":1,\"name\":\"Home\",\"item\":\"https:\/\/jagdverband.it\/it\/\"},{\"@type\":\"ListItem\",\"position\":2,\"name\":\"Organi\"}]},{\"@type\":\"WebSite\",\"@id\":\"https:\/\/jagdverband.it\/it\/#website\",\"url\":\"https:\/\/jagdverband.it\/it\/\",\"name\":\"S\u00fcdtiroler Jagdverband\",\"description\":\"S\u00fcdtiroler Jagdverband\",\"publisher\":{\"@id\":\"https:\/\/jagdverband.it\/it\/#organization\"},\"potentialAction\":[{\"@type\":\"SearchAction\",\"target\":{\"@type\":\"EntryPoint\",\"urlTemplate\":\"https:\/\/jagdverband.it\/it\/?s={search_term_string}\"},\"query-input\":\"required name=search_term_string\"}],\"inLanguage\":\"it-IT\"},{\"@type\":\"Organization\",\"@id\":\"https:\/\/jagdverband.it\/it\/#organization\",\"name\":\"S\u00fcdtiroler Jagdverband\",\"url\":\"https:\/\/jagdverband.it\/it\/\",\"sameAs\":[],\"logo\":{\"@type\":\"ImageObject\",\"inLanguage\":\"it-IT\",\"@id\":\"https:\/\/jagdverband.it\/it\/#\/schema\/logo\/image\/\",\"url\":\"\",\"contentUrl\":\"\",\"caption\":\"S\u00fcdtiroler Jagdverband\"},\"image\":{\"@id\":\"https:\/\/jagdverband.it\/it\/#\/schema\/logo\/image\/\"}}]}<\/script>\n<!-- \/ Yoast SEO plugin. -->","yoast_head_json":{"title":"Organi - S\u00fcdtiroler Jagdverband","robots":{"index":"index","follow":"follow","max-snippet":"max-snippet:-1","max-image-preview":"max-image-preview:large","max-video-preview":"max-video-preview:-1"},"canonical":"https:\/\/jagdverband.it\/it\/organi\/","og_locale":"it_IT","og_type":"article","og_title":"Organi - S\u00fcdtiroler Jagdverband","og_description":"Organi di riserva, distrettuali e provinciali &nbsp;Riserve In Alto Adige ci sono 145 riserve di diritto. Ciascuna \u00e8 governata da una Consulta di riserva presieduta da un Rettore. Ogni cinque [&hellip;]","og_url":"https:\/\/jagdverband.it\/it\/organi\/","og_site_name":"S\u00fcdtiroler Jagdverband","article_modified_time":"2024-10-03T06:53:10+00:00","twitter_card":"summary","twitter_misc":{"Tempo di lettura stimato":"3 minuti"},"schema":{"@context":"https:\/\/schema.org","@graph":[{"@type":"WebPage","@id":"https:\/\/jagdverband.it\/it\/organi\/","url":"https:\/\/jagdverband.it\/it\/organi\/","name":"Organi - S\u00fcdtiroler Jagdverband","isPartOf":{"@id":"https:\/\/jagdverband.it\/it\/#website"},"datePublished":"2018-08-22T14:18:38+00:00","dateModified":"2024-10-03T06:53:10+00:00","breadcrumb":{"@id":"https:\/\/jagdverband.it\/it\/organi\/#breadcrumb"},"inLanguage":"it-IT","potentialAction":[{"@type":"ReadAction","target":["https:\/\/jagdverband.it\/it\/organi\/"]}]},{"@type":"BreadcrumbList","@id":"https:\/\/jagdverband.it\/it\/organi\/#breadcrumb","itemListElement":[{"@type":"ListItem","position":1,"name":"Home","item":"https:\/\/jagdverband.it\/it\/"},{"@type":"ListItem","position":2,"name":"Organi"}]},{"@type":"WebSite","@id":"https:\/\/jagdverband.it\/it\/#website","url":"https:\/\/jagdverband.it\/it\/","name":"S\u00fcdtiroler Jagdverband","description":"S\u00fcdtiroler Jagdverband","publisher":{"@id":"https:\/\/jagdverband.it\/it\/#organization"},"potentialAction":[{"@type":"SearchAction","target":{"@type":"EntryPoint","urlTemplate":"https:\/\/jagdverband.it\/it\/?s={search_term_string}"},"query-input":"required name=search_term_string"}],"inLanguage":"it-IT"},{"@type":"Organization","@id":"https:\/\/jagdverband.it\/it\/#organization","name":"S\u00fcdtiroler Jagdverband","url":"https:\/\/jagdverband.it\/it\/","sameAs":[],"logo":{"@type":"ImageObject","inLanguage":"it-IT","@id":"https:\/\/jagdverband.it\/it\/#\/schema\/logo\/image\/","url":"","contentUrl":"","caption":"S\u00fcdtiroler Jagdverband"},"image":{"@id":"https:\/\/jagdverband.it\/it\/#\/schema\/logo\/image\/"}}]}},"_links":{"self":[{"href":"https:\/\/jagdverband.it\/it\/wp-json\/wp\/v2\/pages\/55764"}],"collection":[{"href":"https:\/\/jagdverband.it\/it\/wp-json\/wp\/v2\/pages"}],"about":[{"href":"https:\/\/jagdverband.it\/it\/wp-json\/wp\/v2\/types\/page"}],"author":[{"embeddable":true,"href":"https:\/\/jagdverband.it\/it\/wp-json\/wp\/v2\/users\/3"}],"replies":[{"embeddable":true,"href":"https:\/\/jagdverband.it\/it\/wp-json\/wp\/v2\/comments?post=55764"}],"version-history":[{"count":0,"href":"https:\/\/jagdverband.it\/it\/wp-json\/wp\/v2\/pages\/55764\/revisions"}],"wp:attachment":[{"href":"https:\/\/jagdverband.it\/it\/wp-json\/wp\/v2\/media?parent=55764"}],"curies":[{"name":"wp","href":"https:\/\/api.w.org\/{rel}","templated":true}]}}