{"id":55429,"date":"2018-08-22T14:26:45","date_gmt":"2018-08-22T12:26:45","guid":{"rendered":"https:\/\/jagdverband.it\/wofuer-wir-stehen-copy\/"},"modified":"2020-02-12T14:17:53","modified_gmt":"2020-02-12T13:17:53","slug":"la-nostra-missione","status":"publish","type":"page","link":"https:\/\/jagdverband.it\/it\/la-nostra-missione\/","title":{"rendered":"La nostra missione"},"content":{"rendered":"<p>[et_pb_section fb_built=&#8221;1&#8243; fullwidth=&#8221;on&#8221; admin_label=&#8221;Call to Action&#8221; _builder_version=&#8221;3.25.2&#8243; custom_padding=&#8221;0|0px|0|0px|false|false&#8221; animation_direction=&#8221;bottom&#8221; locked=&#8221;off&#8221;][et_pb_fullwidth_header title=&#8221;La nostra missione&#8221; _builder_version=&#8221;3.27.3&#8243; title_level=&#8221;h2&#8243; title_font=&#8221;||||||||&#8221; title_text_align=&#8221;left&#8221; title_font_size=&#8221;40px&#8221; content_font=&#8221;||||||||&#8221; content_font_size=&#8221;20px&#8221; content_line_height=&#8221;1.8em&#8221; subhead_font=&#8221;||||||||&#8221; background_color=&#8221;rgba(255,255,255,0)&#8221; background_color_gradient_direction=&#8221;90deg&#8221; background_image=&#8221;https:\/\/jagdverband.it\/wp-content\/uploads\/2019\/08\/Jagd-ist-mehr-steinwildjagd.jpg&#8221; custom_button_one=&#8221;on&#8221; button_one_text_size=&#8221;18px&#8221; button_one_bg_color=&#8221;#02d002&#8243; button_one_border_width=&#8221;8px&#8221; button_one_border_color=&#8221;#02d002&#8243; button_one_border_radius=&#8221;0px&#8221; button_one_letter_spacing=&#8221;1px&#8221; button_one_font=&#8221;Lato|700|||||||&#8221; button_one_use_icon=&#8221;off&#8221; custom_button_two=&#8221;on&#8221; button_two_text_size=&#8221;18px&#8221; button_two_text_color=&#8221;#353740&#8243; button_two_bg_color=&#8221;#ffffff&#8221; button_two_border_width=&#8221;8px&#8221; button_two_border_color=&#8221;#ffffff&#8221; button_two_border_radius=&#8221;0px&#8221; button_two_letter_spacing=&#8221;1px&#8221; button_two_font=&#8221;Lato|700|||||||&#8221; button_two_use_icon=&#8221;off&#8221; custom_margin=&#8221;|||&#8221; custom_padding=&#8221;5%||5%|&#8221; hover_transition_duration=&#8221;0ms&#8221; hover_transition_speed_curve=&#8221;linear&#8221; title_font_size_tablet=&#8221;35px&#8221; title_font_size_phone=&#8221;30px&#8221; title_font_size_last_edited=&#8221;on|phone&#8221; button_one_letter_spacing_hover=&#8221;1px&#8221; button_two_letter_spacing_hover=&#8221;1px&#8221; button_one_text_size__hover_enabled=&#8221;off&#8221; button_two_text_size__hover_enabled=&#8221;off&#8221; button_one_text_color__hover_enabled=&#8221;off&#8221; button_two_text_color__hover_enabled=&#8221;off&#8221; button_one_border_width__hover_enabled=&#8221;off&#8221; button_two_border_width__hover_enabled=&#8221;off&#8221; button_one_border_color__hover_enabled=&#8221;off&#8221; button_two_border_color__hover_enabled=&#8221;off&#8221; button_one_border_radius__hover_enabled=&#8221;off&#8221; button_two_border_radius__hover_enabled=&#8221;off&#8221; button_one_letter_spacing__hover_enabled=&#8221;on&#8221; button_one_letter_spacing__hover=&#8221;1px&#8221; button_two_letter_spacing__hover_enabled=&#8221;on&#8221; button_two_letter_spacing__hover=&#8221;1px&#8221; button_one_bg_color__hover_enabled=&#8221;off&#8221; button_two_bg_color__hover_enabled=&#8221;off&#8221;][\/et_pb_fullwidth_header][\/et_pb_section][et_pb_section fb_built=&#8221;1&#8243; make_equal=&#8221;on&#8221; specialty=&#8221;on&#8221; _builder_version=&#8221;3.22.3&#8243; custom_padding=&#8221;1px|0px|0|0px|false|false&#8221;][et_pb_column type=&#8221;3_4&#8243; specialty_columns=&#8221;3&#8243; _builder_version=&#8221;3.25&#8243; custom_padding=&#8221;|||&#8221; parallax__hover=&#8221;off&#8221; parallax_method__hover=&#8221;on&#8221; custom_padding__hover=&#8221;|||&#8221;][et_pb_row_inner column_structure=&#8221;1_2,1_2&#8243; _builder_version=&#8221;3.25&#8243; custom_padding=&#8221;43px|0px|43px|0px|false|false&#8221;][et_pb_column_inner type=&#8221;1_2&#8243; saved_specialty_column_type=&#8221;3_4&#8243; _builder_version=&#8221;3.25&#8243; custom_padding=&#8221;|||&#8221; parallax__hover=&#8221;off&#8221; parallax_method__hover=&#8221;on&#8221; custom_padding__hover=&#8221;|||&#8221;][et_pb_text _builder_version=&#8221;3.27.4&#8243; custom_margin=&#8221;||-14px|||&#8221;]<\/p>\n<p>&#8220;L&#8217;Associazione Cacciatori Alto Adige amministra le riserve di diritto dell&#8217;Alto Adige. La conservazione dell\u2019insieme della fauna selvatica autoctona e il miglioramento dei suoi habitat hanno massima priorit\u00e0. Per alcune specie di selvaggina si tratta soprattutto di regolamentare l\u2019attivit\u00e0 venatoria e dell\u2019assunzione di responsabilit\u00e0 dei cacciatori verso la cultura rurale, per altre di proteggere la consistenza e la salute della popolazione selvatica.\u00a0<\/p>\n<p>Il nostro obiettivo \u00e8 quello di gestire la fauna selvatica cacciabile in modo sostenibile, nel senso di un uso rispettoso di una risorsa naturale rinnovabile.<\/p>\n<p>Rivolgiamo un&#8217;attenzione particolare anche alle specie di selvaggina protette tutto l&#8217;anno. Con questo vogliamo sottolineare il ruolo attivo dei cacciatori nella conservazione della natura.<\/p>\n<p>Una parte essenziale della caccia \u00e8 costituita anche dalla cultura e dalla tradizione venatoria. Per me si traduce in un chiaro impegno verso la conservazione di consuetudini venatorie sensate, vissute secondo il principio dell&#8217;apprendimento continuo e dello sviluppo personale.\u201d<\/p>\n<p><span><\/span><\/p>\n<p>[\/et_pb_text][\/et_pb_column_inner][et_pb_column_inner type=&#8221;1_2&#8243; saved_specialty_column_type=&#8221;3_4&#8243; _builder_version=&#8221;3.25&#8243; custom_padding=&#8221;|||&#8221; parallax__hover=&#8221;off&#8221; parallax_method__hover=&#8221;on&#8221; custom_padding__hover=&#8221;|||&#8221;][et_pb_testimonial author=&#8221;Presidente ACAA G\u00fcnther Rabensteiner&#8221; portrait_url=&#8221;https:\/\/jagdverband.it\/wp-content\/uploads\/2018\/09\/Rabensteiner-G\u00fcnther.jpg&#8221; quote_icon=&#8221;off&#8221; quote_icon_color=&#8221;#EE8102&#8243; portrait_width=&#8221;200px&#8221; portrait_height=&#8221;200px&#8221; _builder_version=&#8221;4.0.9&#8243; body_font=&#8221;||||||||&#8221; background_enable_color=&#8221;off&#8221; use_background_color=&#8221;off&#8221; text_orientation=&#8221;center&#8221; custom_padding=&#8221;14px|||||&#8221; hover_enabled=&#8221;0&#8243; border_radii_portrait=&#8221;on|200px|200px|200px|200px&#8221;][\/et_pb_testimonial][\/et_pb_column_inner][\/et_pb_row_inner][\/et_pb_column][et_pb_column type=&#8221;1_4&#8243; _builder_version=&#8221;3.25&#8243; custom_padding=&#8221;|||&#8221; parallax__hover=&#8221;off&#8221; parallax_method__hover=&#8221;on&#8221; custom_padding__hover=&#8221;|||&#8221;][et_pb_sidebar orientation=&#8221;right&#8221; disabled_on=&#8221;off|off|off&#8221; _builder_version=&#8221;3.27.3&#8243; hover_transition_duration=&#8221;0ms&#8221;][\/et_pb_sidebar][\/et_pb_column][\/et_pb_section]<\/p>\n","protected":false},"excerpt":{"rendered":"<p>&#8220;L&#8217;Associazione Cacciatori Alto Adige amministra le riserve di diritto dell&#8217;Alto Adige. La conservazione dell\u2019insieme della fauna selvatica autoctona e il miglioramento dei suoi habitat hanno massima priorit\u00e0. Per alcune specie [&hellip;]<\/p>\n","protected":false},"author":3,"featured_media":0,"parent":0,"menu_order":0,"comment_status":"open","ping_status":"open","template":"","meta":{"_et_pb_use_builder":"on","_et_pb_old_content":"<h2><b>Unser Auftrag\u2026. Werte und Anspruch <\/b><\/h2><p>\u00a0<\/p><p><b>Jagd ist Verantwortung und Erlebnis <\/b><\/p><p>Wir sch\u00fctzen und n\u00fctzen den Wildbestand \u2013 nachhaltig und mit Respekt<\/p><p>\u00a0<\/p><p>Der SJV verwaltet die S\u00fcdtiroler Jagdreviere kraft Gesetzes. Dabei stehen die Erhaltung der gesamten heimischen Wildtierfauna und die Verbesserung ihrer Lebensr\u00e4ume an erster Stelle. Bei einigen Wildarten geht es um deren Regulierung und um die Verantwortung der J\u00e4ger gegen\u00fcber der l\u00e4ndlichen Kultur, bei anderen um ihre Bestandessicherung und um die Gesundheit des Wildbestandes. Die jagdbaren Tiere schonend und nachhaltig im Sinne einer respektvollen Nutzung eines nachwachsenden Naturgutes zu bewirtschaften und zu erhalten, darin sehen wir unser Ziel.<\/p><p>Unser besonderes Augenmerk soll auch den ganzj\u00e4hrig geschonten Wildarten gelten. Damit wollen wir die Rolle der J\u00e4gerinnen und J\u00e4ger als aktive Mitgestalter der Natur unterstreichen.<\/p><p>\u00a0<\/p><p>Ein wesentlicher Bestandteil der Jagd ist auch die jagdliche Kultur und Tradition. F\u00fcr mich bedeuten sie ein eindeutiges Bekenntnis zum sinnvollen jagdlichen Brauchtum, gelebt nach dem dynamischen Prinzip des Lernens und des Sich-Entwickelns.<\/p><p>\u00a0<\/p><p>Ihr Landesj\u00e4germeister<\/p><p>Berthold Marx<\/p>","_et_gb_content_width":""},"ams_acf":[],"yoast_head":"<!-- This site is optimized with the Yoast SEO plugin v19.6 - https:\/\/yoast.com\/wordpress\/plugins\/seo\/ -->\n<title>La nostra missione - S\u00fcdtiroler Jagdverband<\/title>\n<meta name=\"robots\" content=\"index, follow, max-snippet:-1, max-image-preview:large, max-video-preview:-1\" \/>\n<link rel=\"canonical\" href=\"https:\/\/jagdverband.it\/it\/la-nostra-missione\/\" \/>\n<meta property=\"og:locale\" content=\"it_IT\" \/>\n<meta property=\"og:type\" content=\"article\" \/>\n<meta property=\"og:title\" content=\"La nostra missione - S\u00fcdtiroler Jagdverband\" \/>\n<meta property=\"og:description\" content=\"&quot;L&#039;Associazione Cacciatori Alto Adige amministra le riserve di diritto dell&#039;Alto Adige. La conservazione dell\u2019insieme della fauna selvatica autoctona e il miglioramento dei suoi habitat hanno massima priorit\u00e0. Per alcune specie [&hellip;]\" \/>\n<meta property=\"og:url\" content=\"https:\/\/jagdverband.it\/it\/la-nostra-missione\/\" \/>\n<meta property=\"og:site_name\" content=\"S\u00fcdtiroler Jagdverband\" \/>\n<meta property=\"article:modified_time\" content=\"2020-02-12T13:17:53+00:00\" \/>\n<meta name=\"twitter:card\" content=\"summary\" \/>\n<meta name=\"twitter:label1\" content=\"Tempo di lettura stimato\" \/>\n\t<meta name=\"twitter:data1\" content=\"4 minuti\" \/>\n<script type=\"application\/ld+json\" class=\"yoast-schema-graph\">{\"@context\":\"https:\/\/schema.org\",\"@graph\":[{\"@type\":\"WebPage\",\"@id\":\"https:\/\/jagdverband.it\/it\/la-nostra-missione\/\",\"url\":\"https:\/\/jagdverband.it\/it\/la-nostra-missione\/\",\"name\":\"La nostra missione - S\u00fcdtiroler Jagdverband\",\"isPartOf\":{\"@id\":\"https:\/\/jagdverband.it\/it\/#website\"},\"datePublished\":\"2018-08-22T12:26:45+00:00\",\"dateModified\":\"2020-02-12T13:17:53+00:00\",\"breadcrumb\":{\"@id\":\"https:\/\/jagdverband.it\/it\/la-nostra-missione\/#breadcrumb\"},\"inLanguage\":\"it-IT\",\"potentialAction\":[{\"@type\":\"ReadAction\",\"target\":[\"https:\/\/jagdverband.it\/it\/la-nostra-missione\/\"]}]},{\"@type\":\"BreadcrumbList\",\"@id\":\"https:\/\/jagdverband.it\/it\/la-nostra-missione\/#breadcrumb\",\"itemListElement\":[{\"@type\":\"ListItem\",\"position\":1,\"name\":\"Home\",\"item\":\"https:\/\/jagdverband.it\/it\/\"},{\"@type\":\"ListItem\",\"position\":2,\"name\":\"La nostra missione\"}]},{\"@type\":\"WebSite\",\"@id\":\"https:\/\/jagdverband.it\/it\/#website\",\"url\":\"https:\/\/jagdverband.it\/it\/\",\"name\":\"S\u00fcdtiroler Jagdverband\",\"description\":\"S\u00fcdtiroler Jagdverband\",\"publisher\":{\"@id\":\"https:\/\/jagdverband.it\/it\/#organization\"},\"potentialAction\":[{\"@type\":\"SearchAction\",\"target\":{\"@type\":\"EntryPoint\",\"urlTemplate\":\"https:\/\/jagdverband.it\/it\/?s={search_term_string}\"},\"query-input\":\"required name=search_term_string\"}],\"inLanguage\":\"it-IT\"},{\"@type\":\"Organization\",\"@id\":\"https:\/\/jagdverband.it\/it\/#organization\",\"name\":\"S\u00fcdtiroler Jagdverband\",\"url\":\"https:\/\/jagdverband.it\/it\/\",\"sameAs\":[],\"logo\":{\"@type\":\"ImageObject\",\"inLanguage\":\"it-IT\",\"@id\":\"https:\/\/jagdverband.it\/it\/#\/schema\/logo\/image\/\",\"url\":\"\",\"contentUrl\":\"\",\"caption\":\"S\u00fcdtiroler Jagdverband\"},\"image\":{\"@id\":\"https:\/\/jagdverband.it\/it\/#\/schema\/logo\/image\/\"}}]}<\/script>\n<!-- \/ Yoast SEO plugin. -->","yoast_head_json":{"title":"La nostra missione - S\u00fcdtiroler Jagdverband","robots":{"index":"index","follow":"follow","max-snippet":"max-snippet:-1","max-image-preview":"max-image-preview:large","max-video-preview":"max-video-preview:-1"},"canonical":"https:\/\/jagdverband.it\/it\/la-nostra-missione\/","og_locale":"it_IT","og_type":"article","og_title":"La nostra missione - S\u00fcdtiroler Jagdverband","og_description":"\"L'Associazione Cacciatori Alto Adige amministra le riserve di diritto dell'Alto Adige. La conservazione dell\u2019insieme della fauna selvatica autoctona e il miglioramento dei suoi habitat hanno massima priorit\u00e0. Per alcune specie [&hellip;]","og_url":"https:\/\/jagdverband.it\/it\/la-nostra-missione\/","og_site_name":"S\u00fcdtiroler Jagdverband","article_modified_time":"2020-02-12T13:17:53+00:00","twitter_card":"summary","twitter_misc":{"Tempo di lettura stimato":"4 minuti"},"schema":{"@context":"https:\/\/schema.org","@graph":[{"@type":"WebPage","@id":"https:\/\/jagdverband.it\/it\/la-nostra-missione\/","url":"https:\/\/jagdverband.it\/it\/la-nostra-missione\/","name":"La nostra missione - S\u00fcdtiroler Jagdverband","isPartOf":{"@id":"https:\/\/jagdverband.it\/it\/#website"},"datePublished":"2018-08-22T12:26:45+00:00","dateModified":"2020-02-12T13:17:53+00:00","breadcrumb":{"@id":"https:\/\/jagdverband.it\/it\/la-nostra-missione\/#breadcrumb"},"inLanguage":"it-IT","potentialAction":[{"@type":"ReadAction","target":["https:\/\/jagdverband.it\/it\/la-nostra-missione\/"]}]},{"@type":"BreadcrumbList","@id":"https:\/\/jagdverband.it\/it\/la-nostra-missione\/#breadcrumb","itemListElement":[{"@type":"ListItem","position":1,"name":"Home","item":"https:\/\/jagdverband.it\/it\/"},{"@type":"ListItem","position":2,"name":"La nostra missione"}]},{"@type":"WebSite","@id":"https:\/\/jagdverband.it\/it\/#website","url":"https:\/\/jagdverband.it\/it\/","name":"S\u00fcdtiroler Jagdverband","description":"S\u00fcdtiroler Jagdverband","publisher":{"@id":"https:\/\/jagdverband.it\/it\/#organization"},"potentialAction":[{"@type":"SearchAction","target":{"@type":"EntryPoint","urlTemplate":"https:\/\/jagdverband.it\/it\/?s={search_term_string}"},"query-input":"required name=search_term_string"}],"inLanguage":"it-IT"},{"@type":"Organization","@id":"https:\/\/jagdverband.it\/it\/#organization","name":"S\u00fcdtiroler Jagdverband","url":"https:\/\/jagdverband.it\/it\/","sameAs":[],"logo":{"@type":"ImageObject","inLanguage":"it-IT","@id":"https:\/\/jagdverband.it\/it\/#\/schema\/logo\/image\/","url":"","contentUrl":"","caption":"S\u00fcdtiroler Jagdverband"},"image":{"@id":"https:\/\/jagdverband.it\/it\/#\/schema\/logo\/image\/"}}]}},"_links":{"self":[{"href":"https:\/\/jagdverband.it\/it\/wp-json\/wp\/v2\/pages\/55429"}],"collection":[{"href":"https:\/\/jagdverband.it\/it\/wp-json\/wp\/v2\/pages"}],"about":[{"href":"https:\/\/jagdverband.it\/it\/wp-json\/wp\/v2\/types\/page"}],"author":[{"embeddable":true,"href":"https:\/\/jagdverband.it\/it\/wp-json\/wp\/v2\/users\/3"}],"replies":[{"embeddable":true,"href":"https:\/\/jagdverband.it\/it\/wp-json\/wp\/v2\/comments?post=55429"}],"version-history":[{"count":0,"href":"https:\/\/jagdverband.it\/it\/wp-json\/wp\/v2\/pages\/55429\/revisions"}],"wp:attachment":[{"href":"https:\/\/jagdverband.it\/it\/wp-json\/wp\/v2\/media?parent=55429"}],"curies":[{"name":"wp","href":"https:\/\/api.w.org\/{rel}","templated":true}]}}