{"id":55256,"date":"2019-11-06T16:04:25","date_gmt":"2019-11-06T15:04:25","guid":{"rendered":"https:\/\/jagdverband.it\/datenschutz-newsletter-copy\/"},"modified":"2020-01-20T16:12:41","modified_gmt":"2020-01-20T15:12:41","slug":"protezione-dati-newsletter","status":"publish","type":"page","link":"https:\/\/jagdverband.it\/it\/protezione-dati-newsletter\/","title":{"rendered":"Protezione dei dati &#8211; Newsletter"},"content":{"rendered":"<p>[et_pb_section fb_built=&#8221;1&#8243; fullwidth=&#8221;on&#8221; _builder_version=&#8221;3.22.3&#8243; custom_padding=&#8221;0px|0px|40px|0px|false|false&#8221;][et_pb_fullwidth_header title=&#8221;Protezione dei dati &#8211; Newsletter&#8221; _builder_version=&#8221;4.0.9&#8243; title_level=&#8221;h2&#8243; title_font=&#8221;||||||||&#8221; title_text_align=&#8221;left&#8221; title_font_size=&#8221;40px&#8221; content_font=&#8221;||||||||&#8221; content_font_size=&#8221;20px&#8221; content_line_height=&#8221;1.8em&#8221; subhead_font=&#8221;||||||||&#8221; background_color=&#8221;rgba(255,255,255,0)&#8221; background_color_gradient_direction=&#8221;90deg&#8221; background_image=&#8221;https:\/\/jagdverband.it\/wp-content\/uploads\/2018\/09\/GamsLandschaftMair.jpg&#8221; custom_button_one=&#8221;on&#8221; button_one_text_size=&#8221;18px&#8221; button_one_bg_color=&#8221;#02d002&#8243; button_one_border_width=&#8221;8px&#8221; button_one_border_color=&#8221;#02d002&#8243; button_one_border_radius=&#8221;0px&#8221; button_one_letter_spacing=&#8221;1px&#8221; button_one_font=&#8221;Lato|700|||||||&#8221; button_one_use_icon=&#8221;off&#8221; custom_button_two=&#8221;on&#8221; button_two_text_size=&#8221;18px&#8221; button_two_text_color=&#8221;#353740&#8243; button_two_bg_color=&#8221;#ffffff&#8221; button_two_border_width=&#8221;8px&#8221; button_two_border_color=&#8221;#ffffff&#8221; button_two_border_radius=&#8221;0px&#8221; button_two_letter_spacing=&#8221;1px&#8221; button_two_font=&#8221;Lato|700|||||||&#8221; button_two_use_icon=&#8221;off&#8221; custom_margin=&#8221;|||&#8221; custom_padding=&#8221;5%||5%|&#8221; hover_transition_duration=&#8221;0ms&#8221; hover_transition_speed_curve=&#8221;linear&#8221; title_font_size_tablet=&#8221;35px&#8221; title_font_size_phone=&#8221;30px&#8221; title_font_size_last_edited=&#8221;on|phone&#8221; button_one_letter_spacing_hover=&#8221;1px&#8221; button_two_letter_spacing_hover=&#8221;1px&#8221; button_one_text_size__hover_enabled=&#8221;off&#8221; button_two_text_size__hover_enabled=&#8221;off&#8221; button_one_text_color__hover_enabled=&#8221;off&#8221; button_two_text_color__hover_enabled=&#8221;off&#8221; button_one_border_width__hover_enabled=&#8221;off&#8221; button_two_border_width__hover_enabled=&#8221;off&#8221; button_one_border_color__hover_enabled=&#8221;off&#8221; button_two_border_color__hover_enabled=&#8221;off&#8221; button_one_border_radius__hover_enabled=&#8221;off&#8221; button_two_border_radius__hover_enabled=&#8221;off&#8221; button_one_letter_spacing__hover_enabled=&#8221;on&#8221; button_one_letter_spacing__hover=&#8221;1px&#8221; button_two_letter_spacing__hover_enabled=&#8221;on&#8221; button_two_letter_spacing__hover=&#8221;1px&#8221; button_one_bg_color__hover_enabled=&#8221;off&#8221; button_two_bg_color__hover_enabled=&#8221;off&#8221;][\/et_pb_fullwidth_header][\/et_pb_section][et_pb_section fb_built=&#8221;1&#8243; specialty=&#8221;on&#8221; _builder_version=&#8221;3.22.3&#8243; custom_padding=&#8221;1px|0px|3px|0px|false|false&#8221;][et_pb_column type=&#8221;3_4&#8243; specialty_columns=&#8221;3&#8243; _builder_version=&#8221;3.25&#8243; custom_padding=&#8221;|||&#8221; parallax__hover=&#8221;off&#8221; parallax_method__hover=&#8221;on&#8221; custom_padding__hover=&#8221;|||&#8221;][et_pb_row_inner _builder_version=&#8221;4.0.9&#8243; custom_padding=&#8221;1px|0px|42.2188px|0px|false|false&#8221;][et_pb_column_inner saved_specialty_column_type=&#8221;3_4&#8243; _builder_version=&#8221;3.25&#8243; custom_padding=&#8221;|||&#8221; parallax__hover=&#8221;off&#8221; parallax_method__hover=&#8221;on&#8221; custom_padding__hover=&#8221;|||&#8221;][et_pb_text _builder_version=&#8221;4.0.9&#8243; custom_margin=&#8221;||-20px&#8221; custom_padding=&#8221;||2px|||&#8221;]<\/p>\n<h1>Newsletter &#8211; Informativa sulla privacy<\/h1>\n<p>&nbsp;<\/p>\n<p>[\/et_pb_text][et_pb_text admin_label=&#8221;Title&#8221; _builder_version=&#8221;4.0.9&#8243; text_font=&#8221;||||||||&#8221; header_font=&#8221;||||||||&#8221; header_2_font=&#8221;Lato||||||||&#8221; header_2_font_size=&#8221;36px&#8221; header_2_line_height=&#8221;1.5em&#8221; module_alignment=&#8221;center&#8221; custom_margin=&#8221;16px||15px|||&#8221; custom_padding=&#8221;|||&#8221; animation_direction=&#8221;left&#8221; hover_enabled=&#8221;0&#8243;]<\/p>\n<p><strong>Gentile utente,<\/strong><\/p>\n<p>ai sensi del Regolamento UE n. 679\/2016 &#8220;Regolamento di base sulla protezione dei dati&#8221; (&#8220;RGPD&#8221;), il trattamento dei dati personali nella raccolta, elaborazione e utilizzo \u00e8 soggetto ai principi di correttezza, liceit\u00e0, trasparenza e tutela della riservatezza e dei diritti degli interessati.<\/p>\n<p>In conformit\u00e0 con il RGPD\u00a0si applicano i seguenti principi di elaborazione dei dati:<br \/> &#8211; i dati personali forniti dall&#8217;interessato saranno utilizzati per l&#8217;iscrizione alla newsletter;<br \/> &#8211; la comunicazione di alcuni dati personali \u00e8 obbligatoria. I dati personali che devono essere forniti dall&#8217;interessato sono contrassegnati da un asterisco. Il conferimento di dati inesatti o incompleti, nonch\u00e9 l&#8217;eventuale rifiuto totale o parziale di fornire i dati, pu\u00f2 comportare l&#8217;impossibilit\u00e0 di adempiere alla richiesta;<br \/> &#8211; idati personali saranno trattati internamente da personale autorizzato con sistemi elettronici o su supporto cartaceo. I dati personali saranno conservati in archivi interni digitali e cartacei e comunque sul territorio italiano;<br \/> &#8211; i dati personali forniti saranno trasferiti, se necessario, a terzi esclusivamente per le finalit\u00e0 sopra descritte. In caso contrario, i dati saranno comunicati solo su espressa richiesta o con il preventivo consenso dell&#8217;interessato;<br \/> &#8211; i dati personali saranno comunicati ad organismi pubblici (quali polizia, enti pubblici, istituti o autorit\u00e0 giudiziarie) solo nei casi previsti dalla legge e solo se necessario e giustificato;<br \/> &#8211; i dati personali saranno trattati per il periodo di tempo necessario alla fornitura dei servizi offerti e successivamente per la durata prevista dalla legge. L&#8217;utente ha inoltre il diritto di annullare l&#8217;iscrizione alla newsletter in qualsiasi momento.<\/p>\n<p>Il responsabile del trattamento dei dati personali \u00e8: Associazione Cacciatori Alto Adige, con sede in Via Macello 57 C, 39100 Bolzano, Alto Adige &#8211; Italia, tel. +39 0471 061700, e-mail: <a href=\"mailto:info@jagdverband.it\">info@jagdverband.it.<\/a><br \/> Secondo il capitolo III del DSGVO, l&#8217;interessato pu\u00f2 esercitare i seguenti diritti: Accesso ai dati, rettifica dei dati, ritiro del consenso, cancellazione dei dati (&#8220;diritto all&#8217;oblio&#8221;), limitazione del trattamento dei dati, opposizione al trattamento dei dati per motivi legittimi, trasferibilit\u00e0 dei dati, presentazione di un reclamo all&#8217;autorit\u00e0 di controllo (Autorit\u00e0 per la protezione dei dati).<\/p>\n<p>La versione completa dell&#8217;informativa sulla privacy si trova<a href=\"https:\/\/jagdverband.it\/it\/impressum-privacy-cookies\/\"> qui<\/a>.<\/p>\n<p>[\/et_pb_text][\/et_pb_column_inner][\/et_pb_row_inner][\/et_pb_column][et_pb_column type=&#8221;1_4&#8243; _builder_version=&#8221;3.25&#8243; custom_padding=&#8221;|||&#8221; parallax__hover=&#8221;off&#8221; parallax_method__hover=&#8221;on&#8221; custom_padding__hover=&#8221;|||&#8221;][et_pb_sidebar orientation=&#8221;right&#8221; disabled_on=&#8221;off|off|off&#8221; _builder_version=&#8221;3.27.3&#8243;][\/et_pb_sidebar][\/et_pb_column][\/et_pb_section]<\/p>\n","protected":false},"excerpt":{"rendered":"<p>Newsletter &#8211; Informativa sulla privacy &nbsp;Gentile utente, ai sensi del Regolamento UE n. 679\/2016 &#8220;Regolamento di base sulla protezione dei dati&#8221; (&#8220;RGPD&#8221;), il trattamento dei dati personali nella raccolta, elaborazione [&hellip;]<\/p>\n","protected":false},"author":1,"featured_media":0,"parent":0,"menu_order":0,"comment_status":"closed","ping_status":"closed","template":"","meta":{"_et_pb_use_builder":"on","_et_pb_old_content":"","_et_gb_content_width":""},"ams_acf":[],"yoast_head":"<!-- This site is optimized with the Yoast SEO plugin v19.6 - https:\/\/yoast.com\/wordpress\/plugins\/seo\/ -->\n<title>Protezione dei dati - Newsletter - S\u00fcdtiroler Jagdverband<\/title>\n<meta name=\"robots\" content=\"index, follow, max-snippet:-1, max-image-preview:large, max-video-preview:-1\" \/>\n<link rel=\"canonical\" href=\"https:\/\/jagdverband.it\/it\/protezione-dati-newsletter\/\" \/>\n<meta property=\"og:locale\" content=\"it_IT\" \/>\n<meta property=\"og:type\" content=\"article\" \/>\n<meta property=\"og:title\" content=\"Protezione dei dati - Newsletter - S\u00fcdtiroler Jagdverband\" \/>\n<meta property=\"og:description\" content=\"Newsletter - Informativa sulla privacy &nbsp;Gentile utente, ai sensi del Regolamento UE n. 679\/2016 &quot;Regolamento di base sulla protezione dei dati&quot; (&quot;RGPD&quot;), il trattamento dei dati personali nella raccolta, elaborazione [&hellip;]\" \/>\n<meta property=\"og:url\" content=\"https:\/\/jagdverband.it\/it\/protezione-dati-newsletter\/\" \/>\n<meta property=\"og:site_name\" content=\"S\u00fcdtiroler Jagdverband\" \/>\n<meta property=\"article:modified_time\" content=\"2020-01-20T15:12:41+00:00\" \/>\n<meta name=\"twitter:card\" content=\"summary\" \/>\n<meta name=\"twitter:label1\" content=\"Tempo di lettura stimato\" \/>\n\t<meta name=\"twitter:data1\" content=\"4 minuti\" \/>\n<script type=\"application\/ld+json\" class=\"yoast-schema-graph\">{\"@context\":\"https:\/\/schema.org\",\"@graph\":[{\"@type\":\"WebPage\",\"@id\":\"https:\/\/jagdverband.it\/it\/protezione-dati-newsletter\/\",\"url\":\"https:\/\/jagdverband.it\/it\/protezione-dati-newsletter\/\",\"name\":\"Protezione dei dati - Newsletter - S\u00fcdtiroler Jagdverband\",\"isPartOf\":{\"@id\":\"https:\/\/jagdverband.it\/it\/#website\"},\"datePublished\":\"2019-11-06T15:04:25+00:00\",\"dateModified\":\"2020-01-20T15:12:41+00:00\",\"breadcrumb\":{\"@id\":\"https:\/\/jagdverband.it\/it\/protezione-dati-newsletter\/#breadcrumb\"},\"inLanguage\":\"it-IT\",\"potentialAction\":[{\"@type\":\"ReadAction\",\"target\":[\"https:\/\/jagdverband.it\/it\/protezione-dati-newsletter\/\"]}]},{\"@type\":\"BreadcrumbList\",\"@id\":\"https:\/\/jagdverband.it\/it\/protezione-dati-newsletter\/#breadcrumb\",\"itemListElement\":[{\"@type\":\"ListItem\",\"position\":1,\"name\":\"Home\",\"item\":\"https:\/\/jagdverband.it\/it\/\"},{\"@type\":\"ListItem\",\"position\":2,\"name\":\"Protezione dei dati &#8211; Newsletter\"}]},{\"@type\":\"WebSite\",\"@id\":\"https:\/\/jagdverband.it\/it\/#website\",\"url\":\"https:\/\/jagdverband.it\/it\/\",\"name\":\"S\u00fcdtiroler Jagdverband\",\"description\":\"S\u00fcdtiroler Jagdverband\",\"publisher\":{\"@id\":\"https:\/\/jagdverband.it\/it\/#organization\"},\"potentialAction\":[{\"@type\":\"SearchAction\",\"target\":{\"@type\":\"EntryPoint\",\"urlTemplate\":\"https:\/\/jagdverband.it\/it\/?s={search_term_string}\"},\"query-input\":\"required name=search_term_string\"}],\"inLanguage\":\"it-IT\"},{\"@type\":\"Organization\",\"@id\":\"https:\/\/jagdverband.it\/it\/#organization\",\"name\":\"S\u00fcdtiroler Jagdverband\",\"url\":\"https:\/\/jagdverband.it\/it\/\",\"sameAs\":[],\"logo\":{\"@type\":\"ImageObject\",\"inLanguage\":\"it-IT\",\"@id\":\"https:\/\/jagdverband.it\/it\/#\/schema\/logo\/image\/\",\"url\":\"\",\"contentUrl\":\"\",\"caption\":\"S\u00fcdtiroler Jagdverband\"},\"image\":{\"@id\":\"https:\/\/jagdverband.it\/it\/#\/schema\/logo\/image\/\"}}]}<\/script>\n<!-- \/ Yoast SEO plugin. -->","yoast_head_json":{"title":"Protezione dei dati - Newsletter - S\u00fcdtiroler Jagdverband","robots":{"index":"index","follow":"follow","max-snippet":"max-snippet:-1","max-image-preview":"max-image-preview:large","max-video-preview":"max-video-preview:-1"},"canonical":"https:\/\/jagdverband.it\/it\/protezione-dati-newsletter\/","og_locale":"it_IT","og_type":"article","og_title":"Protezione dei dati - Newsletter - S\u00fcdtiroler Jagdverband","og_description":"Newsletter - Informativa sulla privacy &nbsp;Gentile utente, ai sensi del Regolamento UE n. 679\/2016 \"Regolamento di base sulla protezione dei dati\" (\"RGPD\"), il trattamento dei dati personali nella raccolta, elaborazione [&hellip;]","og_url":"https:\/\/jagdverband.it\/it\/protezione-dati-newsletter\/","og_site_name":"S\u00fcdtiroler Jagdverband","article_modified_time":"2020-01-20T15:12:41+00:00","twitter_card":"summary","twitter_misc":{"Tempo di lettura stimato":"4 minuti"},"schema":{"@context":"https:\/\/schema.org","@graph":[{"@type":"WebPage","@id":"https:\/\/jagdverband.it\/it\/protezione-dati-newsletter\/","url":"https:\/\/jagdverband.it\/it\/protezione-dati-newsletter\/","name":"Protezione dei dati - Newsletter - S\u00fcdtiroler Jagdverband","isPartOf":{"@id":"https:\/\/jagdverband.it\/it\/#website"},"datePublished":"2019-11-06T15:04:25+00:00","dateModified":"2020-01-20T15:12:41+00:00","breadcrumb":{"@id":"https:\/\/jagdverband.it\/it\/protezione-dati-newsletter\/#breadcrumb"},"inLanguage":"it-IT","potentialAction":[{"@type":"ReadAction","target":["https:\/\/jagdverband.it\/it\/protezione-dati-newsletter\/"]}]},{"@type":"BreadcrumbList","@id":"https:\/\/jagdverband.it\/it\/protezione-dati-newsletter\/#breadcrumb","itemListElement":[{"@type":"ListItem","position":1,"name":"Home","item":"https:\/\/jagdverband.it\/it\/"},{"@type":"ListItem","position":2,"name":"Protezione dei dati &#8211; Newsletter"}]},{"@type":"WebSite","@id":"https:\/\/jagdverband.it\/it\/#website","url":"https:\/\/jagdverband.it\/it\/","name":"S\u00fcdtiroler Jagdverband","description":"S\u00fcdtiroler Jagdverband","publisher":{"@id":"https:\/\/jagdverband.it\/it\/#organization"},"potentialAction":[{"@type":"SearchAction","target":{"@type":"EntryPoint","urlTemplate":"https:\/\/jagdverband.it\/it\/?s={search_term_string}"},"query-input":"required name=search_term_string"}],"inLanguage":"it-IT"},{"@type":"Organization","@id":"https:\/\/jagdverband.it\/it\/#organization","name":"S\u00fcdtiroler Jagdverband","url":"https:\/\/jagdverband.it\/it\/","sameAs":[],"logo":{"@type":"ImageObject","inLanguage":"it-IT","@id":"https:\/\/jagdverband.it\/it\/#\/schema\/logo\/image\/","url":"","contentUrl":"","caption":"S\u00fcdtiroler Jagdverband"},"image":{"@id":"https:\/\/jagdverband.it\/it\/#\/schema\/logo\/image\/"}}]}},"_links":{"self":[{"href":"https:\/\/jagdverband.it\/it\/wp-json\/wp\/v2\/pages\/55256"}],"collection":[{"href":"https:\/\/jagdverband.it\/it\/wp-json\/wp\/v2\/pages"}],"about":[{"href":"https:\/\/jagdverband.it\/it\/wp-json\/wp\/v2\/types\/page"}],"author":[{"embeddable":true,"href":"https:\/\/jagdverband.it\/it\/wp-json\/wp\/v2\/users\/1"}],"replies":[{"embeddable":true,"href":"https:\/\/jagdverband.it\/it\/wp-json\/wp\/v2\/comments?post=55256"}],"version-history":[{"count":0,"href":"https:\/\/jagdverband.it\/it\/wp-json\/wp\/v2\/pages\/55256\/revisions"}],"wp:attachment":[{"href":"https:\/\/jagdverband.it\/it\/wp-json\/wp\/v2\/media?parent=55256"}],"curies":[{"name":"wp","href":"https:\/\/api.w.org\/{rel}","templated":true}]}}